{"id":1214,"date":"2018-02-06T09:20:59","date_gmt":"2018-02-06T08:20:59","guid":{"rendered":"http:\/\/www.mskosticka.cz\/?page_id=1214"},"modified":"2024-04-25T15:10:38","modified_gmt":"2024-04-25T13:10:38","slug":"projekty-eu","status":"publish","type":"page","link":"https:\/\/mskosticka.cz\/skritci\/projekty-eu\/","title":{"rendered":"Projekty EU"},"content":{"rendered":"<p><img loading=\"lazy\" decoding=\"async\" class=\"alignright size-full wp-image-1507\" src=\"\/skritci\/wp-content\/uploads\/sites\/2\/2018\/02\/A.png\" alt=\"\" width=\"100\" height=\"100\" \/><img loading=\"lazy\" decoding=\"async\" class=\"alignright size-full wp-image-1508\" src=\"\/skritci\/wp-content\/uploads\/sites\/2\/2018\/02\/B.png\" alt=\"\" width=\"120\" height=\"120\" \/><br \/>\n<img loading=\"lazy\" decoding=\"async\" class=\" wp-image-20911 alignright\" src=\"http:\/\/www.mskosticka.cz\/skritci\/wp-content\/uploads\/sites\/2\/2022\/03\/image001.jpg\" alt=\"\" width=\"248\" height=\"60\" \/><img loading=\"lazy\" decoding=\"async\" class=\"alignright size-full wp-image-1509\" src=\"\/skritci\/wp-content\/uploads\/sites\/2\/2018\/02\/C.png\" alt=\"\" width=\"250\" height=\"45\" \/><img loading=\"lazy\" decoding=\"async\" class=\"alignnone size-full wp-image-13975\" src=\"http:\/\/www.mskosticka.cz\/skritci\/wp-content\/uploads\/sites\/2\/2019\/03\/strom.png\" alt=\"\" width=\"138\" height=\"195\" \/><\/p>\n<p>_________________________________________________________________________<\/p>\n<p><a href=\"http:\/\/www.mskosticka.cz\/skritci\/wp-content\/uploads\/sites\/2\/2024\/04\/A3-plakat-publicita.pdf\">Projekt &#8211; OP JAK &#8211; \u0160ablony<\/a><br \/>\n_________________________________________________________________________<\/p>\n<p>_________________________________________________________________________<\/p>\n<p><a href=\"http:\/\/www.mskosticka.cz\/skritci\/aktuality\/sablony_iii\/publicita-plakat\/\">Projekt &#8211; \u0160ablony III<\/a><br \/>\n_________________________________________________________________________<\/p>\n<p>_________________________________________________________________________<\/p>\n<p><a href=\"http:\/\/www.mskosticka.cz\/skritci\/projekty-eu\/bez-proudu\/\">Projekt &#8211; \u0160et\u0159en\u00ed energi\u00ed<\/a><\/p>\n<p>_________________________________________________________________________<\/p>\n<p>_________________________________________________________________________<\/p>\n<p>Projekt &#8211; Erasmus KA2<br \/>\n_________________________________________________________________________<\/p>\n<p>&nbsp;<\/p>\n<hr \/>\n<h2>Na\u0161e druh\u00e9 spole\u010dn\u00e9 setk\u00e1n\u00ed projektu Erasmus KA2,<\/h2>\n<p><em>Plant \u00a0a tree, plant your future &#8211; Zasa\u010f strom, zasa\u010f svoji budoucnost,<\/em><\/p>\n<p style=\"text-align: justify\"><img loading=\"lazy\" decoding=\"async\" class=\" wp-image-13976 alignleft\" src=\"http:\/\/www.mskosticka.cz\/skritci\/wp-content\/uploads\/sites\/2\/2019\/03\/1-300x200.png\" alt=\"\" width=\"315\" height=\"210\" \/>prob\u011bhlo v Polsku ve m\u011bst\u011b Bydgoszcz. Projekt, do kter\u00e9ho jsou zapojeny t\u0159i st\u00e1ty EU &#8211; \u010cesk\u00e1 republika, Slovensko a Polsko, je pln\u00fd nov\u00fdch zku\u0161enost\u00ed a informac\u00ed, a to nejen v\u00a0oblasti environment\u00e1ln\u00ed v\u00fdchovy.<\/p>\n<p style=\"text-align: justify\">Prvn\u00ed den jsme si prohl\u00e9dli m\u011bsto a jeho pam\u00e1tky a sezn\u00e1mili se s\u00a0programem na cel\u00fd t\u00fdden. B\u011bhem t\u00fddne jsme m\u011bli mo\u017enost nav\u0161t\u00edvit Museum m\u00fddla a \u0161p\u00edny, Eko zahradu s\u00a0tvo\u0159ivou d\u00edlnou a prohl\u00e9dli jsme si partnerskou mate\u0159skou \u0161kolu. Nav\u0161t\u00edvili jsme m\u011bste\u010dko Ciechocinek s\u00a0unik\u00e1tn\u00edmi soln\u00fdmi l\u00e1zn\u011bmi, historick\u00e9 m\u011bsto Toru\u0148, kter\u00e9 je zn\u00e1m\u00e9 jako rodi\u0161t\u011b Mikol\u00e1\u0161e Kopernika, a tak\u00e9 m\u011bsto pern\u00edku. Ochutnali jsme i polsk\u00e9 speciality.<\/p>\n<p><img loading=\"lazy\" decoding=\"async\" class=\"alignright size-medium wp-image-13977\" style=\"text-align: justify\" src=\"http:\/\/www.mskosticka.cz\/skritci\/wp-content\/uploads\/sites\/2\/2019\/03\/2-300x225.png\" alt=\"\" width=\"300\" height=\"225\" \/><\/p>\n<p style=\"text-align: justify\">To v\u0161e n\u00e1m pomohlo p\u0159ibl\u00ed\u017eit kulturu, zvyky a tradice t\u00e9to zem\u011b. Polsk\u00e9 kolegyn\u011b n\u00e1m s\u00a0ochotou p\u0159edvedli postupy a metodiky pou\u017e\u00edvan\u00e9 v\u00a0jejich ka\u017edodenn\u00ed pr\u00e1ci. Byla to pro n\u00e1s velk\u00e1 inspirace a na\u010derp\u00e1n\u00ed mnoha nov\u00fdch zku\u0161enost\u00ed.<\/p>\n<p style=\"text-align: justify\">Sou\u010d\u00e1st\u00ed tohoto projektu byla tak\u00e9 prezentace zadan\u00fdch \u00fakol\u016f, kter\u00e9 jsme plnili spole\u010dn\u011b s\u00a0d\u011btmi: s\u00e1zen\u00ed, separace &#8211; recyklace a ochrana \u017eivotn\u00edho prost\u0159ed\u00ed (fauna a flora). A v\u00a0neposledn\u00ed \u0159ad\u011b pl\u00e1nov\u00e1n\u00ed dal\u0161\u00edch spole\u010dn\u00fdch \u00fakol\u016f a p\u0159\u00edpravy na na\u0161e posledn\u00ed setk\u00e1n\u00ed.<\/p>\n<p style=\"text-align: justify\">Koncem t\u00fddne prob\u011bhla na zahrad\u011b \u00a0m\u00edstn\u00ed mate\u0159sk\u00e9 \u0161koly Podzimn\u00ed slavnost, kter\u00e9 se z\u00fa\u010dastnili v\u0161ichni \u010dlenov\u00e9 projektu. M\u011bli jsme mo\u017enost prezentovat na\u0161\u00ed zemi, m\u011bsto a mate\u0159skou \u0161kolu v\u0161em p\u0159\u00edtomn\u00fdm d\u011btem, rodi\u010d\u016fm i pedagog\u016fm.<\/p>\n<p><img loading=\"lazy\" decoding=\"async\" class=\"alignright size-medium wp-image-13979\" style=\"text-align: justify\" src=\"http:\/\/www.mskosticka.cz\/skritci\/wp-content\/uploads\/sites\/2\/2019\/03\/3-1-300x167.png\" alt=\"\" width=\"300\" height=\"167\" \/><\/p>\n<p style=\"text-align: justify\">Sou\u010d\u00e1st\u00ed t\u00e9to slavnosti bylo i s\u00e1zen\u00ed strom\u016f na zahrad\u011b M\u0160.\u00a0Ve stejn\u00fd den tak\u00e9 o projektu promluvili z\u00e1stupci jednotliv\u00fdch zem\u00ed, a to v\u00a0region\u00e1ln\u00ed televizi. Rozlou\u010den\u00ed a zakon\u010den\u00ed tohoto kr\u00e1sn\u00e9ho t\u00fddne prob\u011bhlo na p\u016fd\u011b mate\u0159sk\u00e9 \u0161koly, p\u0159ed\u00e1n\u00edm certifik\u00e1t\u016f.<\/p>\n<p style=\"text-align: justify\">T\u00edm ale projekt nekon\u010d\u00ed. V\u00a0kv\u011btnu 2019 prob\u011bhne spole\u010dn\u00e9 t\u00fddenn\u00ed setk\u00e1n\u00ed u n\u00e1s v\u00a0Milovic\u00edch v\u00a0M\u0160 Kosti\u010dka. M\u00e1me se tedy na co t\u011b\u0161it.<\/p>\n<p><span style=\"font-weight: bold\">Za M\u0160 Kosti\u010dka projektov\u00fd t\u00fdm:<\/span><br \/>\nLenka Gramerov\u00e1<br \/>\nStanislava Heuslerov\u00e1<br \/>\nJana K\u0159i\u0161\u0165anov\u00e1<\/p>\n<hr align=\"center\" noshade=\"noshade\" size=\"5\" width=\"600\" \/>\n<p>&nbsp;<\/p>\n<h2>Prvn\u00ed spole\u010dn\u00e9 setk\u00e1n\u00ed projektu Erasmus KA2,<\/h2>\n<p><span style=\"font-style: italic\">Plant a tree, plant your future &#8211; Zasa\u010f strom, zasa\u010f svoji budoucnost,<\/span><\/p>\n<p style=\"text-align: justify\"><img loading=\"lazy\" decoding=\"async\" class=\"alignleft size-medium wp-image-1480\" src=\"\/skritci\/wp-content\/uploads\/sites\/2\/2018\/02\/1-300x211.png\" alt=\"\" width=\"300\" height=\"211\" \/>prob\u011bhlo na Slovensku ve m\u011bst\u011b Torna\u013ea. Projekt, do kter\u00e9ho jsou zapojeny t\u0159i st\u00e1ty EU &#8211; \u010cesk\u00e1 republika, Slovensko a Polsko, je pro n\u00e1s p\u0159\u00ednosem nov\u00fdch zku\u0161enost\u00ed a informac\u00ed a to nejen v oblasti environment\u00e1ln\u00ed v\u00fdchovy. Prvn\u00ed den do\u0161lo ke spole\u010dn\u00e9mu setk\u00e1n\u00ed pan\u00ed u\u010ditelek a p\u0159iv\u00edt\u00e1n\u00ed v\u0161ech \u00fa\u010dastn\u00edk\u016f na radnici m\u011bsta Torna\u013ea. P\u0159iv\u00edtala n\u00e1s prim\u00e1torka se sv\u00fdm t\u00fdmem a z\u00e1rove\u0148 prob\u011bhla diskuze o na\u0161em projektu.<\/p>\n<p style=\"text-align: justify\">B\u011bhem t\u00fddne jsme m\u011bli mo\u017enost nav\u0161t\u00edvit stacion\u00e1\u0159 pro seniory, z\u00e1kladn\u00ed \u0161koly slovensk\u00e9 ale i ma\u010farsk\u00e9, p\u0159\u00edpravn\u00e9 t\u0159\u00eddy a hlavn\u011b mate\u0159sk\u00e9 \u0161koly. Nechyb\u011bla ani prohl\u00eddka m\u00edstn\u00edch pam\u00e1tek, m\u011bsta Ko\u0161ice, Ro\u017e\u0148avy ale i ochutn\u00e1vka slovensk\u00fdch specialit. Slovensk\u00e9 kolegyn\u011b n\u00e1m s ochotou p\u0159edvedly jejich postupy a metody pr\u00e1ce s p\u0159ed\u0161koln\u00edmi d\u011btmi. To v\u0161e n\u00e1m pomohlo p\u0159ibl\u00ed\u017eit kulturu, zvyky a tradice t\u00e9to zem\u011b a bylo pro n\u00e1s velkou inspirac\u00ed s na\u010derp\u00e1n\u00edm mnoha nov\u00fdch zku\u0161enost\u00ed.<img loading=\"lazy\" decoding=\"async\" class=\"alignright size-medium wp-image-1483\" src=\"\/skritci\/wp-content\/uploads\/sites\/2\/2018\/02\/2-300x200.png\" alt=\"\" width=\"300\" height=\"200\" \/><\/p>\n<p style=\"text-align: justify\">Sou\u010d\u00e1st\u00ed projektu bylo i p\u0159edstaven\u00ed zem\u00ed, m\u011bst a mate\u0159sk\u00fdch \u0161kol z\u00fa\u010dastn\u011bn\u00fdch st\u00e1t\u016f formou prezentac\u00ed a n\u00e1sledn\u00e9 diskuze. Vyb\u00edrali jsme z p\u0159edlo\u017een\u00fdch n\u00e1vrh\u016f spole\u010dn\u00e9ho logo a pl\u00e1novali \u010dasov\u00e9 rozvr\u017een\u00ed aktivit dvoulet\u00e9ho projektu. T\u011bmito aktivitami se rozum\u00ed mimo jin\u00e9 s\u00e1zen\u00ed, separace a recyklace, zu\u017eitkov\u00e1n\u00ed recyklovan\u00e9ho odpadu, ochrana \u017eivotn\u00edho prost\u0159ed\u00ed \u2013 flora a fauna, v\u00fdstavy d\u011btsk\u00fdch prac\u00ed. V\u0161echny tyto aktivity budou absolvov\u00e1ny samoz\u0159ejm\u011b s d\u011btmi v mate\u0159sk\u00fdch \u0161kol\u00e1ch.<\/p>\n<p style=\"text-align: justify\"><img loading=\"lazy\" decoding=\"async\" class=\"alignleft size-medium wp-image-1485\" src=\"\/skritci\/wp-content\/uploads\/sites\/2\/2018\/02\/3-300x280.png\" alt=\"\" width=\"300\" height=\"280\" \/>Zakon\u010den\u00ed prvn\u00edho mezin\u00e1rodn\u00edho meetingu prob\u011bhlo v m\u00edstn\u00ed mate\u0159sk\u00e9 \u0161kole formou setk\u00e1n\u00ed v\u0161ech \u00fa\u010dastn\u00edk\u016f, rodi\u010d\u016f a pedagog\u016f. P\u0159\u00edtomna byla i region\u00e1ln\u00ed televize. M\u011bli jsme mo\u017enost shl\u00e9dnout vynikaj\u00edc\u00ed vystoupen\u00ed d\u011bt\u00ed v tradi\u010dn\u00edch kroj\u00edch, vystoupen\u00ed \u017e\u00e1k\u016f um\u011bleck\u00e9 \u0161koly a slavnostn\u00ed p\u0159ed\u00e1n\u00ed certifik\u00e1t\u016f jednotliv\u00fdm \u00fa\u010dastn\u00edk\u016fm se z\u00e1v\u011bre\u010dn\u00fdm hodnocen\u00edm cel\u00e9 akce. Dal\u0161\u00ed spole\u010dn\u00e9 setk\u00e1n\u00ed n\u00e1s \u010dek\u00e1 v \u0159\u00edjnu 2018, kdy nav\u0161t\u00edv\u00edme Polsko, konkr\u00e9tn\u011b m\u011bsto Bydgoszcz a vybranou mate\u0159skou \u0161kolu. V kv\u011btnu 2019 prob\u011bhne spole\u010dn\u00e9 t\u00fddenn\u00ed setk\u00e1n\u00ed u n\u00e1s v Milovic\u00edch v M\u0160 Kosti\u010dka. M\u00e1me se tedy na co t\u011b\u0161it \u263a<\/p>\n<p><span style=\"font-weight: bold\">Za M\u0160 Kosti\u010dka projektov\u00fd t\u00fdm:<\/span><br \/>\nLenka Gramerov\u00e1<br \/>\nStanislava Heuslerov\u00e1<br \/>\nJana K\u0159i\u0161\u0165anov\u00e1<\/p>\n<hr align=\"center\" noshade=\"noshade\" size=\"5\" width=\"600\" \/>\n<p>&nbsp;<\/p>\n<h2 style=\"line-height: 26.399999618530273px\">Zasa\u010f strom, zasa\u010f svoji budoucnost<\/h2>\n<h2 style=\"line-height: 26.399999618530273px\">\u2026aneb nov\u00fd mezin\u00e1rodn\u00ed\u00a0 projekt, kter\u00e9ho se bude M\u0160 Kosti\u010dka \u00fa\u010dastnit.<\/h2>\n<p><img loading=\"lazy\" decoding=\"async\" class=\"alignleft size-medium wp-image-1223\" src=\"\/skritci\/wp-content\/uploads\/sites\/2\/2018\/02\/erasmu-300x152.png\" alt=\"\" width=\"200\" height=\"152\" \/><\/p>\n<p style=\"text-align: justify\">Na\u0161e mate\u0159sk\u00e1 \u0161kola je pom\u011brn\u011b nov\u00e1, zalo\u017een\u00e1 roku 2011 v\u00a0obci Milovice &#8211; Mlad\u00e1, kde je mnoho rodin s\u00a0mal\u00fdmi d\u011btmi. Od po\u010d\u00e1tku je zam\u011b\u0159en\u00e1 na komunikaci a environment\u00e1ln\u00ed v\u00fdchovu. B\u011bhem sedmi let se n\u00e1m poda\u0159ilo z\u00edskat grant z\u00a0EU prost\u0159ednictv\u00edm St\u00e1tn\u00edho fondu \u017eivotn\u00edho prost\u0159ed\u00ed na projekt Zahrada v\u00a0p\u0159\u00edrodn\u00edm stylu a t\u00e9\u017e jsme z\u00edskali titul \u0160kolka bl\u00edzk\u00e1 p\u0159\u00edrod\u011b. Enviromet\u00e1ln\u00ed v\u00fdchova je sou\u010d\u00e1st\u00ed ka\u017ed\u00e9ho dne v\u00a0M\u0160 a \u010dinnost\u00ed s\u00a0nimi spojen\u00fdmi. V\u00a0M\u0160 m\u00e1me i koordin\u00e1torku EV, kter\u00e1 vytv\u00e1\u0159\u00ed ve spolupr\u00e1ci s\u00a0t\u00fdmem projekty na t\u00e9ma byliny, voda, t\u0159\u00edd\u011bn\u00ed odpadu, zdrav\u00e9 stravov\u00e1n\u00ed atd.<\/p>\n<p style=\"text-align: justify\">Tento rok jsme byli osloveni a p\u0159izvan\u00ed k\u00a0mezin\u00e1rodn\u00edmu programu Erasmus+ Zasa\u010f strom, zasa\u010f svoji budoucnost. Jedn\u00e1 se o dvoulet\u00fd projekt, kter\u00e9ho se bude \u00fa\u010dastnit za \u010cR M\u0160 Kosti\u010dka, Slovensko M\u0160 Ovoda Tornala a Polsko M\u0160 Przedszkole nr 66\u00a0 Bydgoszcz. Prvn\u00ed spole\u010dn\u00e9 t\u00fddenn\u00ed setk\u00e1n\u00ed prob\u011bhne na Slovensku v\u00a0\u00fanoru 2018. Druh\u00e9 na ja\u0159e v\u00a0Milovic\u00edch a t\u0159et\u00ed za\u010d\u00e1tkem p\u0159\u00ed\u0161t\u00edho \u0161koln\u00edho roku v Polsku. Za ka\u017ed\u00fd st\u00e1t je vysl\u00e1n projektov\u00fd t\u00fdm sestaven z 3-4 pedagog\u016f, kte\u0159\u00ed budou reprezentovat svou M\u0160 a z\u00edsk\u00e1vat pot\u0159ebn\u00e9 informace a zku\u0161enosti.<\/p>\n<p style=\"text-align: justify\">Co je c\u00edlem tohoto projektu? Spolupr\u00e1ce v\u00a0oblasti inovac\u00ed, v\u00fdm\u011bna osv\u011bd\u010den\u00fdch postup\u016f, zlep\u0161en\u00ed v\u011bdomost\u00ed d\u011bt\u00ed a pedagog\u016f o \u017eivotn\u00edm prost\u0159ed\u00ed a ochran\u011b \u017eivotn\u00edho prost\u0159ed\u00ed. D\u00e1le upevn\u011bn\u00ed v\u011bdomost\u00ed o partnersk\u00fdch krajin\u00e1ch, pos\u00edlen\u00ed kompetenc\u00ed pedagog\u016f v\u00a0anglick\u00e9m jazyce a IT kompetenc\u00ed. Sou\u010d\u00e1st\u00ed projektu je zapojen\u00ed \u0161irok\u00e9 ve\u0159ejnosti a zkr\u00e1\u0161len\u00ed okol\u00ed na\u0161eho m\u011bsta, ve kter\u00e9m \u017eijeme.<\/p>\n<p style=\"text-align: justify\">Ji\u017e nyn\u00ed se t\u011b\u0161\u00edme na vz\u00e1jemnou spolupr\u00e1ci, z\u00edsk\u00e1v\u00e1n\u00ed nov\u00fdch zku\u0161enost\u00ed a pozn\u00e1v\u00e1n\u00ed jin\u00fdch kultur.<\/p>\n<p><span style=\"font-weight: bold\">Za M\u0160 Kosti\u010dka projektov\u00fd t\u00fdm:<\/span><br \/>\nLenka Gramerov\u00e1<br \/>\nStanislava Heuslerov\u00e1<br \/>\nJana K\u0159i\u0161\u0165anov\u00e1<\/p>\n<hr \/>\n<p>&nbsp;<\/p>\n","protected":false},"excerpt":{"rendered":"<p>_________________________________________________________________________ Projekt &#8211; OP JAK &#8211; \u0160ablony _________________________________________________________________________ _________________________________________________________________________ Projekt &#8211; \u0160ablony III _________________________________________________________________________ _________________________________________________________________________ Projekt &#8211; \u0160et\u0159en\u00ed energi\u00ed _________________________________________________________________________ &hellip;<\/p>\n","protected":false},"author":2,"featured_media":0,"parent":0,"menu_order":7,"comment_status":"closed","ping_status":"closed","template":"","meta":{"footnotes":""},"class_list":["post-1214","page","type-page","status-publish","hentry"],"_links":{"self":[{"href":"https:\/\/mskosticka.cz\/skritci\/wp-json\/wp\/v2\/pages\/1214","targetHints":{"allow":["GET"]}}],"collection":[{"href":"https:\/\/mskosticka.cz\/skritci\/wp-json\/wp\/v2\/pages"}],"about":[{"href":"https:\/\/mskosticka.cz\/skritci\/wp-json\/wp\/v2\/types\/page"}],"author":[{"embeddable":true,"href":"https:\/\/mskosticka.cz\/skritci\/wp-json\/wp\/v2\/users\/2"}],"replies":[{"embeddable":true,"href":"https:\/\/mskosticka.cz\/skritci\/wp-json\/wp\/v2\/comments?post=1214"}],"version-history":[{"count":21,"href":"https:\/\/mskosticka.cz\/skritci\/wp-json\/wp\/v2\/pages\/1214\/revisions"}],"predecessor-version":[{"id":24334,"href":"https:\/\/mskosticka.cz\/skritci\/wp-json\/wp\/v2\/pages\/1214\/revisions\/24334"}],"wp:attachment":[{"href":"https:\/\/mskosticka.cz\/skritci\/wp-json\/wp\/v2\/media?parent=1214"}],"curies":[{"name":"wp","href":"https:\/\/api.w.org\/{rel}","templated":true}]}}