{"id":13760,"date":"2019-02-25T21:56:15","date_gmt":"2019-02-25T20:56:15","guid":{"rendered":"http:\/\/www.mskosticka.cz\/skritci\/?page_id=13760"},"modified":"2020-12-16T08:06:19","modified_gmt":"2020-12-16T07:06:19","slug":"bez-proudu","status":"publish","type":"page","link":"https:\/\/mskosticka.cz\/skritci\/projekty-eu\/bez-proudu\/","title":{"rendered":"\u0160et\u0159en\u00ed energi\u00ed &#8211; Fotogalerie"},"content":{"rendered":"","protected":false},"excerpt":{"rendered":"","protected":false},"author":2,"featured_media":13763,"parent":1214,"menu_order":0,"comment_status":"closed","ping_status":"closed","template":"photogallery.php","meta":{"footnotes":""},"class_list":["post-13760","page","type-page","status-publish","has-post-thumbnail","hentry"],"_links":{"self":[{"href":"https:\/\/mskosticka.cz\/skritci\/wp-json\/wp\/v2\/pages\/13760","targetHints":{"allow":["GET"]}}],"collection":[{"href":"https:\/\/mskosticka.cz\/skritci\/wp-json\/wp\/v2\/pages"}],"about":[{"href":"https:\/\/mskosticka.cz\/skritci\/wp-json\/wp\/v2\/types\/page"}],"author":[{"embeddable":true,"href":"https:\/\/mskosticka.cz\/skritci\/wp-json\/wp\/v2\/users\/2"}],"replies":[{"embeddable":true,"href":"https:\/\/mskosticka.cz\/skritci\/wp-json\/wp\/v2\/comments?post=13760"}],"version-history":[{"count":3,"href":"https:\/\/mskosticka.cz\/skritci\/wp-json\/wp\/v2\/pages\/13760\/revisions"}],"predecessor-version":[{"id":17909,"href":"https:\/\/mskosticka.cz\/skritci\/wp-json\/wp\/v2\/pages\/13760\/revisions\/17909"}],"up":[{"embeddable":true,"href":"https:\/\/mskosticka.cz\/skritci\/wp-json\/wp\/v2\/pages\/1214"}],"wp:featuredmedia":[{"embeddable":true,"href":"https:\/\/mskosticka.cz\/skritci\/wp-json\/wp\/v2\/media\/13763"}],"wp:attachment":[{"href":"https:\/\/mskosticka.cz\/skritci\/wp-json\/wp\/v2\/media?parent=13760"}],"curies":[{"name":"wp","href":"https:\/\/api.w.org\/{rel}","templated":true}]}}