{"id":13986,"date":"2019-03-10T13:01:18","date_gmt":"2019-03-10T12:01:18","guid":{"rendered":"http:\/\/www.mskosticka.cz\/skritci\/?page_id=13986"},"modified":"2019-03-10T13:30:12","modified_gmt":"2019-03-10T12:30:12","slug":"den-otevrenych-dveri-5","status":"publish","type":"page","link":"https:\/\/mskosticka.cz\/skritci\/aktuality\/den-otevrenych-dveri-5\/","title":{"rendered":"Den otev\u0159en\u00fdch dve\u0159\u00ed"},"content":{"rendered":"<p><img loading=\"lazy\" decoding=\"async\" class=\"aligncenter size-large wp-image-13987\" style=\"text-align: justify\" src=\"http:\/\/www.mskosticka.cz\/skritci\/wp-content\/uploads\/sites\/2\/2019\/03\/Den-ot-001-1180x812.png\" alt=\"\" width=\"1180\" height=\"812\" \/><\/p>\n","protected":false},"excerpt":{"rendered":"","protected":false},"author":2,"featured_media":13987,"parent":40,"menu_order":0,"comment_status":"closed","ping_status":"closed","template":"news.php","meta":{"footnotes":""},"class_list":["post-13986","page","type-page","status-publish","has-post-thumbnail","hentry"],"_links":{"self":[{"href":"https:\/\/mskosticka.cz\/skritci\/wp-json\/wp\/v2\/pages\/13986","targetHints":{"allow":["GET"]}}],"collection":[{"href":"https:\/\/mskosticka.cz\/skritci\/wp-json\/wp\/v2\/pages"}],"about":[{"href":"https:\/\/mskosticka.cz\/skritci\/wp-json\/wp\/v2\/types\/page"}],"author":[{"embeddable":true,"href":"https:\/\/mskosticka.cz\/skritci\/wp-json\/wp\/v2\/users\/2"}],"replies":[{"embeddable":true,"href":"https:\/\/mskosticka.cz\/skritci\/wp-json\/wp\/v2\/comments?post=13986"}],"version-history":[{"count":8,"href":"https:\/\/mskosticka.cz\/skritci\/wp-json\/wp\/v2\/pages\/13986\/revisions"}],"predecessor-version":[{"id":13995,"href":"https:\/\/mskosticka.cz\/skritci\/wp-json\/wp\/v2\/pages\/13986\/revisions\/13995"}],"up":[{"embeddable":true,"href":"https:\/\/mskosticka.cz\/skritci\/wp-json\/wp\/v2\/pages\/40"}],"wp:featuredmedia":[{"embeddable":true,"href":"https:\/\/mskosticka.cz\/skritci\/wp-json\/wp\/v2\/media\/13987"}],"wp:attachment":[{"href":"https:\/\/mskosticka.cz\/skritci\/wp-json\/wp\/v2\/media?parent=13986"}],"curies":[{"name":"wp","href":"https:\/\/api.w.org\/{rel}","templated":true}]}}