{"id":15160,"date":"2019-10-10T20:23:44","date_gmt":"2019-10-10T18:23:44","guid":{"rendered":"http:\/\/www.mskosticka.cz\/skritci\/?page_id=15160"},"modified":"2019-10-10T20:57:58","modified_gmt":"2019-10-10T18:57:58","slug":"draci-skolka-4","status":"publish","type":"page","link":"https:\/\/mskosticka.cz\/skritci\/aktuality\/draci-skolka-4\/","title":{"rendered":"Dra\u010d\u00ed \u0161kolka"},"content":{"rendered":"<p><img loading=\"lazy\" decoding=\"async\" class=\"alignnone wp-image-15170 aligncenter\" src=\"http:\/\/www.mskosticka.cz\/skritci\/wp-content\/uploads\/sites\/2\/2019\/10\/10102019-1-213x300.png\" alt=\"\" width=\"339\" height=\"477\" \/><\/p>\n","protected":false},"excerpt":{"rendered":"","protected":false},"author":2,"featured_media":15170,"parent":40,"menu_order":0,"comment_status":"closed","ping_status":"closed","template":"news.php","meta":{"footnotes":""},"class_list":["post-15160","page","type-page","status-publish","has-post-thumbnail","hentry"],"_links":{"self":[{"href":"https:\/\/mskosticka.cz\/skritci\/wp-json\/wp\/v2\/pages\/15160","targetHints":{"allow":["GET"]}}],"collection":[{"href":"https:\/\/mskosticka.cz\/skritci\/wp-json\/wp\/v2\/pages"}],"about":[{"href":"https:\/\/mskosticka.cz\/skritci\/wp-json\/wp\/v2\/types\/page"}],"author":[{"embeddable":true,"href":"https:\/\/mskosticka.cz\/skritci\/wp-json\/wp\/v2\/users\/2"}],"replies":[{"embeddable":true,"href":"https:\/\/mskosticka.cz\/skritci\/wp-json\/wp\/v2\/comments?post=15160"}],"version-history":[{"count":7,"href":"https:\/\/mskosticka.cz\/skritci\/wp-json\/wp\/v2\/pages\/15160\/revisions"}],"predecessor-version":[{"id":15173,"href":"https:\/\/mskosticka.cz\/skritci\/wp-json\/wp\/v2\/pages\/15160\/revisions\/15173"}],"up":[{"embeddable":true,"href":"https:\/\/mskosticka.cz\/skritci\/wp-json\/wp\/v2\/pages\/40"}],"wp:featuredmedia":[{"embeddable":true,"href":"https:\/\/mskosticka.cz\/skritci\/wp-json\/wp\/v2\/media\/15170"}],"wp:attachment":[{"href":"https:\/\/mskosticka.cz\/skritci\/wp-json\/wp\/v2\/media?parent=15160"}],"curies":[{"name":"wp","href":"https:\/\/api.w.org\/{rel}","templated":true}]}}