{"id":16139,"date":"2020-03-03T23:11:33","date_gmt":"2020-03-03T22:11:33","guid":{"rendered":"http:\/\/www.mskosticka.cz\/skritci\/?page_id=16139"},"modified":"2020-03-03T23:14:42","modified_gmt":"2020-03-03T22:14:42","slug":"den-otevrenych-dveri-6","status":"publish","type":"page","link":"https:\/\/mskosticka.cz\/skritci\/aktuality\/den-otevrenych-dveri-6\/","title":{"rendered":"Den otev\u0159en\u00fdch dve\u0159\u00ed"},"content":{"rendered":"<p><img loading=\"lazy\" decoding=\"async\" class=\"alignnone wp-image-16141\" src=\"http:\/\/www.mskosticka.cz\/skritci\/wp-content\/uploads\/sites\/2\/2020\/03\/prava_den_otevrenych_dveri-300x212.png\" alt=\"\" width=\"814\" height=\"575\" \/><\/p>\n","protected":false},"excerpt":{"rendered":"","protected":false},"author":2,"featured_media":16141,"parent":40,"menu_order":0,"comment_status":"closed","ping_status":"closed","template":"news.php","meta":{"footnotes":""},"class_list":["post-16139","page","type-page","status-publish","has-post-thumbnail","hentry"],"_links":{"self":[{"href":"https:\/\/mskosticka.cz\/skritci\/wp-json\/wp\/v2\/pages\/16139","targetHints":{"allow":["GET"]}}],"collection":[{"href":"https:\/\/mskosticka.cz\/skritci\/wp-json\/wp\/v2\/pages"}],"about":[{"href":"https:\/\/mskosticka.cz\/skritci\/wp-json\/wp\/v2\/types\/page"}],"author":[{"embeddable":true,"href":"https:\/\/mskosticka.cz\/skritci\/wp-json\/wp\/v2\/users\/2"}],"replies":[{"embeddable":true,"href":"https:\/\/mskosticka.cz\/skritci\/wp-json\/wp\/v2\/comments?post=16139"}],"version-history":[{"count":3,"href":"https:\/\/mskosticka.cz\/skritci\/wp-json\/wp\/v2\/pages\/16139\/revisions"}],"predecessor-version":[{"id":16143,"href":"https:\/\/mskosticka.cz\/skritci\/wp-json\/wp\/v2\/pages\/16139\/revisions\/16143"}],"up":[{"embeddable":true,"href":"https:\/\/mskosticka.cz\/skritci\/wp-json\/wp\/v2\/pages\/40"}],"wp:featuredmedia":[{"embeddable":true,"href":"https:\/\/mskosticka.cz\/skritci\/wp-json\/wp\/v2\/media\/16141"}],"wp:attachment":[{"href":"https:\/\/mskosticka.cz\/skritci\/wp-json\/wp\/v2\/media?parent=16139"}],"curies":[{"name":"wp","href":"https:\/\/api.w.org\/{rel}","templated":true}]}}