{"id":16144,"date":"2020-03-13T18:32:48","date_gmt":"2020-03-13T17:32:48","guid":{"rendered":"http:\/\/www.mskosticka.cz\/skritci\/?page_id=16144"},"modified":"2020-03-23T08:30:12","modified_gmt":"2020-03-23T07:30:12","slug":"16144-2","status":"publish","type":"page","link":"https:\/\/mskosticka.cz\/skritci\/aktuality\/16144-2\/","title":{"rendered":"Aktu\u00e1ln\u00ed informace pro rodi\u010de"},"content":{"rendered":"<p><a href=\"http:\/\/www.mskosticka.cz\/skritci\/wp-content\/uploads\/sites\/2\/2020\/03\/Omezen\u00ed-provozu-po-a-M\u011b\u00da-Milovice.pdf\">Omezen\u00ed provozu po a M\u011b\u00da Milovice<\/a><\/p>\n","protected":false},"excerpt":{"rendered":"<p>Omezen\u00ed provozu po a M\u011b\u00da Milovice<\/p>\n","protected":false},"author":2,"featured_media":0,"parent":40,"menu_order":0,"comment_status":"closed","ping_status":"closed","template":"news.php","meta":{"footnotes":""},"class_list":["post-16144","page","type-page","status-publish","hentry"],"_links":{"self":[{"href":"https:\/\/mskosticka.cz\/skritci\/wp-json\/wp\/v2\/pages\/16144","targetHints":{"allow":["GET"]}}],"collection":[{"href":"https:\/\/mskosticka.cz\/skritci\/wp-json\/wp\/v2\/pages"}],"about":[{"href":"https:\/\/mskosticka.cz\/skritci\/wp-json\/wp\/v2\/types\/page"}],"author":[{"embeddable":true,"href":"https:\/\/mskosticka.cz\/skritci\/wp-json\/wp\/v2\/users\/2"}],"replies":[{"embeddable":true,"href":"https:\/\/mskosticka.cz\/skritci\/wp-json\/wp\/v2\/comments?post=16144"}],"version-history":[{"count":4,"href":"https:\/\/mskosticka.cz\/skritci\/wp-json\/wp\/v2\/pages\/16144\/revisions"}],"predecessor-version":[{"id":16155,"href":"https:\/\/mskosticka.cz\/skritci\/wp-json\/wp\/v2\/pages\/16144\/revisions\/16155"}],"up":[{"embeddable":true,"href":"https:\/\/mskosticka.cz\/skritci\/wp-json\/wp\/v2\/pages\/40"}],"wp:attachment":[{"href":"https:\/\/mskosticka.cz\/skritci\/wp-json\/wp\/v2\/media?parent=16144"}],"curies":[{"name":"wp","href":"https:\/\/api.w.org\/{rel}","templated":true}]}}