{"id":16620,"date":"2020-05-19T21:39:44","date_gmt":"2020-05-19T19:39:44","guid":{"rendered":"http:\/\/www.mskosticka.cz\/skritci\/?page_id=16620"},"modified":"2020-05-19T23:16:49","modified_gmt":"2020-05-19T21:16:49","slug":"desatero-pravidel-chovani-v-ms-kosticka-a-v-ms-u-veverek-po-znovuotevreni-jaro-a-leto-2020","status":"publish","type":"page","link":"https:\/\/mskosticka.cz\/skritci\/aktuality\/desatero-pravidel-chovani-v-ms-kosticka-a-v-ms-u-veverek-po-znovuotevreni-jaro-a-leto-2020\/","title":{"rendered":"Desatero pravidel chov\u00e1n\u00ed po znovuotev\u0159en\u00ed  jaro a l\u00e9to 2020"},"content":{"rendered":"<p><strong>Desatero pravidel chov\u00e1n\u00ed\u00a0v\u00a0M\u0160 Kosti\u010dka a v\u00a0M\u0160 U Veverek \u00a0po znovuotev\u0159en\u00ed\u00a0jaro a l\u00e9to 2020<\/strong><\/p>\n<p>1)\u00a0\u00a0\u00a0 p\u0159i vstupu do M\u0160\u00a0 u vchodu si\u00a0 dosp\u011bl\u00ed vydesinfikuj\u00ed ruce (d\u00edt\u011b doprov\u00e1z\u00ed do budovy pouze jedna osoba)<\/p>\n<p>2)\u00a0 p\u0159i prvn\u00edm vstupu d\u00edt\u011bte do M\u0160 po nouzov\u00e9m stavu p\u0159edaj\u00ed rodi\u010de pan\u00ed u\u010ditelce podepsan\u00e9 prohl\u00e1\u0161en\u00ed o tom, \u017ee se d\u00edt\u011b v\u00a0uplynul\u00fdch dnech nesetkalo s\u00a0nik\u00fdm, kdo by byl infek\u010dn\u011b nemocen<br \/>\n(prohl\u00e1\u0161en\u00ed najdete na tomto webu pod t\u00edmto textem, m\u016f\u017eete ho vyplnit tak\u00e9 v\u00a0M\u0160)<\/p>\n<p>3)\u00a0 p\u0159evl\u00e9knou d\u00edt\u011b a p\u0159edaj\u00ed neprodlen\u011b pan\u00ed u\u010ditelce do t\u0159\u00eddy<\/p>\n<p>4)\u00a0 pan\u00ed u\u010ditelky se budou denn\u011b pt\u00e1t na zdravotn\u00ed stav d\u00edt\u011bte a \u010dlen\u016f rodiny<\/p>\n<p>5)\u00a0 pokud se pan\u00ed u\u010ditelce d\u00edt\u011b nebude jevit jako zdrav\u00e9, m\u016f\u017ee d\u00edt\u011bti zm\u011b\u0159it teplotu bezdotykov\u00fdm teplom\u011brem a to i kdykoliv b\u011bhem dne<\/p>\n<p>6)\u00a0 pokud d\u00edt\u011b bude m\u00edt zv\u00fd\u0161enou teplotu, \u010di bude jevit zn\u00e1mky jak\u00e9hokoliv onemocn\u011bn\u00ed v\u010detn\u011b r\u00fdmy, ka\u0161le, zvracen\u00ed, atd. bude kontaktovat u\u010ditelka rodi\u010de a ti jsou povinni si neodkladn\u011b d\u00edt\u011b vyzvednout<\/p>\n<p>7)\u00a0 d\u011bti si p\u0159i vstupu do t\u0159\u00eddy budou tak\u00e9 ot\u00edrat ruce desinfekc\u00ed ( co nej\u0161etrn\u011bj\u0161\u00ed k\u00a0d\u011btsk\u00e9 poko\u017ece)<\/p>\n<p>8)\u00a0 b\u011bhem dne budeme pokud mo\u017eno co nejv\u00edce \u010dinnost\u00ed prov\u00e1d\u011bt na zahrad\u011b, v\u010detn\u011b j\u00eddla<\/p>\n<p>9)\u00a0 v\u00a0M\u0160 se bude kl\u00e1st zv\u00fd\u0161en\u00e1 pozornost na ot\u00edr\u00e1n\u00ed frekventovan\u00fdch povrch\u016f \u2013 kliky, futra u dve\u0159\u00ed, baterie, umyvadla, toalety, stole\u010dky, hra\u010dky<\/p>\n<p>10) ka\u017ed\u00e9 d\u00edt\u011b si bude do \u0161kolky nosit svoj\u00ed podepsanou lahev na pitny\u0301 re\u017eim b\u011bhem dne<\/p>\n<p>V\u00e1\u017een\u00ed rodi\u010de,<\/p>\n<p>pros\u00edme v\u00e1s o maxim\u00e1ln\u00ed sou\u010dinnost v\u00a0t\u00e9to mimo\u0159\u00e1dn\u00e9 dob\u011b a o dodr\u017eov\u00e1n\u00ed v\u0161ech v\u00fd\u0161e uveden\u00fdch pravidel. Pokud zaml\u010d\u00edte zdravotn\u00ed probl\u00e9my va\u0161e \u010di va\u0161eho d\u00edt\u011bte,\u00a0 m\u016f\u017eete ohrozit v\u0161echny.<br \/>\nPot\u00e9 bude uzav\u0159ena op\u011bt cel\u00e1 \u0161kolka.<\/p>\n<p>\u017d\u00e1d\u00e1me v\u00e1s tak\u00e9 o to, abyste p\u0159i p\u0159ed\u00e1v\u00e1n\u00ed d\u00edt\u011bte \u010di u jeho vyzved\u00e1v\u00e1n\u00ed pou\u017e\u00edvali v\u00a0are\u00e1lu mate\u0159sk\u00e9 \u0161koly rou\u0161ky.<\/p>\n<p>D\u011bkujeme v\u00e1m za pochopen\u00ed a t\u011b\u0161\u00edme se na op\u011btovn\u00e9 setk\u00e1n\u00ed s\u00a0v\u00e1mi i va\u0161imi d\u011btmi J<\/p>\n<p>Kolektiv M\u0160 Kosti\u010dka a M\u0160 U Veverek<\/p>\n<p><a href=\"http:\/\/www.mskosticka.cz\/skritci\/wp-content\/uploads\/sites\/2\/2020\/05\/Desatero_pravidel_chovani-2.pdf\">Desatero pravidel chov\u00e1n\u00ed<\/a><\/p>\n<p><a href=\"http:\/\/www.mskosticka.cz\/skritci\/wp-content\/uploads\/sites\/2\/2020\/05\/cestne_prohlaseni.pdf\">\u010cestn\u00e9 prohl\u00e1\u0161en\u00ed<\/a><\/p>\n","protected":false},"excerpt":{"rendered":"<p>Desatero pravidel chov\u00e1n\u00ed\u00a0v\u00a0M\u0160 Kosti\u010dka a v\u00a0M\u0160 U Veverek \u00a0po znovuotev\u0159en\u00ed\u00a0jaro a l\u00e9to 2020 1)\u00a0\u00a0\u00a0 p\u0159i vstupu do M\u0160\u00a0 u vchodu &hellip;<\/p>\n","protected":false},"author":2,"featured_media":0,"parent":40,"menu_order":0,"comment_status":"closed","ping_status":"closed","template":"news.php","meta":{"footnotes":""},"class_list":["post-16620","page","type-page","status-publish","hentry"],"_links":{"self":[{"href":"https:\/\/mskosticka.cz\/skritci\/wp-json\/wp\/v2\/pages\/16620","targetHints":{"allow":["GET"]}}],"collection":[{"href":"https:\/\/mskosticka.cz\/skritci\/wp-json\/wp\/v2\/pages"}],"about":[{"href":"https:\/\/mskosticka.cz\/skritci\/wp-json\/wp\/v2\/types\/page"}],"author":[{"embeddable":true,"href":"https:\/\/mskosticka.cz\/skritci\/wp-json\/wp\/v2\/users\/2"}],"replies":[{"embeddable":true,"href":"https:\/\/mskosticka.cz\/skritci\/wp-json\/wp\/v2\/comments?post=16620"}],"version-history":[{"count":7,"href":"https:\/\/mskosticka.cz\/skritci\/wp-json\/wp\/v2\/pages\/16620\/revisions"}],"predecessor-version":[{"id":16632,"href":"https:\/\/mskosticka.cz\/skritci\/wp-json\/wp\/v2\/pages\/16620\/revisions\/16632"}],"up":[{"embeddable":true,"href":"https:\/\/mskosticka.cz\/skritci\/wp-json\/wp\/v2\/pages\/40"}],"wp:attachment":[{"href":"https:\/\/mskosticka.cz\/skritci\/wp-json\/wp\/v2\/media?parent=16620"}],"curies":[{"name":"wp","href":"https:\/\/api.w.org\/{rel}","templated":true}]}}