{"id":18894,"date":"2021-05-20T22:09:58","date_gmt":"2021-05-20T20:09:58","guid":{"rendered":"http:\/\/www.mskosticka.cz\/skritci\/?page_id=18894"},"modified":"2021-05-20T22:09:58","modified_gmt":"2021-05-20T20:09:58","slug":"prazdninovy-provoz-3","status":"publish","type":"page","link":"https:\/\/mskosticka.cz\/skritci\/aktuality\/prazdninovy-provoz-3\/","title":{"rendered":"PR\u00c1ZDNINOV\u00dd PROVOZ"},"content":{"rendered":"<p>M\u0160 Kosti\u010dka a M\u0160 U Vevrek zaji\u0161\u0165uje v m\u011bs\u00edci \u010dervenci pr\u00e1zdninov\u00fd provoz pro d\u011bti z M\u0160 Slun\u00ed\u010dko.<\/p>\n<p>Od pond\u011bl\u00ed 24.5. si m\u016f\u017eete v Kosti\u010dce, ul. Tyr\u0161ova 1500, vyzved\u00e1vat a z\u00e1rove\u0148 i vypl\u0148ovat p\u0159ihl\u00e1\u0161ky na l\u00e9to.<\/p>\n<p>\u0160koln\u00e9 na m\u011bs\u00edc je 600,-K\u010d, kter\u00fd pros\u00edme uhradit z\u00e1rove\u0148 s odevz\u00e1n\u00edm p\u0159ihl\u00e1\u0161ky.<\/p>\n<p>Pokud va\u0161e d\u00edt\u011b z r\u016fzn\u00fdch d\u016fvod\u016f do M\u0160 o pr\u00e1zdnin\u00e1ch nenastoup\u00ed, bude mu \u0161koln\u00e9 v pln\u00e9 v\u00fd\u0161i vr\u00e1ceno.<\/p>\n<p>D\u011bti, kter\u00e9 jsou v tomto \u0161koln\u00edm roce 2020\/21 ji\u017e p\u0159ed\u0161kol\u00e1ci, \u0161koln\u00e9 neplat\u00ed.<\/p>\n","protected":false},"excerpt":{"rendered":"<p>M\u0160 Kosti\u010dka a M\u0160 U Vevrek zaji\u0161\u0165uje v m\u011bs\u00edci \u010dervenci pr\u00e1zdninov\u00fd provoz pro d\u011bti z M\u0160 Slun\u00ed\u010dko. Od pond\u011bl\u00ed 24.5. &hellip;<\/p>\n","protected":false},"author":2,"featured_media":0,"parent":40,"menu_order":0,"comment_status":"closed","ping_status":"closed","template":"news.php","meta":{"footnotes":""},"class_list":["post-18894","page","type-page","status-publish","hentry"],"_links":{"self":[{"href":"https:\/\/mskosticka.cz\/skritci\/wp-json\/wp\/v2\/pages\/18894","targetHints":{"allow":["GET"]}}],"collection":[{"href":"https:\/\/mskosticka.cz\/skritci\/wp-json\/wp\/v2\/pages"}],"about":[{"href":"https:\/\/mskosticka.cz\/skritci\/wp-json\/wp\/v2\/types\/page"}],"author":[{"embeddable":true,"href":"https:\/\/mskosticka.cz\/skritci\/wp-json\/wp\/v2\/users\/2"}],"replies":[{"embeddable":true,"href":"https:\/\/mskosticka.cz\/skritci\/wp-json\/wp\/v2\/comments?post=18894"}],"version-history":[{"count":1,"href":"https:\/\/mskosticka.cz\/skritci\/wp-json\/wp\/v2\/pages\/18894\/revisions"}],"predecessor-version":[{"id":18895,"href":"https:\/\/mskosticka.cz\/skritci\/wp-json\/wp\/v2\/pages\/18894\/revisions\/18895"}],"up":[{"embeddable":true,"href":"https:\/\/mskosticka.cz\/skritci\/wp-json\/wp\/v2\/pages\/40"}],"wp:attachment":[{"href":"https:\/\/mskosticka.cz\/skritci\/wp-json\/wp\/v2\/media?parent=18894"}],"curies":[{"name":"wp","href":"https:\/\/api.w.org\/{rel}","templated":true}]}}