{"id":18897,"date":"2021-05-21T21:14:53","date_gmt":"2021-05-21T19:14:53","guid":{"rendered":"http:\/\/www.mskosticka.cz\/skritci\/?page_id=18897"},"modified":"2021-05-21T21:22:00","modified_gmt":"2021-05-21T19:22:00","slug":"prijate-deti","status":"publish","type":"page","link":"https:\/\/mskosticka.cz\/skritci\/aktuality\/prijate-deti\/","title":{"rendered":"P\u0159ijat\u00e9 d\u011bti"},"content":{"rendered":"<p>P\u0159ijat\u00e9 d\u011bti do M\u0160 Kosti\u010dka M\u0160 U Veverek:<\/p>\n<p>1<br \/>\n4<br \/>\n5<br \/>\n6<br \/>\n9<br \/>\n13<br \/>\n14<br \/>\n15<br \/>\n16<br \/>\n19<br \/>\n20<br \/>\n21<br \/>\n22<br \/>\n23<br \/>\n24<br \/>\n26<br \/>\n27<br \/>\n28<br \/>\n30<br \/>\n31<br \/>\n32<br \/>\n35<br \/>\n37<br \/>\n38<br \/>\n39<br \/>\n40<br \/>\n43<br \/>\n44<br \/>\n45<br \/>\n46<br \/>\n47<br \/>\n48<br \/>\n49<br \/>\n51<br \/>\n53<br \/>\n54<br \/>\n57<br \/>\n58<br \/>\n61<br \/>\n63<br \/>\n64<br \/>\n67<br \/>\n73<br \/>\n76<br \/>\n80<br \/>\n82<br \/>\n83<br \/>\n84<br \/>\n85<br \/>\n86<br \/>\n89<br \/>\n95<br \/>\n96<br \/>\n97<br \/>\n99<br \/>\n101<br \/>\n102<br \/>\n103<br \/>\n104<br \/>\n105<br \/>\n106<br \/>\n107<br \/>\n108<br \/>\n110<br \/>\n113<br \/>\n114<\/p>\n<p>V\u00e1\u017een\u00ed rodi\u010de, pokud je va\u0161e d\u00edt\u011b p\u0159ijato ji\u017e do jin\u00e9 M\u0160, pros\u00edme v\u00e1s o zpr\u00e1vu, abychom mohli na uvoln\u011bn\u00e1 m\u00edsta p\u0159ijmout dal\u0161\u00ed d\u011bti \u010dekaj\u00edc\u00ed v po\u0159ad\u00ed pod \u010darou.<\/p>\n<p>D\u011bkuji v\u00e1m za pochopen\u00ed<\/p>\n<p>Jana K\u0159i\u0161\u0165anov\u00e1<br \/>\n-o-<\/p>\n","protected":false},"excerpt":{"rendered":"<p>P\u0159ijat\u00e9 d\u011bti do M\u0160 Kosti\u010dka M\u0160 U Veverek: 1 4 5 6 9 13 14 15 16 19 20 21 &hellip;<\/p>\n","protected":false},"author":2,"featured_media":0,"parent":40,"menu_order":0,"comment_status":"closed","ping_status":"closed","template":"news.php","meta":{"footnotes":""},"class_list":["post-18897","page","type-page","status-publish","hentry"],"_links":{"self":[{"href":"https:\/\/mskosticka.cz\/skritci\/wp-json\/wp\/v2\/pages\/18897","targetHints":{"allow":["GET"]}}],"collection":[{"href":"https:\/\/mskosticka.cz\/skritci\/wp-json\/wp\/v2\/pages"}],"about":[{"href":"https:\/\/mskosticka.cz\/skritci\/wp-json\/wp\/v2\/types\/page"}],"author":[{"embeddable":true,"href":"https:\/\/mskosticka.cz\/skritci\/wp-json\/wp\/v2\/users\/2"}],"replies":[{"embeddable":true,"href":"https:\/\/mskosticka.cz\/skritci\/wp-json\/wp\/v2\/comments?post=18897"}],"version-history":[{"count":4,"href":"https:\/\/mskosticka.cz\/skritci\/wp-json\/wp\/v2\/pages\/18897\/revisions"}],"predecessor-version":[{"id":18901,"href":"https:\/\/mskosticka.cz\/skritci\/wp-json\/wp\/v2\/pages\/18897\/revisions\/18901"}],"up":[{"embeddable":true,"href":"https:\/\/mskosticka.cz\/skritci\/wp-json\/wp\/v2\/pages\/40"}],"wp:attachment":[{"href":"https:\/\/mskosticka.cz\/skritci\/wp-json\/wp\/v2\/media?parent=18897"}],"curies":[{"name":"wp","href":"https:\/\/api.w.org\/{rel}","templated":true}]}}