{"id":18907,"date":"2021-05-27T09:53:25","date_gmt":"2021-05-27T07:53:25","guid":{"rendered":"http:\/\/www.mskosticka.cz\/skritci\/?page_id=18907"},"modified":"2021-05-27T09:53:28","modified_gmt":"2021-05-27T07:53:28","slug":"rozhodnuti-o-prijeti","status":"publish","type":"page","link":"https:\/\/mskosticka.cz\/skritci\/aktuality\/rozhodnuti-o-prijeti\/","title":{"rendered":"Rozhodnut\u00ed o p\u0159ijet\u00ed"},"content":{"rendered":"<p>Z d\u016fvodu o\u010dkov\u00e1n\u00ed bude rozhodnut\u00ed o p\u0159ijet\u00ed nebo nep\u0159ijet\u00ed d\u00edt\u011bte do M\u0160 zas\u00edl\u00e1no po\u0161tou.<\/p>\n<p>D\u011bkujeme za pochopen\u00ed.<\/p>\n","protected":false},"excerpt":{"rendered":"<p>Z d\u016fvodu o\u010dkov\u00e1n\u00ed bude rozhodnut\u00ed o p\u0159ijet\u00ed nebo nep\u0159ijet\u00ed d\u00edt\u011bte do M\u0160 zas\u00edl\u00e1no po\u0161tou. D\u011bkujeme za pochopen\u00ed.<\/p>\n","protected":false},"author":2,"featured_media":0,"parent":40,"menu_order":0,"comment_status":"closed","ping_status":"closed","template":"news.php","meta":{"footnotes":""},"class_list":["post-18907","page","type-page","status-publish","hentry"],"_links":{"self":[{"href":"https:\/\/mskosticka.cz\/skritci\/wp-json\/wp\/v2\/pages\/18907","targetHints":{"allow":["GET"]}}],"collection":[{"href":"https:\/\/mskosticka.cz\/skritci\/wp-json\/wp\/v2\/pages"}],"about":[{"href":"https:\/\/mskosticka.cz\/skritci\/wp-json\/wp\/v2\/types\/page"}],"author":[{"embeddable":true,"href":"https:\/\/mskosticka.cz\/skritci\/wp-json\/wp\/v2\/users\/2"}],"replies":[{"embeddable":true,"href":"https:\/\/mskosticka.cz\/skritci\/wp-json\/wp\/v2\/comments?post=18907"}],"version-history":[{"count":1,"href":"https:\/\/mskosticka.cz\/skritci\/wp-json\/wp\/v2\/pages\/18907\/revisions"}],"predecessor-version":[{"id":18908,"href":"https:\/\/mskosticka.cz\/skritci\/wp-json\/wp\/v2\/pages\/18907\/revisions\/18908"}],"up":[{"embeddable":true,"href":"https:\/\/mskosticka.cz\/skritci\/wp-json\/wp\/v2\/pages\/40"}],"wp:attachment":[{"href":"https:\/\/mskosticka.cz\/skritci\/wp-json\/wp\/v2\/media?parent=18907"}],"curies":[{"name":"wp","href":"https:\/\/api.w.org\/{rel}","templated":true}]}}