{"id":18909,"date":"2021-07-13T00:41:15","date_gmt":"2021-07-12T22:41:15","guid":{"rendered":"http:\/\/www.mskosticka.cz\/skritci\/?page_id=18909"},"modified":"2021-07-13T08:30:51","modified_gmt":"2021-07-13T06:30:51","slug":"18909-2","status":"publish","type":"page","link":"https:\/\/mskosticka.cz\/skritci\/aktuality\/18909-2\/","title":{"rendered":"Vy\u00fa\u010dtov\u00e1n\u00ed"},"content":{"rendered":"<p>V\u00e1\u017een\u00ed rodi\u010de,<\/p>\n<p>vy\u00fa\u010dtov\u00e1n\u00ed \u0161koln\u00edho roku 2020\/2021 prob\u011bhne posledn\u00ed t\u00fdden v srpnu. Bude se jednat o \u0161koln\u00e9 a fond kultury za m\u011bs\u00edce, kdy byla M\u0160 uzav\u0159ena, t.j. b\u0159ezen a duben.<\/p>\n<p>D\u011bkuji v\u00e1m za pochopen\u00ed.<\/p>\n<p>Jana K\u0159i\u0161\u0165anov\u00e1<\/p>\n","protected":false},"excerpt":{"rendered":"<p>V\u00e1\u017een\u00ed rodi\u010de, vy\u00fa\u010dtov\u00e1n\u00ed \u0161koln\u00edho roku 2020\/2021 prob\u011bhne posledn\u00ed t\u00fdden v srpnu. Bude se jednat o \u0161koln\u00e9 a fond kultury za &hellip;<\/p>\n","protected":false},"author":2,"featured_media":0,"parent":40,"menu_order":0,"comment_status":"closed","ping_status":"closed","template":"news.php","meta":{"footnotes":""},"class_list":["post-18909","page","type-page","status-publish","hentry"],"_links":{"self":[{"href":"https:\/\/mskosticka.cz\/skritci\/wp-json\/wp\/v2\/pages\/18909","targetHints":{"allow":["GET"]}}],"collection":[{"href":"https:\/\/mskosticka.cz\/skritci\/wp-json\/wp\/v2\/pages"}],"about":[{"href":"https:\/\/mskosticka.cz\/skritci\/wp-json\/wp\/v2\/types\/page"}],"author":[{"embeddable":true,"href":"https:\/\/mskosticka.cz\/skritci\/wp-json\/wp\/v2\/users\/2"}],"replies":[{"embeddable":true,"href":"https:\/\/mskosticka.cz\/skritci\/wp-json\/wp\/v2\/comments?post=18909"}],"version-history":[{"count":3,"href":"https:\/\/mskosticka.cz\/skritci\/wp-json\/wp\/v2\/pages\/18909\/revisions"}],"predecessor-version":[{"id":18912,"href":"https:\/\/mskosticka.cz\/skritci\/wp-json\/wp\/v2\/pages\/18909\/revisions\/18912"}],"up":[{"embeddable":true,"href":"https:\/\/mskosticka.cz\/skritci\/wp-json\/wp\/v2\/pages\/40"}],"wp:attachment":[{"href":"https:\/\/mskosticka.cz\/skritci\/wp-json\/wp\/v2\/media?parent=18909"}],"curies":[{"name":"wp","href":"https:\/\/api.w.org\/{rel}","templated":true}]}}