{"id":20811,"date":"2022-02-06T09:52:48","date_gmt":"2022-02-06T08:52:48","guid":{"rendered":"http:\/\/www.mskosticka.cz\/skritci\/?page_id=20811"},"modified":"2025-06-04T17:51:14","modified_gmt":"2025-06-04T15:51:14","slug":"se-sokolem-do-zivota-aneb-svet-nekonci-za-vratky","status":"publish","type":"page","link":"https:\/\/mskosticka.cz\/skritci\/kalendar-akci\/se-sokolem-do-zivota-aneb-svet-nekonci-za-vratky\/","title":{"rendered":"SE SOKOLEM DO \u017dIVOTA aneb SV\u011aT NEKON\u010c\u00cd ZA VR\u00c1TKY"},"content":{"rendered":"<p><strong>Projekt je ur\u010den\u00fd pro d\u011bti<\/strong><\/p>\n<p><img loading=\"lazy\" decoding=\"async\" class=\"wp-image-20815 alignleft\" style=\"font-size: 1.0625rem; letter-spacing: -0.0625rem;\" src=\"http:\/\/www.mskosticka.cz\/skritci\/wp-content\/uploads\/sites\/2\/2022\/02\/Obr\u00e1zek2-300x300.jpg\" alt=\"\" width=\"175\" height=\"175\" \/><\/p>\n<p>od 3- 6 let z\u00a0\u0159ad mate\u0159sk\u00fdch \u0161kol, t\u011blocvi\u010dn\u00fdch jednot, sportovn\u00edch odd\u00edl\u016f a d\u011btsk\u00fdch skupin z\u00a0\u010cR i zahrani\u010d\u00ed. Do projektu je zapojeno v\u00edce ne\u017e 100000 d\u011bt\u00ed.\u00a0V\u0161e je zam\u011b\u0159eno na nejmlad\u0161\u00ed generaci. U t\u00e9to v\u011bkov\u00e9 kategorie je velmi d\u016fle\u017eit\u00e9, aby si d\u011bti osvojily z\u00e1klady sv\u00fdch schopnost\u00ed a mohly se v\u00a0pozd\u011bj\u0161\u00edm<span style=\"font-size: 1.0625rem; letter-spacing: -0.0625rem;\">v\u011bku d\u00e1le rozv\u00edjet a zdokonalovat. Rozvoj pohybov\u00e9 gramotnosti pat\u0159\u00ed mezi tyto z\u00e1kladn<\/span><\/p>\n<p><span style=\"font-size: 1.0625rem; letter-spacing: -0.0625rem;\">pil\u00ed\u0159e stejn\u011b jako rozvoj \u0159e\u010di, my\u0161len\u00ed \u010di\u00a0<\/span><span style=\"font-size: 1.0625rem; letter-spacing: -0.0625rem;\">pozn\u00e1n\u00ed. D\u011bti se u\u010d\u00ed vn\u00edmat pohyb jako p\u0159irozenost a sou\u010d\u00e1st jejich \u017eivota. To v\u0161e d\u00edky postavi\u010dk\u00e1m zv\u00ed\u0159\u00e1tek, kter\u00e1 n\u00e1s v\u0161emi aktivitami prov\u00e1zej\u00ed. Hlavn\u00ed postavou je Sokol Pep\u00edk, kter\u00e9mu pom\u00e1haj\u00ed ostatn\u00ed zv\u00ed\u0159\u00e1tka. Ka\u017ed\u00e9 z\u00a0nich m\u00e1 na starosti jin\u00fd druh pohybov\u00e9 aktivity. Kobylka Emilka- p\u0159irozen\u00e1 cvi\u010den\u00ed, opi\u010dka Hani\u010dka- obratnost, je\u017ee\u010dek Mare\u010dek- dovednosti s\u00a0m\u00ed\u010dem, veveru\u0161ka V\u011bru\u0161ka- rozv\u00edjen\u00ed pozn\u00e1n\u00ed a beru\u0161ka Danu\u0161ka &#8211; netradi\u010dn\u00ed\u00a0<\/span><span style=\"font-size: 1.0625rem; letter-spacing: -0.0625rem;\">\u010dinnosti. Ka\u017ed\u00e1 v\u011bkov\u00e1 kategorie m\u00e1 sv\u016fj pracovn\u00ed se\u0161it, ve kter\u00e9m jsou zahrnuty v\u0161echny popsan\u00e9 oblasti s\u00a0p\u0159i<\/span><span style=\"font-size: 1.0625rem; letter-spacing: -0.0625rem;\">m\u011b\u0159en\u00fdm po\u010dtem \u00fakol\u016f a obt\u00ed\u017enosti k\u00a0dan\u00e9mu v\u011bku d\u00edt\u011bte.\u00a0<\/span><\/p>\n<p><img loading=\"lazy\" decoding=\"async\" class=\"size-medium wp-image-20816 alignright\" src=\"http:\/\/www.mskosticka.cz\/skritci\/wp-content\/uploads\/sites\/2\/2022\/02\/Obr\u00e1zek3-300x170.jpeg\" alt=\"\" width=\"300\" height=\"170\" \/><\/p>\n<p><span style=\"font-size: 1.0625rem; letter-spacing: -0.0625rem;\">D\u00edky akreditovan\u00fdm semin\u00e1\u0159\u016fm byly pan\u00ed u\u010ditelky pro\u0161koleny a mohou tak d\u011btem nab\u00eddnout celou \u0159adu podn\u011bt\u016f, kter\u00e9 jsou spojeny se zdrav\u00fdm pohybem.\u00a0<\/span>Na\u0161e M\u0160 se dlouhodob\u011b zam\u011b\u0159uj\u00ed\u00a0na podporu zdrav\u00e9ho \u017eivotn\u00edho stylu-program Zdrav\u00e1 Abeceda a na rozvoj p\u0159irozen\u00e9ho pohybu. Proto n\u00e1s tento projekt ihned zaujal a ji\u017e druh\u00fdm rokem se zv\u00ed\u0159\u00e1tky cvi\u010d\u00edme.<\/p>\n<p><img loading=\"lazy\" decoding=\"async\" class=\"wp-image-20817 alignleft\" style=\"font-size: 1.0625rem; letter-spacing: -0.0625rem;\" src=\"http:\/\/www.mskosticka.cz\/skritci\/wp-content\/uploads\/sites\/2\/2022\/02\/Obr\u00e1zek4-300x210.png\" alt=\"\" width=\"276\" height=\"193\" \/><\/p>\n<p><a href=\"https:\/\/www.mskosticka.cz\/skritci\/fotogalerie\/cvicime-se-sokolem\/\"><strong>CVI\u010c\u00cdME se SOKOLEM<\/strong><\/a><\/p>\n","protected":false},"excerpt":{"rendered":"<p>Projekt je ur\u010den\u00fd pro d\u011bti od 3- 6 let z\u00a0\u0159ad mate\u0159sk\u00fdch \u0161kol, t\u011blocvi\u010dn\u00fdch jednot, sportovn\u00edch odd\u00edl\u016f a d\u011btsk\u00fdch skupin z\u00a0\u010cR &hellip;<\/p>\n","protected":false},"author":2,"featured_media":24681,"parent":1430,"menu_order":0,"comment_status":"closed","ping_status":"closed","template":"projects.php","meta":{"footnotes":""},"class_list":["post-20811","page","type-page","status-publish","has-post-thumbnail","hentry"],"_links":{"self":[{"href":"https:\/\/mskosticka.cz\/skritci\/wp-json\/wp\/v2\/pages\/20811","targetHints":{"allow":["GET"]}}],"collection":[{"href":"https:\/\/mskosticka.cz\/skritci\/wp-json\/wp\/v2\/pages"}],"about":[{"href":"https:\/\/mskosticka.cz\/skritci\/wp-json\/wp\/v2\/types\/page"}],"author":[{"embeddable":true,"href":"https:\/\/mskosticka.cz\/skritci\/wp-json\/wp\/v2\/users\/2"}],"replies":[{"embeddable":true,"href":"https:\/\/mskosticka.cz\/skritci\/wp-json\/wp\/v2\/comments?post=20811"}],"version-history":[{"count":11,"href":"https:\/\/mskosticka.cz\/skritci\/wp-json\/wp\/v2\/pages\/20811\/revisions"}],"predecessor-version":[{"id":24682,"href":"https:\/\/mskosticka.cz\/skritci\/wp-json\/wp\/v2\/pages\/20811\/revisions\/24682"}],"up":[{"embeddable":true,"href":"https:\/\/mskosticka.cz\/skritci\/wp-json\/wp\/v2\/pages\/1430"}],"wp:featuredmedia":[{"embeddable":true,"href":"https:\/\/mskosticka.cz\/skritci\/wp-json\/wp\/v2\/media\/24681"}],"wp:attachment":[{"href":"https:\/\/mskosticka.cz\/skritci\/wp-json\/wp\/v2\/media?parent=20811"}],"curies":[{"name":"wp","href":"https:\/\/api.w.org\/{rel}","templated":true}]}}