{"id":20921,"date":"2022-03-21T21:51:19","date_gmt":"2022-03-21T20:51:19","guid":{"rendered":"http:\/\/www.mskosticka.cz\/skritci\/?page_id=20921"},"modified":"2022-03-21T21:54:13","modified_gmt":"2022-03-21T20:54:13","slug":"zapis-deti-do-ms-kosticka-na-skolni-rok-2022-2023","status":"publish","type":"page","link":"https:\/\/mskosticka.cz\/skritci\/aktuality\/zapis-deti-do-ms-kosticka-na-skolni-rok-2022-2023\/","title":{"rendered":"Z\u00e1pis d\u011bt\u00ed do M\u0160 Kosti\u010dka na \u0161koln\u00ed rok 2022\/2023"},"content":{"rendered":"<p><a href=\"http:\/\/www.mskosticka.cz\/skritci\/wp-content\/uploads\/sites\/2\/2022\/03\/z\u00e1pis-2-plak\u00e1t.pdf\">z\u00e1pis 2 plak\u00e1t<\/a><\/p>\n<p><a href=\"http:\/\/www.mskosticka.cz\/skritci\/wp-content\/uploads\/sites\/2\/2022\/03\/Obr\u00e1zek-21.03.2022-v-21.47.jpg\"><img loading=\"lazy\" decoding=\"async\" class=\"alignnone size-medium wp-image-20923\" src=\"http:\/\/www.mskosticka.cz\/skritci\/wp-content\/uploads\/sites\/2\/2022\/03\/Obr\u00e1zek-21.03.2022-v-21.47-300x208.jpg\" alt=\"\" width=\"300\" height=\"208\" \/><\/a><\/p>\n","protected":false},"excerpt":{"rendered":"<p>z\u00e1pis 2 plak\u00e1t<\/p>\n","protected":false},"author":2,"featured_media":0,"parent":40,"menu_order":0,"comment_status":"closed","ping_status":"closed","template":"news.php","meta":{"footnotes":""},"class_list":["post-20921","page","type-page","status-publish","hentry"],"_links":{"self":[{"href":"https:\/\/mskosticka.cz\/skritci\/wp-json\/wp\/v2\/pages\/20921","targetHints":{"allow":["GET"]}}],"collection":[{"href":"https:\/\/mskosticka.cz\/skritci\/wp-json\/wp\/v2\/pages"}],"about":[{"href":"https:\/\/mskosticka.cz\/skritci\/wp-json\/wp\/v2\/types\/page"}],"author":[{"embeddable":true,"href":"https:\/\/mskosticka.cz\/skritci\/wp-json\/wp\/v2\/users\/2"}],"replies":[{"embeddable":true,"href":"https:\/\/mskosticka.cz\/skritci\/wp-json\/wp\/v2\/comments?post=20921"}],"version-history":[{"count":3,"href":"https:\/\/mskosticka.cz\/skritci\/wp-json\/wp\/v2\/pages\/20921\/revisions"}],"predecessor-version":[{"id":20926,"href":"https:\/\/mskosticka.cz\/skritci\/wp-json\/wp\/v2\/pages\/20921\/revisions\/20926"}],"up":[{"embeddable":true,"href":"https:\/\/mskosticka.cz\/skritci\/wp-json\/wp\/v2\/pages\/40"}],"wp:attachment":[{"href":"https:\/\/mskosticka.cz\/skritci\/wp-json\/wp\/v2\/media?parent=20921"}],"curies":[{"name":"wp","href":"https:\/\/api.w.org\/{rel}","templated":true}]}}