{"id":23690,"date":"2024-01-19T09:53:44","date_gmt":"2024-01-19T08:53:44","guid":{"rendered":"http:\/\/www.mskosticka.cz\/skritci\/?page_id=23690"},"modified":"2024-01-19T09:54:48","modified_gmt":"2024-01-19T08:54:48","slug":"23690-2","status":"publish","type":"page","link":"https:\/\/mskosticka.cz\/skritci\/aktuality\/23690-2\/","title":{"rendered":"Schv\u00e1len\u00ed na uzav\u0159en\u00ed M\u0160 ve \u0161koln\u00edm roce 2023\/2024."},"content":{"rendered":"<p style=\"text-align: center\"><a href=\"http:\/\/www.mskosticka.cz\/skritci\/wp-content\/uploads\/sites\/2\/2024\/01\/Aktualita_12-2023.jpg\"><img loading=\"lazy\" decoding=\"async\" class=\"alignnone size-medium wp-image-23692\" src=\"http:\/\/www.mskosticka.cz\/skritci\/wp-content\/uploads\/sites\/2\/2024\/01\/Aktualita_12-2023-216x300.jpg\" alt=\"\" width=\"216\" height=\"300\" \/><\/a><\/p>\n","protected":false},"excerpt":{"rendered":"","protected":false},"author":2,"featured_media":23692,"parent":40,"menu_order":0,"comment_status":"closed","ping_status":"closed","template":"news.php","meta":{"footnotes":""},"class_list":["post-23690","page","type-page","status-publish","has-post-thumbnail","hentry"],"_links":{"self":[{"href":"https:\/\/mskosticka.cz\/skritci\/wp-json\/wp\/v2\/pages\/23690","targetHints":{"allow":["GET"]}}],"collection":[{"href":"https:\/\/mskosticka.cz\/skritci\/wp-json\/wp\/v2\/pages"}],"about":[{"href":"https:\/\/mskosticka.cz\/skritci\/wp-json\/wp\/v2\/types\/page"}],"author":[{"embeddable":true,"href":"https:\/\/mskosticka.cz\/skritci\/wp-json\/wp\/v2\/users\/2"}],"replies":[{"embeddable":true,"href":"https:\/\/mskosticka.cz\/skritci\/wp-json\/wp\/v2\/comments?post=23690"}],"version-history":[{"count":3,"href":"https:\/\/mskosticka.cz\/skritci\/wp-json\/wp\/v2\/pages\/23690\/revisions"}],"predecessor-version":[{"id":23694,"href":"https:\/\/mskosticka.cz\/skritci\/wp-json\/wp\/v2\/pages\/23690\/revisions\/23694"}],"up":[{"embeddable":true,"href":"https:\/\/mskosticka.cz\/skritci\/wp-json\/wp\/v2\/pages\/40"}],"wp:featuredmedia":[{"embeddable":true,"href":"https:\/\/mskosticka.cz\/skritci\/wp-json\/wp\/v2\/media\/23692"}],"wp:attachment":[{"href":"https:\/\/mskosticka.cz\/skritci\/wp-json\/wp\/v2\/media?parent=23690"}],"curies":[{"name":"wp","href":"https:\/\/api.w.org\/{rel}","templated":true}]}}