{"id":24481,"date":"2024-07-31T13:05:48","date_gmt":"2024-07-31T11:05:48","guid":{"rendered":"http:\/\/www.mskosticka.cz\/skritci\/?page_id=24481"},"modified":"2024-07-31T13:06:41","modified_gmt":"2024-07-31T11:06:41","slug":"prazdninovy-provoz-4","status":"publish","type":"page","link":"https:\/\/mskosticka.cz\/skritci\/aktuality\/prazdninovy-provoz-4\/","title":{"rendered":"Pr\u00e1zdninov\u00fd provoz"},"content":{"rendered":"<p>V\u00e1\u017een\u00ed rodi\u010de,<\/p>\n<p>od 1.8.2024 za\u010d\u00edn\u00e1 pr\u00e1zdninov\u00fd provoz pro p\u0159ihl\u00e1\u0161en\u00e9 d\u011bti z M\u0160 Kosti\u010dka, z M\u0160 U veverek a z M\u0160 Slun\u00ed\u010dko.<\/p>\n<p>Pros\u00edme p\u0159ineste d\u011btem do M\u0160 lehkou de\u010dku a pol\u0161t\u00e1\u0159ek( pro d\u011bti, kter\u00e9 budou odpo\u010d\u00edvat), pokr\u00fdvku hlavy, opalovac\u00ed kr\u00e9m, plavky a ba\u010dkorky.<\/p>\n<p>Do kter\u00fdch t\u0159\u00edd budou d\u011bti ze Slun\u00ed\u010dka chodit je rozeps\u00e1no na dve\u0159\u00edch \u0161kolky.\u00a0 Pros\u00edm opi\u0161te si telefonn\u00ed \u010d\u00edsla jednotliv\u00fdch t\u0159\u00edd pro v\u010dasn\u00e9 p\u0159\u00edpadn\u00e9 omlouv\u00e1n\u00ed d\u011bt\u00ed. D\u011bti mus\u00ed b\u00fdt omluveny do 7.30 hodin.<\/p>\n<p>V t\u00fddnu od 5.-13.8. bude uzav\u0159ena ulice Tyr\u0161ova, ale provoz M\u0160 omezen nebude, pouze budete muset p\u0159ij\u00edt do \u0161kolky p\u011b\u0161ky.<\/p>\n<p>D\u011bkuji za pochopen\u00ed. Jana K\u0159i\u0161\u0165anov\u00e1<\/p>\n","protected":false},"excerpt":{"rendered":"<p>V\u00e1\u017een\u00ed rodi\u010de, od 1.8.2024 za\u010d\u00edn\u00e1 pr\u00e1zdninov\u00fd provoz pro p\u0159ihl\u00e1\u0161en\u00e9 d\u011bti z M\u0160 Kosti\u010dka, z M\u0160 U veverek a z M\u0160 &hellip;<\/p>\n","protected":false},"author":2,"featured_media":0,"parent":40,"menu_order":0,"comment_status":"closed","ping_status":"closed","template":"news.php","meta":{"footnotes":""},"class_list":["post-24481","page","type-page","status-publish","hentry"],"_links":{"self":[{"href":"https:\/\/mskosticka.cz\/skritci\/wp-json\/wp\/v2\/pages\/24481","targetHints":{"allow":["GET"]}}],"collection":[{"href":"https:\/\/mskosticka.cz\/skritci\/wp-json\/wp\/v2\/pages"}],"about":[{"href":"https:\/\/mskosticka.cz\/skritci\/wp-json\/wp\/v2\/types\/page"}],"author":[{"embeddable":true,"href":"https:\/\/mskosticka.cz\/skritci\/wp-json\/wp\/v2\/users\/2"}],"replies":[{"embeddable":true,"href":"https:\/\/mskosticka.cz\/skritci\/wp-json\/wp\/v2\/comments?post=24481"}],"version-history":[{"count":2,"href":"https:\/\/mskosticka.cz\/skritci\/wp-json\/wp\/v2\/pages\/24481\/revisions"}],"predecessor-version":[{"id":24483,"href":"https:\/\/mskosticka.cz\/skritci\/wp-json\/wp\/v2\/pages\/24481\/revisions\/24483"}],"up":[{"embeddable":true,"href":"https:\/\/mskosticka.cz\/skritci\/wp-json\/wp\/v2\/pages\/40"}],"wp:attachment":[{"href":"https:\/\/mskosticka.cz\/skritci\/wp-json\/wp\/v2\/media?parent=24481"}],"curies":[{"name":"wp","href":"https:\/\/api.w.org\/{rel}","templated":true}]}}