{"id":24653,"date":"2024-11-05T15:20:40","date_gmt":"2024-11-05T14:20:40","guid":{"rendered":"http:\/\/www.mskosticka.cz\/skritci\/?page_id=24653"},"modified":"2024-11-05T15:21:51","modified_gmt":"2024-11-05T14:21:51","slug":"uzavreni-materske-skoly","status":"publish","type":"page","link":"https:\/\/mskosticka.cz\/skritci\/aktuality\/uzavreni-materske-skoly\/","title":{"rendered":"Uzav\u0159en\u00ed mate\u0159sk\u00e9 \u0161koly"},"content":{"rendered":"<p>V\u00e1\u017een\u00ed rodi\u010de a p\u0159\u00e1tel\u00e9 mate\u0159sk\u00e9 \u0161koly,<\/p>\n<p>d\u00e1v\u00e1m v\u00e1m na v\u011bdom\u00ed, \u017ee:<\/p>\n<p>&#8222;Mate\u0159sk\u00e9 \u0161koly Kosti\u010dka a U Veverek budou uzav\u0159eny o V\u00e1no\u010dn\u00edch pr\u00e1zdnin\u00e1ch, to je od 23.12.2024 do 3.1 20025 v souladu s v\u00e1no\u010dn\u00edmi pr\u00e1zdninami Z\u0160 Juventa.<\/p>\n<p>V l\u00e9t\u011b, budou M\u0160 uzav\u0159eny v obdob\u00ed m\u011bs\u00edce srpna od 1.8.2025 do 30.8.2025. V srpnu bude n\u00e1hradn\u00ed provoz pro &#8222;na\u0161e d\u011bti&#8220; zaji\u0161\u0165ovat M\u0160 Slun\u00ed\u010dko.<\/p>\n<p>D\u011bkuji v\u00e1m za pochopen\u00ed<\/p>\n<p>Jana K\u0159i\u0161\u0165anov\u00e1<\/p>\n","protected":false},"excerpt":{"rendered":"<p>V\u00e1\u017een\u00ed rodi\u010de a p\u0159\u00e1tel\u00e9 mate\u0159sk\u00e9 \u0161koly, d\u00e1v\u00e1m v\u00e1m na v\u011bdom\u00ed, \u017ee: &#8222;Mate\u0159sk\u00e9 \u0161koly Kosti\u010dka a U Veverek budou uzav\u0159eny o &hellip;<\/p>\n","protected":false},"author":2,"featured_media":0,"parent":40,"menu_order":0,"comment_status":"closed","ping_status":"closed","template":"news.php","meta":{"footnotes":""},"class_list":["post-24653","page","type-page","status-publish","hentry"],"_links":{"self":[{"href":"https:\/\/mskosticka.cz\/skritci\/wp-json\/wp\/v2\/pages\/24653","targetHints":{"allow":["GET"]}}],"collection":[{"href":"https:\/\/mskosticka.cz\/skritci\/wp-json\/wp\/v2\/pages"}],"about":[{"href":"https:\/\/mskosticka.cz\/skritci\/wp-json\/wp\/v2\/types\/page"}],"author":[{"embeddable":true,"href":"https:\/\/mskosticka.cz\/skritci\/wp-json\/wp\/v2\/users\/2"}],"replies":[{"embeddable":true,"href":"https:\/\/mskosticka.cz\/skritci\/wp-json\/wp\/v2\/comments?post=24653"}],"version-history":[{"count":1,"href":"https:\/\/mskosticka.cz\/skritci\/wp-json\/wp\/v2\/pages\/24653\/revisions"}],"predecessor-version":[{"id":24654,"href":"https:\/\/mskosticka.cz\/skritci\/wp-json\/wp\/v2\/pages\/24653\/revisions\/24654"}],"up":[{"embeddable":true,"href":"https:\/\/mskosticka.cz\/skritci\/wp-json\/wp\/v2\/pages\/40"}],"wp:attachment":[{"href":"https:\/\/mskosticka.cz\/skritci\/wp-json\/wp\/v2\/media?parent=24653"}],"curies":[{"name":"wp","href":"https:\/\/api.w.org\/{rel}","templated":true}]}}