{"id":24657,"date":"2025-03-15T10:27:58","date_gmt":"2025-03-15T09:27:58","guid":{"rendered":"http:\/\/www.mskosticka.cz\/skritci\/?page_id=24657"},"modified":"2025-03-15T10:29:53","modified_gmt":"2025-03-15T09:29:53","slug":"den-otevrenych-dveri-8","status":"publish","type":"page","link":"https:\/\/mskosticka.cz\/skritci\/aktuality\/den-otevrenych-dveri-8\/","title":{"rendered":"Den otev\u0159en\u00fdch dve\u0159\u00ed"},"content":{"rendered":"<p><a href=\"http:\/\/www.mskosticka.cz\/skritci\/wp-content\/uploads\/sites\/2\/2025\/03\/den-otevr\u030ceny\u0301ch-dver\u030ci\u0301-2025.pdf\">den otevr\u030ceny\u0301ch dver\u030ci\u0301 2025<\/a><\/p>\n","protected":false},"excerpt":{"rendered":"<p>den otevr\u030ceny\u0301ch dver\u030ci\u0301 2025<\/p>\n","protected":false},"author":2,"featured_media":24660,"parent":40,"menu_order":0,"comment_status":"closed","ping_status":"closed","template":"news.php","meta":{"footnotes":""},"class_list":["post-24657","page","type-page","status-publish","has-post-thumbnail","hentry"],"_links":{"self":[{"href":"https:\/\/mskosticka.cz\/skritci\/wp-json\/wp\/v2\/pages\/24657","targetHints":{"allow":["GET"]}}],"collection":[{"href":"https:\/\/mskosticka.cz\/skritci\/wp-json\/wp\/v2\/pages"}],"about":[{"href":"https:\/\/mskosticka.cz\/skritci\/wp-json\/wp\/v2\/types\/page"}],"author":[{"embeddable":true,"href":"https:\/\/mskosticka.cz\/skritci\/wp-json\/wp\/v2\/users\/2"}],"replies":[{"embeddable":true,"href":"https:\/\/mskosticka.cz\/skritci\/wp-json\/wp\/v2\/comments?post=24657"}],"version-history":[{"count":3,"href":"https:\/\/mskosticka.cz\/skritci\/wp-json\/wp\/v2\/pages\/24657\/revisions"}],"predecessor-version":[{"id":24662,"href":"https:\/\/mskosticka.cz\/skritci\/wp-json\/wp\/v2\/pages\/24657\/revisions\/24662"}],"up":[{"embeddable":true,"href":"https:\/\/mskosticka.cz\/skritci\/wp-json\/wp\/v2\/pages\/40"}],"wp:featuredmedia":[{"embeddable":true,"href":"https:\/\/mskosticka.cz\/skritci\/wp-json\/wp\/v2\/media\/24660"}],"wp:attachment":[{"href":"https:\/\/mskosticka.cz\/skritci\/wp-json\/wp\/v2\/media?parent=24657"}],"curies":[{"name":"wp","href":"https:\/\/api.w.org\/{rel}","templated":true}]}}