{"id":24819,"date":"2026-01-13T23:10:21","date_gmt":"2026-01-13T22:10:21","guid":{"rendered":"https:\/\/mskosticka.cz\/skritci\/?page_id=24819"},"modified":"2026-01-13T23:11:16","modified_gmt":"2026-01-13T22:11:16","slug":"den-otevrenych-dveri-4-3-2026","status":"publish","type":"page","link":"https:\/\/mskosticka.cz\/skritci\/aktuality\/den-otevrenych-dveri-4-3-2026\/","title":{"rendered":"Den otev\u0159en\u00fdch dve\u0159\u00ed 4.3.2026"},"content":{"rendered":"\n<p>P\u0159ij\u010fte se k n\u00e1m pod\u00edvat a na chvilku si pohr\u00e1t &#8211; <a href=\"https:\/\/mskosticka.cz\/skritci\/wp-content\/uploads\/sites\/2\/2026\/01\/den-otevrenych-dveri-2026.pdf\">Den otev\u0159en\u00fdch dve\u0159\u00ed ve st\u0159edu 4.3.2026<\/a><\/p>\n\n\n\n\n","protected":false},"excerpt":{"rendered":"<p>P\u0159ij\u010fte se k n\u00e1m pod\u00edvat a na chvilku si pohr\u00e1t &#8211; Den otev\u0159en\u00fdch dve\u0159\u00ed ve st\u0159edu 4.3.2026<\/p>\n","protected":false},"author":3,"featured_media":0,"parent":40,"menu_order":0,"comment_status":"closed","ping_status":"closed","template":"news.php","meta":{"footnotes":""},"class_list":["post-24819","page","type-page","status-publish","hentry"],"_links":{"self":[{"href":"https:\/\/mskosticka.cz\/skritci\/wp-json\/wp\/v2\/pages\/24819","targetHints":{"allow":["GET"]}}],"collection":[{"href":"https:\/\/mskosticka.cz\/skritci\/wp-json\/wp\/v2\/pages"}],"about":[{"href":"https:\/\/mskosticka.cz\/skritci\/wp-json\/wp\/v2\/types\/page"}],"author":[{"embeddable":true,"href":"https:\/\/mskosticka.cz\/skritci\/wp-json\/wp\/v2\/users\/3"}],"replies":[{"embeddable":true,"href":"https:\/\/mskosticka.cz\/skritci\/wp-json\/wp\/v2\/comments?post=24819"}],"version-history":[{"count":1,"href":"https:\/\/mskosticka.cz\/skritci\/wp-json\/wp\/v2\/pages\/24819\/revisions"}],"predecessor-version":[{"id":24821,"href":"https:\/\/mskosticka.cz\/skritci\/wp-json\/wp\/v2\/pages\/24819\/revisions\/24821"}],"up":[{"embeddable":true,"href":"https:\/\/mskosticka.cz\/skritci\/wp-json\/wp\/v2\/pages\/40"}],"wp:attachment":[{"href":"https:\/\/mskosticka.cz\/skritci\/wp-json\/wp\/v2\/media?parent=24819"}],"curies":[{"name":"wp","href":"https:\/\/api.w.org\/{rel}","templated":true}]}}