{"id":24848,"date":"2026-03-25T13:29:50","date_gmt":"2026-03-25T12:29:50","guid":{"rendered":"https:\/\/mskosticka.cz\/skritci\/?page_id=24848"},"modified":"2026-03-25T13:36:20","modified_gmt":"2026-03-25T12:36:20","slug":"vysledky-zapisu-do-ms-kosticka","status":"publish","type":"page","link":"https:\/\/mskosticka.cz\/skritci\/aktuality\/vysledky-zapisu-do-ms-kosticka\/","title":{"rendered":"V\u00fdsledky z\u00e1pisu do M\u0160 Kosti\u010dka"},"content":{"rendered":"\n\n\n<p>V\u00fdsledky z\u00e1pisu do M\u0160 Kosti\u010dka, v\u00edce informac\u00ed v sekci <a href=\"https:\/\/mskosticka.cz\/skritci\/prijimani-deti-do-ms-kosticka\/\">p\u0159ij\u00edm\u00e1n\u00ed d\u011bt\u00ed<\/a>.<\/p>\n\n\n","protected":false},"excerpt":{"rendered":"<p>V\u00fdsledky z\u00e1pisu do M\u0160 Kosti\u010dka, v\u00edce informac\u00ed v sekci p\u0159ij\u00edm\u00e1n\u00ed d\u011bt\u00ed.<\/p>\n","protected":false},"author":3,"featured_media":0,"parent":40,"menu_order":0,"comment_status":"closed","ping_status":"closed","template":"news.php","meta":{"footnotes":""},"class_list":["post-24848","page","type-page","status-publish","hentry"],"_links":{"self":[{"href":"https:\/\/mskosticka.cz\/skritci\/wp-json\/wp\/v2\/pages\/24848","targetHints":{"allow":["GET"]}}],"collection":[{"href":"https:\/\/mskosticka.cz\/skritci\/wp-json\/wp\/v2\/pages"}],"about":[{"href":"https:\/\/mskosticka.cz\/skritci\/wp-json\/wp\/v2\/types\/page"}],"author":[{"embeddable":true,"href":"https:\/\/mskosticka.cz\/skritci\/wp-json\/wp\/v2\/users\/3"}],"replies":[{"embeddable":true,"href":"https:\/\/mskosticka.cz\/skritci\/wp-json\/wp\/v2\/comments?post=24848"}],"version-history":[{"count":3,"href":"https:\/\/mskosticka.cz\/skritci\/wp-json\/wp\/v2\/pages\/24848\/revisions"}],"predecessor-version":[{"id":24851,"href":"https:\/\/mskosticka.cz\/skritci\/wp-json\/wp\/v2\/pages\/24848\/revisions\/24851"}],"up":[{"embeddable":true,"href":"https:\/\/mskosticka.cz\/skritci\/wp-json\/wp\/v2\/pages\/40"}],"wp:attachment":[{"href":"https:\/\/mskosticka.cz\/skritci\/wp-json\/wp\/v2\/media?parent=24848"}],"curies":[{"name":"wp","href":"https:\/\/api.w.org\/{rel}","templated":true}]}}