{"id":302,"date":"2011-10-25T08:49:09","date_gmt":"2011-10-25T06:49:09","guid":{"rendered":"http:\/\/misc.david-stary.cz\/mskosticka\/www\/?page_id=302"},"modified":"2018-12-26T21:07:00","modified_gmt":"2018-12-26T20:07:00","slug":"fotografovani-deti","status":"publish","type":"page","link":"https:\/\/mskosticka.cz\/skritci\/aktuality\/fotografovani-deti\/","title":{"rendered":"Fotografov\u00e1n\u00ed d\u011bt\u00ed"},"content":{"rendered":"<p>Ve \u010dtvrtek\u00a0 3.listopadu prob\u011bhne ve \u0161kolce b\u011bhem dopoledne fotografov\u00e1n\u00ed d\u011bt\u00ed.<br \/>\nJedn\u00e1 se o v\u00e1no\u010dn\u00ed sadu cca 10 fotografi\u00ed. Cena za sadu je 269,-K\u010d.<br \/>\nFotografov\u00e1ny budou v\u0161echny d\u011bti, ale je mo\u017en\u00e9 sadu odm\u00edtnout. Vyberte d\u011btem hezk\u00e9 sv\u00e1te\u010dn\u00ed oble\u010den\u00ed.<\/p>\n","protected":false},"excerpt":{"rendered":"<p>Ve \u010dtvrtek\u00a0 3.listopadu prob\u011bhne ve \u0161kolce b\u011bhem dopoledne fotografov\u00e1n\u00ed d\u011bt\u00ed. Jedn\u00e1 se o v\u00e1no\u010dn\u00ed sadu cca 10 fotografi\u00ed. Cena za &hellip;<\/p>\n","protected":false},"author":2,"featured_media":0,"parent":40,"menu_order":1,"comment_status":"closed","ping_status":"closed","template":"news.php","meta":{"footnotes":""},"class_list":["post-302","page","type-page","status-publish","hentry"],"_links":{"self":[{"href":"https:\/\/mskosticka.cz\/skritci\/wp-json\/wp\/v2\/pages\/302","targetHints":{"allow":["GET"]}}],"collection":[{"href":"https:\/\/mskosticka.cz\/skritci\/wp-json\/wp\/v2\/pages"}],"about":[{"href":"https:\/\/mskosticka.cz\/skritci\/wp-json\/wp\/v2\/types\/page"}],"author":[{"embeddable":true,"href":"https:\/\/mskosticka.cz\/skritci\/wp-json\/wp\/v2\/users\/2"}],"replies":[{"embeddable":true,"href":"https:\/\/mskosticka.cz\/skritci\/wp-json\/wp\/v2\/comments?post=302"}],"version-history":[{"count":1,"href":"https:\/\/mskosticka.cz\/skritci\/wp-json\/wp\/v2\/pages\/302\/revisions"}],"predecessor-version":[{"id":13194,"href":"https:\/\/mskosticka.cz\/skritci\/wp-json\/wp\/v2\/pages\/302\/revisions\/13194"}],"up":[{"embeddable":true,"href":"https:\/\/mskosticka.cz\/skritci\/wp-json\/wp\/v2\/pages\/40"}],"wp:attachment":[{"href":"https:\/\/mskosticka.cz\/skritci\/wp-json\/wp\/v2\/media?parent=302"}],"curies":[{"name":"wp","href":"https:\/\/api.w.org\/{rel}","templated":true}]}}