{"id":305,"date":"2011-11-24T08:57:18","date_gmt":"2011-11-24T07:57:18","guid":{"rendered":"http:\/\/misc.david-stary.cz\/mskosticka\/www\/?page_id=305"},"modified":"2018-12-26T21:07:00","modified_gmt":"2018-12-26T20:07:00","slug":"mikulas-v-kosticce","status":"publish","type":"page","link":"https:\/\/mskosticka.cz\/skritci\/aktuality\/mikulas-v-kosticce\/","title":{"rendered":"Mikul\u00e1\u0161 v Kosti\u010dce"},"content":{"rendered":"<p>V pond\u011bl\u00ed 5. prosince p\u0159ijde v dopoledn\u00edch hodin\u00e1ch do \u0161kolky Mikul\u00e1\u0161 s and\u011blem a \u010dertem.<br \/>\nKa\u017ed\u00e9 d\u00edt\u011b dostane od Mikul\u00e1\u0161e mal\u00fd bal\u00ed\u010dek a je\u0161t\u011b dal\u0161\u00ed od spole\u010dnosti Eurest, kter\u00e1 zaji\u0161\u0165uje ve \u0161kolce stravov\u00e1n\u00ed. Spole\u010dn\u011b si v\u0161ichni zazp\u00edvaj\u00ed \u010dertovsk\u00e9 a mikul\u00e1\u0161sk\u00e9 p\u00edsni\u010dky a b\u00e1sni\u010dky.<br \/>\nV\u00e1no\u010dn\u00ed bes\u00eddky pro rodi\u010de a posezen\u00ed u v\u00e1no\u010dn\u00edch strome\u010dk\u016f se bude v jednotliv\u00fdch t\u0159\u00edd\u00e1ch konat v t\u00fddnu od 12. \u2013 16. prosince v odpoledn\u00edch hodin\u00e1ch. Bli\u017e\u0161\u00ed informace se dozv\u00edte na n\u00e1st\u011bnk\u00e1ch ve sv\u00fdch t\u0159\u00edd\u00e1ch.<\/p>\n","protected":false},"excerpt":{"rendered":"<p>V pond\u011bl\u00ed 5. prosince p\u0159ijde v dopoledn\u00edch hodin\u00e1ch do \u0161kolky Mikul\u00e1\u0161 s and\u011blem a \u010dertem. Ka\u017ed\u00e9 d\u00edt\u011b dostane od Mikul\u00e1\u0161e &hellip;<\/p>\n","protected":false},"author":2,"featured_media":0,"parent":40,"menu_order":2,"comment_status":"closed","ping_status":"closed","template":"news.php","meta":{"footnotes":""},"class_list":["post-305","page","type-page","status-publish","hentry"],"_links":{"self":[{"href":"https:\/\/mskosticka.cz\/skritci\/wp-json\/wp\/v2\/pages\/305","targetHints":{"allow":["GET"]}}],"collection":[{"href":"https:\/\/mskosticka.cz\/skritci\/wp-json\/wp\/v2\/pages"}],"about":[{"href":"https:\/\/mskosticka.cz\/skritci\/wp-json\/wp\/v2\/types\/page"}],"author":[{"embeddable":true,"href":"https:\/\/mskosticka.cz\/skritci\/wp-json\/wp\/v2\/users\/2"}],"replies":[{"embeddable":true,"href":"https:\/\/mskosticka.cz\/skritci\/wp-json\/wp\/v2\/comments?post=305"}],"version-history":[{"count":1,"href":"https:\/\/mskosticka.cz\/skritci\/wp-json\/wp\/v2\/pages\/305\/revisions"}],"predecessor-version":[{"id":13196,"href":"https:\/\/mskosticka.cz\/skritci\/wp-json\/wp\/v2\/pages\/305\/revisions\/13196"}],"up":[{"embeddable":true,"href":"https:\/\/mskosticka.cz\/skritci\/wp-json\/wp\/v2\/pages\/40"}],"wp:attachment":[{"href":"https:\/\/mskosticka.cz\/skritci\/wp-json\/wp\/v2\/media?parent=305"}],"curies":[{"name":"wp","href":"https:\/\/api.w.org\/{rel}","templated":true}]}}