{"id":309,"date":"2012-03-25T08:59:16","date_gmt":"2012-03-25T06:59:16","guid":{"rendered":"http:\/\/misc.david-stary.cz\/mskosticka\/www\/?page_id=309"},"modified":"2018-12-26T21:07:00","modified_gmt":"2018-12-26T20:07:00","slug":"jarni-zpivani","status":"publish","type":"page","link":"https:\/\/mskosticka.cz\/skritci\/aktuality\/jarni-zpivani\/","title":{"rendered":"Jarn\u00ed zp\u00edv\u00e1n\u00ed"},"content":{"rendered":"<p>Spole\u010dn\u00e9 vystoupen\u00ed v\u0161ech d\u011bt\u00ed z Kosti\u010dky se z d\u016fvodu chladn\u00e9ho po\u010das\u00ed <strong>p\u0159esouv\u00e1 na 25. dubna.<\/strong> Ostatn\u00ed v\u011bci z\u016fst\u00e1vaj\u00ed beze zm\u011bny.<\/p>\n","protected":false},"excerpt":{"rendered":"<p>Spole\u010dn\u00e9 vystoupen\u00ed v\u0161ech d\u011bt\u00ed z Kosti\u010dky se z d\u016fvodu chladn\u00e9ho po\u010das\u00ed p\u0159esouv\u00e1 na 25. dubna. Ostatn\u00ed v\u011bci z\u016fst\u00e1vaj\u00ed beze zm\u011bny.<\/p>\n","protected":false},"author":2,"featured_media":558,"parent":40,"menu_order":4,"comment_status":"closed","ping_status":"closed","template":"news.php","meta":{"footnotes":""},"class_list":["post-309","page","type-page","status-publish","has-post-thumbnail","hentry"],"_links":{"self":[{"href":"https:\/\/mskosticka.cz\/skritci\/wp-json\/wp\/v2\/pages\/309","targetHints":{"allow":["GET"]}}],"collection":[{"href":"https:\/\/mskosticka.cz\/skritci\/wp-json\/wp\/v2\/pages"}],"about":[{"href":"https:\/\/mskosticka.cz\/skritci\/wp-json\/wp\/v2\/types\/page"}],"author":[{"embeddable":true,"href":"https:\/\/mskosticka.cz\/skritci\/wp-json\/wp\/v2\/users\/2"}],"replies":[{"embeddable":true,"href":"https:\/\/mskosticka.cz\/skritci\/wp-json\/wp\/v2\/comments?post=309"}],"version-history":[{"count":1,"href":"https:\/\/mskosticka.cz\/skritci\/wp-json\/wp\/v2\/pages\/309\/revisions"}],"predecessor-version":[{"id":13199,"href":"https:\/\/mskosticka.cz\/skritci\/wp-json\/wp\/v2\/pages\/309\/revisions\/13199"}],"up":[{"embeddable":true,"href":"https:\/\/mskosticka.cz\/skritci\/wp-json\/wp\/v2\/pages\/40"}],"wp:featuredmedia":[{"embeddable":true,"href":"https:\/\/mskosticka.cz\/skritci\/wp-json\/wp\/v2\/media\/558"}],"wp:attachment":[{"href":"https:\/\/mskosticka.cz\/skritci\/wp-json\/wp\/v2\/media?parent=309"}],"curies":[{"name":"wp","href":"https:\/\/api.w.org\/{rel}","templated":true}]}}