{"id":316,"date":"2012-04-24T09:01:50","date_gmt":"2012-04-24T07:01:50","guid":{"rendered":"http:\/\/misc.david-stary.cz\/mskosticka\/www\/?page_id=316"},"modified":"2018-12-26T21:07:00","modified_gmt":"2018-12-26T20:07:00","slug":"vyhodnoceni-prijimaciho-rizeni-pro-skolni-rok-20122013","status":"publish","type":"page","link":"https:\/\/mskosticka.cz\/skritci\/aktuality\/vyhodnoceni-prijimaciho-rizeni-pro-skolni-rok-20122013\/","title":{"rendered":"Vyhodnocen\u00ed p\u0159ij\u00edmac\u00edho \u0159\u00edzen\u00ed pro \u0161koln\u00ed rok 2012\/2013"},"content":{"rendered":"<p><a href=\"http:\/\/www.mskosticka.cz\/wp-content\/uploads\/2017\/11\/Vyhodnocen\u00ed-p\u0159ij\u00edm.\u0159\u00edz.2012-2013.pdf\">Vyhodnocen\u00ed-p\u0159ij\u00edm.\u0159\u00edz.2012-2013<\/a><br \/>\n<a href=\"http:\/\/www.mskosticka.cz\/wp-content\/uploads\/2017\/11\/P\u0159ijat\u00e9-d\u011bti-z\u00e1pis-2012.pdf\">P\u0159ijat\u00e9-d\u011bti-z\u00e1pis-2012<\/a><\/p>\n","protected":false},"excerpt":{"rendered":"<p>Vyhodnocen\u00ed-p\u0159ij\u00edm.\u0159\u00edz.2012-2013 P\u0159ijat\u00e9-d\u011bti-z\u00e1pis-2012<\/p>\n","protected":false},"author":2,"featured_media":0,"parent":40,"menu_order":6,"comment_status":"closed","ping_status":"closed","template":"news.php","meta":{"footnotes":""},"class_list":["post-316","page","type-page","status-publish","hentry"],"_links":{"self":[{"href":"https:\/\/mskosticka.cz\/skritci\/wp-json\/wp\/v2\/pages\/316","targetHints":{"allow":["GET"]}}],"collection":[{"href":"https:\/\/mskosticka.cz\/skritci\/wp-json\/wp\/v2\/pages"}],"about":[{"href":"https:\/\/mskosticka.cz\/skritci\/wp-json\/wp\/v2\/types\/page"}],"author":[{"embeddable":true,"href":"https:\/\/mskosticka.cz\/skritci\/wp-json\/wp\/v2\/users\/2"}],"replies":[{"embeddable":true,"href":"https:\/\/mskosticka.cz\/skritci\/wp-json\/wp\/v2\/comments?post=316"}],"version-history":[{"count":1,"href":"https:\/\/mskosticka.cz\/skritci\/wp-json\/wp\/v2\/pages\/316\/revisions"}],"predecessor-version":[{"id":13201,"href":"https:\/\/mskosticka.cz\/skritci\/wp-json\/wp\/v2\/pages\/316\/revisions\/13201"}],"up":[{"embeddable":true,"href":"https:\/\/mskosticka.cz\/skritci\/wp-json\/wp\/v2\/pages\/40"}],"wp:attachment":[{"href":"https:\/\/mskosticka.cz\/skritci\/wp-json\/wp\/v2\/media?parent=316"}],"curies":[{"name":"wp","href":"https:\/\/api.w.org\/{rel}","templated":true}]}}