{"id":318,"date":"2012-06-18T09:02:47","date_gmt":"2012-06-18T07:02:47","guid":{"rendered":"http:\/\/misc.david-stary.cz\/mskosticka\/www\/?page_id=318"},"modified":"2018-12-26T21:07:00","modified_gmt":"2018-12-26T20:07:00","slug":"zmena-ve-tride-smisku-a-kulihrasku","status":"publish","type":"page","link":"https:\/\/mskosticka.cz\/skritci\/aktuality\/zmena-ve-tride-smisku-a-kulihrasku\/","title":{"rendered":"Zm\u011bna ve t\u0159\u00edd\u011b Sm\u00ed\u0161k\u016f a Kulihr\u00e1\u0161k\u016f"},"content":{"rendered":"<p>V\u00e1\u017een\u00ed rodi\u010de,<br \/>\nve t\u0159\u00edd\u00e1ch Sm\u00ed\u0161k\u016f a Kulihr\u00e1\u0161k\u016f nastane od z\u00e1\u0159\u00ed mal\u00e1 zm\u011bna.<br \/>\nPan\u00ed u\u010ditelky Jitku G\u00f6rnerovou a Mark\u00e9tu Vonderkovou vyst\u0159\u00eddaj\u00ed jin\u00e9 pan\u00ed u\u010ditelky Lenka Gramerov\u00e1 a Ad\u00e9la Pileck\u00e1. Ob\u011b ji\u017e v mate\u0159sk\u00fdch \u0161kol\u00e1ch s d\u011btmi pracovaly.<br \/>\nOstatn\u00ed pan\u00ed u\u010ditelky ve sv\u00fdch t\u0159\u00edd\u00e1ch z\u016fst\u00e1vaj\u00ed, tak\u00e9 d\u011bti v p\u0159\u00ed\u0161t\u00edm \u0161koln\u00edm roce 2012\/ 2013 z\u016fst\u00e1vaj\u00ed ve sv\u00fdch t\u0159\u00edd\u00e1ch se sv\u00fdmi kamar\u00e1dy. P\u0159ibudou k nim d\u011bti nov\u011b p\u0159ijat\u00e9.<\/p>\n","protected":false},"excerpt":{"rendered":"<p>V\u00e1\u017een\u00ed rodi\u010de, ve t\u0159\u00edd\u00e1ch Sm\u00ed\u0161k\u016f a Kulihr\u00e1\u0161k\u016f nastane od z\u00e1\u0159\u00ed mal\u00e1 zm\u011bna. Pan\u00ed u\u010ditelky Jitku G\u00f6rnerovou a Mark\u00e9tu Vonderkovou vyst\u0159\u00eddaj\u00ed &hellip;<\/p>\n","protected":false},"author":2,"featured_media":0,"parent":40,"menu_order":7,"comment_status":"closed","ping_status":"closed","template":"news.php","meta":{"footnotes":""},"class_list":["post-318","page","type-page","status-publish","hentry"],"_links":{"self":[{"href":"https:\/\/mskosticka.cz\/skritci\/wp-json\/wp\/v2\/pages\/318","targetHints":{"allow":["GET"]}}],"collection":[{"href":"https:\/\/mskosticka.cz\/skritci\/wp-json\/wp\/v2\/pages"}],"about":[{"href":"https:\/\/mskosticka.cz\/skritci\/wp-json\/wp\/v2\/types\/page"}],"author":[{"embeddable":true,"href":"https:\/\/mskosticka.cz\/skritci\/wp-json\/wp\/v2\/users\/2"}],"replies":[{"embeddable":true,"href":"https:\/\/mskosticka.cz\/skritci\/wp-json\/wp\/v2\/comments?post=318"}],"version-history":[{"count":1,"href":"https:\/\/mskosticka.cz\/skritci\/wp-json\/wp\/v2\/pages\/318\/revisions"}],"predecessor-version":[{"id":13202,"href":"https:\/\/mskosticka.cz\/skritci\/wp-json\/wp\/v2\/pages\/318\/revisions\/13202"}],"up":[{"embeddable":true,"href":"https:\/\/mskosticka.cz\/skritci\/wp-json\/wp\/v2\/pages\/40"}],"wp:attachment":[{"href":"https:\/\/mskosticka.cz\/skritci\/wp-json\/wp\/v2\/media?parent=318"}],"curies":[{"name":"wp","href":"https:\/\/api.w.org\/{rel}","templated":true}]}}