{"id":321,"date":"2012-06-18T09:03:43","date_gmt":"2012-06-18T07:03:43","guid":{"rendered":"http:\/\/misc.david-stary.cz\/mskosticka\/www\/?page_id=321"},"modified":"2018-12-26T21:07:00","modified_gmt":"2018-12-26T20:07:00","slug":"nejpilnejsi-ctenari-kostickove-knihovny","status":"publish","type":"page","link":"https:\/\/mskosticka.cz\/skritci\/aktuality\/nejpilnejsi-ctenari-kostickove-knihovny\/","title":{"rendered":"Nejpiln\u011bj\u0161\u00ed \u010dten\u00e1\u0159i Kosti\u010dkov\u00e9 knihovny"},"content":{"rendered":"<p>Mil\u00ed rodi\u010de,<br \/>\nKosti\u010dkovou knihovnu jsme pro d\u011bti otev\u0159eli v\u00a0b\u0159eznu tohoto roku. V\u00a0provozu je tedy celkem \u010dty\u0159i m\u011bs\u00edce, b\u011bhem nich\u017e si d\u011bti mohly p\u016fj\u010dovat nejr\u016fzn\u011bj\u0161\u00ed knihy, kter\u00e9 jste n\u00e1m donesli, nebo \u0161kolka zakoupila.\u00a0 Ze v\u0161ech t\u0159\u00edd se p\u0159ihl\u00e1silo 33 mal\u00fdch \u010dten\u00e1\u0159\u016f, kte\u0159\u00ed maj\u00ed z\u00e1jem o knihy a rodi\u010de je v\u00a0jejich z\u00e1jmu maxim\u00e1ln\u011b podporuj\u00ed. Jsme r\u00e1dy, \u017ee knihovna dob\u0159e funguje a d\u011bti si knihy p\u016fj\u010duj\u00ed.<br \/>\nProto jsme se rozhodly vyhl\u00e1sit nejlep\u0161\u00ed \u010dten\u00e1\u0159e a odm\u011bnit je d\u00e1rkem. Jsou to d\u011bti, kter\u00e9 si nej\u010dast\u011bji p\u016fj\u010dovaly kn\u00ed\u017eky:<br \/>\n<em>\u010cerven\u00e1 t\u0159\u00edda:<\/em> NAT\u00c1LKA MAHELOV\u00c1,\u00a0DAV\u00cdDEK DUR\u010c\u00c1K<br \/>\n<em>Zelen\u00e1 t\u0159\u00edda<\/em>: KA\u010cENKA \u0160OCHMANOV\u00c1,\u00a0KRIST\u00ddNKA SLAB\u00c1,\u00a0HONZ\u00cdK URBAN<br \/>\n<em>Modr\u00e1 t\u0159\u00edda:<\/em> VOJT\u00cdK TUREK<br \/>\nPro\u010d je d\u016fle\u017eit\u00e9 \u010dten\u00ed v\u00a0\u017eivot\u011b d\u00edt\u011bte?<br \/>\nK\u00a0tomu, aby \u010dlov\u011bk dok\u00e1zal komunikovat s\u00a0okol\u00edm, porozum\u011bl tomu, co se kolem n\u011bj d\u011bje, pot\u0159ebuje b\u00fdt \u010dten\u00e1\u0159sky gramotn\u00fd. \u010cten\u00ed pot\u0159ebujeme nejen pro vzd\u011bl\u00e1v\u00e1n\u00ed a z\u00edsk\u00e1v\u00e1n\u00ed informac\u00ed, ale tak\u00e9 pro komunikaci ve spole\u010dnosti.<br \/>\nMal\u00fd \u010dten\u00e1\u0159<br \/>\nZ d\u00edt\u011bte se v tomto obdob\u00ed st\u00e1v\u00e1 prvn\u00ed \u010dten\u00e1\u0159, kter\u00fd poslouch\u00e1 a jemu\u017e p\u0159ed\u010d\u00edt\u00e1me. \u010cten\u00e1\u0159, kter\u00fd p\u0159em\u00fd\u0161l\u00ed o textech, prohl\u00ed\u017e\u00ed si kn\u00ed\u017eky a ilustrace a z\u00edsk\u00e1v\u00e1 k nim vztah, aby se tak\u00e9 jednou stal aktivn\u00edm \u010dten\u00e1\u0159em. S\u00e1m sice je\u0161t\u011b ne\u010dte, ale utv\u00e1\u0159\u00ed se jeho motivace, vztah ke psan\u00e9 \u0159e\u010di, zrakov\u00e9 a sluchov\u00e9 vn\u00edm\u00e1n\u00ed, p\u0159edstavivost a pam\u011b\u0165\u2026.<br \/>\nPodporujme a ve\u010fme spole\u010dn\u011b na\u0161e d\u011bti k l\u00e1sce a vztahu ke knih\u00e1m.<\/p>\n","protected":false},"excerpt":{"rendered":"<p>Mil\u00ed rodi\u010de, Kosti\u010dkovou knihovnu jsme pro d\u011bti otev\u0159eli v\u00a0b\u0159eznu tohoto roku. V\u00a0provozu je tedy celkem \u010dty\u0159i m\u011bs\u00edce, b\u011bhem nich\u017e si &hellip;<\/p>\n","protected":false},"author":2,"featured_media":554,"parent":40,"menu_order":8,"comment_status":"closed","ping_status":"closed","template":"news.php","meta":{"footnotes":""},"class_list":["post-321","page","type-page","status-publish","has-post-thumbnail","hentry"],"_links":{"self":[{"href":"https:\/\/mskosticka.cz\/skritci\/wp-json\/wp\/v2\/pages\/321","targetHints":{"allow":["GET"]}}],"collection":[{"href":"https:\/\/mskosticka.cz\/skritci\/wp-json\/wp\/v2\/pages"}],"about":[{"href":"https:\/\/mskosticka.cz\/skritci\/wp-json\/wp\/v2\/types\/page"}],"author":[{"embeddable":true,"href":"https:\/\/mskosticka.cz\/skritci\/wp-json\/wp\/v2\/users\/2"}],"replies":[{"embeddable":true,"href":"https:\/\/mskosticka.cz\/skritci\/wp-json\/wp\/v2\/comments?post=321"}],"version-history":[{"count":1,"href":"https:\/\/mskosticka.cz\/skritci\/wp-json\/wp\/v2\/pages\/321\/revisions"}],"predecessor-version":[{"id":13203,"href":"https:\/\/mskosticka.cz\/skritci\/wp-json\/wp\/v2\/pages\/321\/revisions\/13203"}],"up":[{"embeddable":true,"href":"https:\/\/mskosticka.cz\/skritci\/wp-json\/wp\/v2\/pages\/40"}],"wp:featuredmedia":[{"embeddable":true,"href":"https:\/\/mskosticka.cz\/skritci\/wp-json\/wp\/v2\/media\/554"}],"wp:attachment":[{"href":"https:\/\/mskosticka.cz\/skritci\/wp-json\/wp\/v2\/media?parent=321"}],"curies":[{"name":"wp","href":"https:\/\/api.w.org\/{rel}","templated":true}]}}