{"id":333,"date":"2012-09-22T09:17:35","date_gmt":"2012-09-22T07:17:35","guid":{"rendered":"http:\/\/misc.david-stary.cz\/mskosticka\/www\/?page_id=333"},"modified":"2018-12-26T21:07:00","modified_gmt":"2018-12-26T20:07:00","slug":"podekovani","status":"publish","type":"page","link":"https:\/\/mskosticka.cz\/skritci\/aktuality\/podekovani\/","title":{"rendered":"Pod\u011bkov\u00e1n\u00ed"},"content":{"rendered":"<p>N\u00e1\u0161 velk\u00fd d\u00edk pat\u0159\u00ed v\u0161em rodi\u010d\u016fm, kte\u0159\u00ed n\u00e1s p\u0159i\u0161li ve \u010dtvrtek 20.9. podpo\u0159it ve sna\u017een\u00ed vytvo\u0159it pro d\u011bti z Kosti\u010dky na zahrad\u011b z\u00e1honky, \u00a0kter\u00e9 by si mohly d\u011bti samy obhospoda\u0159ovat. Kde by se mohly samy d\u011bti starat o rostliny a zeleninu, kterou tam spole\u010dn\u011b zasad\u00edme a snad i vyp\u011bstujeme.<br \/>\nD\u00e1le \u2013 b\u011bhem pond\u011bl\u00ed 24.9. \u2013 st\u0159edy 26. 9. prob\u011bhne ve \u0161kolce plo\u0161n\u00e9 vy\u0161et\u0159en\u00ed \u0159e\u010di d\u011bt\u00ed (logopedick\u00fd screening).<br \/>\nV\u0161e prob\u011bhne prost\u0159ednictv\u00edm hry s logopedickou asistentkou. Rodi\u010de budou informov\u00e1ni o v\u00fdsledku, p\u0159\u00edpadn\u011b pot\u0159ebn\u00e9 n\u00e1prav\u011b.<\/p>\n","protected":false},"excerpt":{"rendered":"<p>N\u00e1\u0161 velk\u00fd d\u00edk pat\u0159\u00ed v\u0161em rodi\u010d\u016fm, kte\u0159\u00ed n\u00e1s p\u0159i\u0161li ve \u010dtvrtek 20.9. podpo\u0159it ve sna\u017een\u00ed vytvo\u0159it pro d\u011bti z Kosti\u010dky &hellip;<\/p>\n","protected":false},"author":2,"featured_media":0,"parent":40,"menu_order":10,"comment_status":"closed","ping_status":"closed","template":"news.php","meta":{"footnotes":""},"class_list":["post-333","page","type-page","status-publish","hentry"],"_links":{"self":[{"href":"https:\/\/mskosticka.cz\/skritci\/wp-json\/wp\/v2\/pages\/333","targetHints":{"allow":["GET"]}}],"collection":[{"href":"https:\/\/mskosticka.cz\/skritci\/wp-json\/wp\/v2\/pages"}],"about":[{"href":"https:\/\/mskosticka.cz\/skritci\/wp-json\/wp\/v2\/types\/page"}],"author":[{"embeddable":true,"href":"https:\/\/mskosticka.cz\/skritci\/wp-json\/wp\/v2\/users\/2"}],"replies":[{"embeddable":true,"href":"https:\/\/mskosticka.cz\/skritci\/wp-json\/wp\/v2\/comments?post=333"}],"version-history":[{"count":1,"href":"https:\/\/mskosticka.cz\/skritci\/wp-json\/wp\/v2\/pages\/333\/revisions"}],"predecessor-version":[{"id":13205,"href":"https:\/\/mskosticka.cz\/skritci\/wp-json\/wp\/v2\/pages\/333\/revisions\/13205"}],"up":[{"embeddable":true,"href":"https:\/\/mskosticka.cz\/skritci\/wp-json\/wp\/v2\/pages\/40"}],"wp:attachment":[{"href":"https:\/\/mskosticka.cz\/skritci\/wp-json\/wp\/v2\/media?parent=333"}],"curies":[{"name":"wp","href":"https:\/\/api.w.org\/{rel}","templated":true}]}}