{"id":339,"date":"2013-01-02T09:25:19","date_gmt":"2013-01-02T08:25:19","guid":{"rendered":"http:\/\/misc.david-stary.cz\/mskosticka\/www\/?page_id=339"},"modified":"2018-12-26T21:07:01","modified_gmt":"2018-12-26T20:07:01","slug":"podekovani-za-spolupraci-a-prani-stastneho-roku-2013","status":"publish","type":"page","link":"https:\/\/mskosticka.cz\/skritci\/aktuality\/podekovani-za-spolupraci-a-prani-stastneho-roku-2013\/","title":{"rendered":"Pod\u011bkov\u00e1n\u00ed za spolupr\u00e1ci a p\u0159\u00e1n\u00ed \u0161\u0165astn\u00e9ho roku 2013"},"content":{"rendered":"<p>D\u011bkujeme \u00a0rodi\u010d\u016fm, kte\u0159\u00ed se pod\u00edlej\u00ed na chodu \u0161kolky a v\u0161em p\u0159ejeme \u0161\u0165astn\u00fd nov\u00fd rok!<br \/>\n<strong>N\u00e1\u0161 velk\u00fd d\u00edk pat\u0159\u00ed:<\/strong><br \/>\ntat\u00ednkovi Ad\u00e1mka \u010c\u00e1pa, kter\u00fd odv\u00e1\u017e\u00ed sb\u011br pap\u00edru ze \u0161kolky do sb\u011brny<br \/>\nv\u0161em rodi\u010d\u016fm, kte\u0159\u00ed piln\u011b nos\u00ed d\u00e1l sv\u00e1zan\u00e9 bal\u00edky pap\u00edru<br \/>\nmamince Roz\u00e1rky Stoj\u010devsk\u00e9, za dod\u00e1n\u00ed podzimn\u00edch chryzant\u00e9m, kter\u00e9 zdobily vchody do Kosti\u010dky<br \/>\nv\u0161em rodi\u010d\u016fm, kte\u0159\u00ed nos\u00ed pro d\u011bti pap\u00edry na kreslen\u00ed a dal\u0161\u00ed v\u00fdtvarn\u00e9 a pracovn\u00ed pom\u016fcky, drobn\u00e9 hra\u010dky<br \/>\nv\u0161em rodi\u010d\u016fm, kte\u0159\u00ed pom\u00e1hali p\u0159i prac\u00edch na \u0161koln\u00ed zahrad\u011b<br \/>\nrodi\u010d\u016fm Ad\u00e9lky Korbelov\u00e9, kte\u0159\u00ed darovali p\u0159ed V\u00e1noci pro \u0161kolku star\u0161\u00ed pra\u010dku.<br \/>\n<strong>Pros\u00edme a hled\u00e1me \u0161ikovnou maminku nebo babi\u010dku<\/strong>, kter\u00e1 by mohla u\u0161\u00edt pro hol\u010di\u010dky jednoduch\u00e9 princeznovsk\u00e9 sukn\u011b a z\u00e1voje. L\u00e1tky a z\u00e1clonovinu m\u00e1me k dispozici.<\/p>\n","protected":false},"excerpt":{"rendered":"<p>D\u011bkujeme \u00a0rodi\u010d\u016fm, kte\u0159\u00ed se pod\u00edlej\u00ed na chodu \u0161kolky a v\u0161em p\u0159ejeme \u0161\u0165astn\u00fd nov\u00fd rok! N\u00e1\u0161 velk\u00fd d\u00edk pat\u0159\u00ed: tat\u00ednkovi Ad\u00e1mka &hellip;<\/p>\n","protected":false},"author":2,"featured_media":0,"parent":40,"menu_order":13,"comment_status":"closed","ping_status":"closed","template":"news.php","meta":{"footnotes":""},"class_list":["post-339","page","type-page","status-publish","hentry"],"_links":{"self":[{"href":"https:\/\/mskosticka.cz\/skritci\/wp-json\/wp\/v2\/pages\/339","targetHints":{"allow":["GET"]}}],"collection":[{"href":"https:\/\/mskosticka.cz\/skritci\/wp-json\/wp\/v2\/pages"}],"about":[{"href":"https:\/\/mskosticka.cz\/skritci\/wp-json\/wp\/v2\/types\/page"}],"author":[{"embeddable":true,"href":"https:\/\/mskosticka.cz\/skritci\/wp-json\/wp\/v2\/users\/2"}],"replies":[{"embeddable":true,"href":"https:\/\/mskosticka.cz\/skritci\/wp-json\/wp\/v2\/comments?post=339"}],"version-history":[{"count":1,"href":"https:\/\/mskosticka.cz\/skritci\/wp-json\/wp\/v2\/pages\/339\/revisions"}],"predecessor-version":[{"id":13208,"href":"https:\/\/mskosticka.cz\/skritci\/wp-json\/wp\/v2\/pages\/339\/revisions\/13208"}],"up":[{"embeddable":true,"href":"https:\/\/mskosticka.cz\/skritci\/wp-json\/wp\/v2\/pages\/40"}],"wp:attachment":[{"href":"https:\/\/mskosticka.cz\/skritci\/wp-json\/wp\/v2\/media?parent=339"}],"curies":[{"name":"wp","href":"https:\/\/api.w.org\/{rel}","templated":true}]}}