{"id":3466,"date":"2018-03-20T18:36:23","date_gmt":"2018-03-20T17:36:23","guid":{"rendered":"http:\/\/www.mskosticka.cz\/?page_id=3466"},"modified":"2018-12-26T21:07:00","modified_gmt":"2018-12-26T20:07:00","slug":"den-otevrenych-dveri-4","status":"publish","type":"page","link":"https:\/\/mskosticka.cz\/skritci\/aktuality\/den-otevrenych-dveri-4\/","title":{"rendered":"DEN OTEV\u0158EN\u00ddCH DVE\u0158\u00cd"},"content":{"rendered":"<h2>Den otev\u0159en\u00fdch dve\u0159\u00ed<\/h2>\n<p>bude prob\u00edhat v mate\u0159sk\u00e9 \u0161kolce Kosti\u010dka, dne <strong>19. 04. 2018<\/strong> od <strong>09:30 &#8211; 11:00<\/strong> a od<strong>15:30 &#8211; 16:30<\/strong>.<br \/>\nP\u0159ij\u010fte si k n\u00e1m pohr\u00e1t \u263a<br \/>\n<img loading=\"lazy\" decoding=\"async\" class=\"aligncenter size-large wp-image-3468\" src=\"http:\/\/www.mskosticka.cz\/wp-content\/uploads\/2018\/03\/DSC02990-768x1024.jpg\" alt=\"\" width=\"768\" height=\"1024\" \/><\/p>\n","protected":false},"excerpt":{"rendered":"<p>Den otev\u0159en\u00fdch dve\u0159\u00ed bude prob\u00edhat v mate\u0159sk\u00e9 \u0161kolce Kosti\u010dka, dne 19. 04. 2018 od 09:30 &#8211; 11:00 a od15:30 &#8211; &hellip;<\/p>\n","protected":false},"author":2,"featured_media":0,"parent":40,"menu_order":1,"comment_status":"closed","ping_status":"closed","template":"news.php","meta":{"footnotes":""},"class_list":["post-3466","page","type-page","status-publish","hentry"],"_links":{"self":[{"href":"https:\/\/mskosticka.cz\/skritci\/wp-json\/wp\/v2\/pages\/3466","targetHints":{"allow":["GET"]}}],"collection":[{"href":"https:\/\/mskosticka.cz\/skritci\/wp-json\/wp\/v2\/pages"}],"about":[{"href":"https:\/\/mskosticka.cz\/skritci\/wp-json\/wp\/v2\/types\/page"}],"author":[{"embeddable":true,"href":"https:\/\/mskosticka.cz\/skritci\/wp-json\/wp\/v2\/users\/2"}],"replies":[{"embeddable":true,"href":"https:\/\/mskosticka.cz\/skritci\/wp-json\/wp\/v2\/comments?post=3466"}],"version-history":[{"count":1,"href":"https:\/\/mskosticka.cz\/skritci\/wp-json\/wp\/v2\/pages\/3466\/revisions"}],"predecessor-version":[{"id":13195,"href":"https:\/\/mskosticka.cz\/skritci\/wp-json\/wp\/v2\/pages\/3466\/revisions\/13195"}],"up":[{"embeddable":true,"href":"https:\/\/mskosticka.cz\/skritci\/wp-json\/wp\/v2\/pages\/40"}],"wp:attachment":[{"href":"https:\/\/mskosticka.cz\/skritci\/wp-json\/wp\/v2\/media?parent=3466"}],"curies":[{"name":"wp","href":"https:\/\/api.w.org\/{rel}","templated":true}]}}