{"id":350,"date":"2013-02-22T09:29:32","date_gmt":"2013-02-22T08:29:32","guid":{"rendered":"http:\/\/misc.david-stary.cz\/mskosticka\/www\/?page_id=350"},"modified":"2018-12-26T21:07:01","modified_gmt":"2018-12-26T20:07:01","slug":"zapis-do-ms-kosticka","status":"publish","type":"page","link":"https:\/\/mskosticka.cz\/skritci\/aktuality\/zapis-do-ms-kosticka\/","title":{"rendered":"Z\u00e1pis do M\u0160 Kosti\u010dka"},"content":{"rendered":"<p>V\u00e1\u017een\u00ed rodi\u010de,<br \/>\nkte\u0159\u00ed m\u00e1te z\u00e1jem p\u0159ij\u00edt k z\u00e1pisu do na\u0161\u00ed mate\u0159sk\u00e9 \u0161kolky, pod\u00edvejte se je\u0161t\u011b na Krit\u00e9ria p\u0159ij\u00edm\u00e1n\u00ed d\u011bt\u00ed do Kosti\u010dky, kter\u00e1 jsou vyv\u011b\u0161ena na t\u011bchto webov\u00fdch str\u00e1nk\u00e1ch v sekci P\u0159ij\u00edm\u00e1n\u00ed d\u011bt\u00ed do M\u0160. \u017d\u00e1dost o p\u0159ijet\u00ed je tak\u00e9 um\u00edst\u011bna ke sta\u017een\u00ed na tomto webu nebo bude od b\u0159ezna k vyzvednut\u00ed v kancel\u00e1\u0159i v Kosti\u010dce.<br \/>\nK z\u00e1pisu nemus\u00edte vodit va\u0161e d\u011bti, pouze p\u0159ineste po\u017eadovan\u00e9 dokumenty. T\u011b\u0161\u00edme se na setk\u00e1n\u00ed s v\u00e1mi.<\/p>\n","protected":false},"excerpt":{"rendered":"<p>V\u00e1\u017een\u00ed rodi\u010de, kte\u0159\u00ed m\u00e1te z\u00e1jem p\u0159ij\u00edt k z\u00e1pisu do na\u0161\u00ed mate\u0159sk\u00e9 \u0161kolky, pod\u00edvejte se je\u0161t\u011b na Krit\u00e9ria p\u0159ij\u00edm\u00e1n\u00ed d\u011bt\u00ed do &hellip;<\/p>\n","protected":false},"author":2,"featured_media":564,"parent":40,"menu_order":17,"comment_status":"closed","ping_status":"closed","template":"news.php","meta":{"footnotes":""},"class_list":["post-350","page","type-page","status-publish","has-post-thumbnail","hentry"],"_links":{"self":[{"href":"https:\/\/mskosticka.cz\/skritci\/wp-json\/wp\/v2\/pages\/350","targetHints":{"allow":["GET"]}}],"collection":[{"href":"https:\/\/mskosticka.cz\/skritci\/wp-json\/wp\/v2\/pages"}],"about":[{"href":"https:\/\/mskosticka.cz\/skritci\/wp-json\/wp\/v2\/types\/page"}],"author":[{"embeddable":true,"href":"https:\/\/mskosticka.cz\/skritci\/wp-json\/wp\/v2\/users\/2"}],"replies":[{"embeddable":true,"href":"https:\/\/mskosticka.cz\/skritci\/wp-json\/wp\/v2\/comments?post=350"}],"version-history":[{"count":1,"href":"https:\/\/mskosticka.cz\/skritci\/wp-json\/wp\/v2\/pages\/350\/revisions"}],"predecessor-version":[{"id":13212,"href":"https:\/\/mskosticka.cz\/skritci\/wp-json\/wp\/v2\/pages\/350\/revisions\/13212"}],"up":[{"embeddable":true,"href":"https:\/\/mskosticka.cz\/skritci\/wp-json\/wp\/v2\/pages\/40"}],"wp:featuredmedia":[{"embeddable":true,"href":"https:\/\/mskosticka.cz\/skritci\/wp-json\/wp\/v2\/media\/564"}],"wp:attachment":[{"href":"https:\/\/mskosticka.cz\/skritci\/wp-json\/wp\/v2\/media?parent=350"}],"curies":[{"name":"wp","href":"https:\/\/api.w.org\/{rel}","templated":true}]}}