{"id":3583,"date":"2018-04-23T21:43:09","date_gmt":"2018-04-23T19:43:09","guid":{"rendered":"http:\/\/www.mskosticka.cz\/?page_id=3583"},"modified":"2018-12-26T21:06:59","modified_gmt":"2018-12-26T20:06:59","slug":"letni-prazdninovy-provoz","status":"publish","type":"page","link":"https:\/\/mskosticka.cz\/skritci\/aktuality\/letni-prazdninovy-provoz\/","title":{"rendered":"Letn\u00ed pr\u00e1zdninov\u00fd provoz"},"content":{"rendered":"<p>V\u00e1\u017een\u00ed rodi\u010de,<br \/>\nz d\u016fvodu napln\u011bn\u00ed kapacity mate\u0159sk\u00e9 \u0161koly pro letn\u00ed pr\u00e1zdninov\u00fd provoz v srpnu 2018 ji\u017e nep\u0159ij\u00edmame dal\u0161\u00ed p\u0159ihl\u00e1\u0161ky.<br \/>\nD\u011bkujeme za porozum\u011bn\u00ed.<br \/>\n###<br \/>\nM\u0160 Kosti\u010dka zaji\u0161\u0165uje pr\u00e1zdninov\u00fd provoz od 1. do 31. srpna 2018. Krom\u011b d\u011bt\u00ed z Kosti\u010dky mohou \u0161kolku tento m\u011bs\u00edc nav\u0161t\u011bvovat i d\u011bti z ostatn\u00edch milovick\u00fdch \u0161kolek, kter\u00e9 jsou v t\u00e9to dob\u011b zav\u0159en\u00e9. P\u0159ihl\u00e1\u0161ky na l\u00e9to jsou ji\u017e nyn\u00ed k vyzvednut\u00ed p\u0159\u00edmo v budov\u011b \u0161kolky. D\u011bti na pr\u00e1zdniny budeme p\u0159ij\u00edmat do napln\u011bn\u00ed kapacity \u0161kolky. P\u0159ihl\u00e1sit se mohou pouze d\u011bti zam\u011bstnan\u00fdch rodi\u010d\u016f, NE rodi\u010d\u016f na mate\u0159sk\u00e9 dovolen\u00e9. To, jestli je d\u00edt\u011b p\u0159ijato v\u00e1m sd\u011bl\u00edme okam\u017eit\u011b.<br \/>\nPokud bude va\u0161e d\u00edt\u011b p\u0159ijato, p\u0159ijde 1.8. ke \u0161kolce, kde si na seznamech p\u0159e\u010dte, do kter\u00e9 t\u0159\u00eddy bude jeho d\u00edt\u011b chodit. Pokud budete cht\u00edt d\u00edt\u011b omluvit, pros\u00edm volejte na tel. \u0161kolky nebo do jednotliv\u00fdch t\u0159\u00edd.<br \/>\nDo \u0161kolky d\u011btem vezm\u011bte mal\u00fd pol\u0161t\u00e1\u0159ek a lehkou de\u010dku na odpoledn\u00ed odpo\u010dinek, pokr\u00fdvku hlavy a opalovac\u00ed kr\u00e9m. Zubn\u00ed kart\u00e1\u010dek a pasta je na va\u0161em uv\u00e1\u017een\u00ed. Pohodln\u00e9 oble\u010den\u00ed aktu\u00e1ln\u00ed dle po\u010das\u00ed.<br \/>\nD\u011bkujeme V\u00e1m za pochopen\u00ed..<br \/>\n###<\/p>\n","protected":false},"excerpt":{"rendered":"<p>V\u00e1\u017een\u00ed rodi\u010de, z d\u016fvodu napln\u011bn\u00ed kapacity mate\u0159sk\u00e9 \u0161koly pro letn\u00ed pr\u00e1zdninov\u00fd provoz v srpnu 2018 ji\u017e nep\u0159ij\u00edmame dal\u0161\u00ed p\u0159ihl\u00e1\u0161ky. D\u011bkujeme &hellip;<\/p>\n","protected":false},"author":2,"featured_media":0,"parent":40,"menu_order":0,"comment_status":"closed","ping_status":"closed","template":"news.php","meta":{"footnotes":""},"class_list":["post-3583","page","type-page","status-publish","hentry"],"_links":{"self":[{"href":"https:\/\/mskosticka.cz\/skritci\/wp-json\/wp\/v2\/pages\/3583","targetHints":{"allow":["GET"]}}],"collection":[{"href":"https:\/\/mskosticka.cz\/skritci\/wp-json\/wp\/v2\/pages"}],"about":[{"href":"https:\/\/mskosticka.cz\/skritci\/wp-json\/wp\/v2\/types\/page"}],"author":[{"embeddable":true,"href":"https:\/\/mskosticka.cz\/skritci\/wp-json\/wp\/v2\/users\/2"}],"replies":[{"embeddable":true,"href":"https:\/\/mskosticka.cz\/skritci\/wp-json\/wp\/v2\/comments?post=3583"}],"version-history":[{"count":1,"href":"https:\/\/mskosticka.cz\/skritci\/wp-json\/wp\/v2\/pages\/3583\/revisions"}],"predecessor-version":[{"id":13187,"href":"https:\/\/mskosticka.cz\/skritci\/wp-json\/wp\/v2\/pages\/3583\/revisions\/13187"}],"up":[{"embeddable":true,"href":"https:\/\/mskosticka.cz\/skritci\/wp-json\/wp\/v2\/pages\/40"}],"wp:attachment":[{"href":"https:\/\/mskosticka.cz\/skritci\/wp-json\/wp\/v2\/media?parent=3583"}],"curies":[{"name":"wp","href":"https:\/\/api.w.org\/{rel}","templated":true}]}}