{"id":360,"date":"2013-06-30T09:32:20","date_gmt":"2013-06-30T07:32:20","guid":{"rendered":"http:\/\/misc.david-stary.cz\/mskosticka\/www\/?page_id=360"},"modified":"2018-12-26T21:07:01","modified_gmt":"2018-12-26T20:07:01","slug":"nejaktivnejsi-ctenari-tohoto-skolniho-roku","status":"publish","type":"page","link":"https:\/\/mskosticka.cz\/skritci\/aktuality\/nejaktivnejsi-ctenari-tohoto-skolniho-roku\/","title":{"rendered":"Nejaktivn\u011bj\u0161\u00ed \u010dten\u00e1\u0159i tohoto \u0161koln\u00edho roku"},"content":{"rendered":"<p>Chv\u00e1l\u00edme v\u0161echny rodi\u010de, kte\u0159\u00ed si sv\u00fdmi d\u011btmi prohl\u00ed\u017eej\u00ed a \u010dtou kn\u00ed\u017eky&#8230; &#8230;d\u011bl\u00e1te t\u00edm pro sv\u00e9 d\u011bti to nejlep\u0161\u00ed, co m\u016f\u017eete.<br \/>\nTi nejaktivn\u011bj\u0161\u00ed \u010dten\u00e1\u0159i dostali od n\u00e1s je\u0161t\u011b kn\u00ed\u017eku na pam\u00e1tku\u2026<\/p>\n","protected":false},"excerpt":{"rendered":"<p>Chv\u00e1l\u00edme v\u0161echny rodi\u010de, kte\u0159\u00ed si sv\u00fdmi d\u011btmi prohl\u00ed\u017eej\u00ed a \u010dtou kn\u00ed\u017eky&#8230; &#8230;d\u011bl\u00e1te t\u00edm pro sv\u00e9 d\u011bti to nejlep\u0161\u00ed, co m\u016f\u017eete. &hellip;<\/p>\n","protected":false},"author":2,"featured_media":561,"parent":40,"menu_order":21,"comment_status":"closed","ping_status":"closed","template":"news.php","meta":{"footnotes":""},"class_list":["post-360","page","type-page","status-publish","has-post-thumbnail","hentry"],"_links":{"self":[{"href":"https:\/\/mskosticka.cz\/skritci\/wp-json\/wp\/v2\/pages\/360","targetHints":{"allow":["GET"]}}],"collection":[{"href":"https:\/\/mskosticka.cz\/skritci\/wp-json\/wp\/v2\/pages"}],"about":[{"href":"https:\/\/mskosticka.cz\/skritci\/wp-json\/wp\/v2\/types\/page"}],"author":[{"embeddable":true,"href":"https:\/\/mskosticka.cz\/skritci\/wp-json\/wp\/v2\/users\/2"}],"replies":[{"embeddable":true,"href":"https:\/\/mskosticka.cz\/skritci\/wp-json\/wp\/v2\/comments?post=360"}],"version-history":[{"count":1,"href":"https:\/\/mskosticka.cz\/skritci\/wp-json\/wp\/v2\/pages\/360\/revisions"}],"predecessor-version":[{"id":13216,"href":"https:\/\/mskosticka.cz\/skritci\/wp-json\/wp\/v2\/pages\/360\/revisions\/13216"}],"up":[{"embeddable":true,"href":"https:\/\/mskosticka.cz\/skritci\/wp-json\/wp\/v2\/pages\/40"}],"wp:featuredmedia":[{"embeddable":true,"href":"https:\/\/mskosticka.cz\/skritci\/wp-json\/wp\/v2\/media\/561"}],"wp:attachment":[{"href":"https:\/\/mskosticka.cz\/skritci\/wp-json\/wp\/v2\/media?parent=360"}],"curies":[{"name":"wp","href":"https:\/\/api.w.org\/{rel}","templated":true}]}}