{"id":3638,"date":"2018-05-17T21:12:08","date_gmt":"2018-05-17T19:12:08","guid":{"rendered":"http:\/\/www.mskosticka.cz\/?page_id=3638"},"modified":"2018-12-26T21:06:59","modified_gmt":"2018-12-26T20:06:59","slug":"vysledky-zapisu-do-ms-kosticka-pro-rok-2018","status":"publish","type":"page","link":"https:\/\/mskosticka.cz\/skritci\/aktuality\/vysledky-zapisu-do-ms-kosticka-pro-rok-2018\/","title":{"rendered":"V\u00fdsledky z\u00e1pisu do M\u0160 Kosti\u010dka pro rok 2018"},"content":{"rendered":"<p>Uve\u0159ejn\u011bn\u00ed 18.05.2018&#8230;<\/p>\n","protected":false},"excerpt":{"rendered":"<p>Uve\u0159ejn\u011bn\u00ed 18.05.2018&#8230;<\/p>\n","protected":false},"author":2,"featured_media":0,"parent":40,"menu_order":0,"comment_status":"closed","ping_status":"closed","template":"news.php","meta":{"footnotes":""},"class_list":["post-3638","page","type-page","status-publish","hentry"],"_links":{"self":[{"href":"https:\/\/mskosticka.cz\/skritci\/wp-json\/wp\/v2\/pages\/3638","targetHints":{"allow":["GET"]}}],"collection":[{"href":"https:\/\/mskosticka.cz\/skritci\/wp-json\/wp\/v2\/pages"}],"about":[{"href":"https:\/\/mskosticka.cz\/skritci\/wp-json\/wp\/v2\/types\/page"}],"author":[{"embeddable":true,"href":"https:\/\/mskosticka.cz\/skritci\/wp-json\/wp\/v2\/users\/2"}],"replies":[{"embeddable":true,"href":"https:\/\/mskosticka.cz\/skritci\/wp-json\/wp\/v2\/comments?post=3638"}],"version-history":[{"count":1,"href":"https:\/\/mskosticka.cz\/skritci\/wp-json\/wp\/v2\/pages\/3638\/revisions"}],"predecessor-version":[{"id":13188,"href":"https:\/\/mskosticka.cz\/skritci\/wp-json\/wp\/v2\/pages\/3638\/revisions\/13188"}],"up":[{"embeddable":true,"href":"https:\/\/mskosticka.cz\/skritci\/wp-json\/wp\/v2\/pages\/40"}],"wp:attachment":[{"href":"https:\/\/mskosticka.cz\/skritci\/wp-json\/wp\/v2\/media?parent=3638"}],"curies":[{"name":"wp","href":"https:\/\/api.w.org\/{rel}","templated":true}]}}