{"id":369,"date":"2013-09-05T09:37:43","date_gmt":"2013-09-05T07:37:43","guid":{"rendered":"http:\/\/misc.david-stary.cz\/mskosticka\/www\/?page_id=369"},"modified":"2018-12-26T21:07:01","modified_gmt":"2018-12-26T20:07:01","slug":"uzavreni-ms-kosticka-ve-sk-roce-20132014","status":"publish","type":"page","link":"https:\/\/mskosticka.cz\/skritci\/aktuality\/uzavreni-ms-kosticka-ve-sk-roce-20132014\/","title":{"rendered":"Uzav\u0159en\u00ed M\u0160 Kosti\u010dka ve \u0161k. roce 2013\/2014"},"content":{"rendered":"<p>Rada m\u011bsta Milovice schv\u00e1lila na sv\u00e9m jedn\u00e1n\u00ed 2.9. 2013\u00a0 uzav\u0159en\u00ed Mate\u0159sk\u00e9 \u0161koly Kosti\u010dka<br \/>\nv dob\u011b V\u00e1no\u010dn\u00edch pr\u00e1zdnin\u00a0 <strong>23.12. 2013 &#8211; 3.1. 2014<\/strong><br \/>\nv dob\u011b letn\u00edch pr\u00e1zdnin <strong>30.6. \u2013 1.8. 2014<\/strong><br \/>\nD\u011bkujeme v\u00e1m za pochopen\u00ed.<\/p>\n","protected":false},"excerpt":{"rendered":"<p>Rada m\u011bsta Milovice schv\u00e1lila na sv\u00e9m jedn\u00e1n\u00ed 2.9. 2013\u00a0 uzav\u0159en\u00ed Mate\u0159sk\u00e9 \u0161koly Kosti\u010dka v dob\u011b V\u00e1no\u010dn\u00edch pr\u00e1zdnin\u00a0 23.12. 2013 &#8211; &hellip;<\/p>\n","protected":false},"author":2,"featured_media":0,"parent":40,"menu_order":24,"comment_status":"closed","ping_status":"closed","template":"news.php","meta":{"footnotes":""},"class_list":["post-369","page","type-page","status-publish","hentry"],"_links":{"self":[{"href":"https:\/\/mskosticka.cz\/skritci\/wp-json\/wp\/v2\/pages\/369","targetHints":{"allow":["GET"]}}],"collection":[{"href":"https:\/\/mskosticka.cz\/skritci\/wp-json\/wp\/v2\/pages"}],"about":[{"href":"https:\/\/mskosticka.cz\/skritci\/wp-json\/wp\/v2\/types\/page"}],"author":[{"embeddable":true,"href":"https:\/\/mskosticka.cz\/skritci\/wp-json\/wp\/v2\/users\/2"}],"replies":[{"embeddable":true,"href":"https:\/\/mskosticka.cz\/skritci\/wp-json\/wp\/v2\/comments?post=369"}],"version-history":[{"count":1,"href":"https:\/\/mskosticka.cz\/skritci\/wp-json\/wp\/v2\/pages\/369\/revisions"}],"predecessor-version":[{"id":13219,"href":"https:\/\/mskosticka.cz\/skritci\/wp-json\/wp\/v2\/pages\/369\/revisions\/13219"}],"up":[{"embeddable":true,"href":"https:\/\/mskosticka.cz\/skritci\/wp-json\/wp\/v2\/pages\/40"}],"wp:attachment":[{"href":"https:\/\/mskosticka.cz\/skritci\/wp-json\/wp\/v2\/media?parent=369"}],"curies":[{"name":"wp","href":"https:\/\/api.w.org\/{rel}","templated":true}]}}