{"id":379,"date":"2013-11-24T09:42:07","date_gmt":"2013-11-24T08:42:07","guid":{"rendered":"http:\/\/misc.david-stary.cz\/mskosticka\/www\/?page_id=379"},"modified":"2018-12-26T21:07:02","modified_gmt":"2018-12-26T20:07:02","slug":"posviceni","status":"publish","type":"page","link":"https:\/\/mskosticka.cz\/skritci\/aktuality\/posviceni\/","title":{"rendered":"Posv\u00edcen\u00ed"},"content":{"rendered":"<p>Mil\u00ed rodi\u010de, babi\u010dky a d\u011bde\u010dkov\u00e9, a v\u0161ichni, kdo jste se z\u00fa\u010dastnili Svatomartinsk\u00e9ho posv\u00edcen\u00ed, moc v\u00e1m d\u011bkujeme za v\u0161echny dobroty, kter\u00e9 jste p\u0159inesli a douf\u00e1me, \u017ee jste si u\u017eili posv\u00edcen\u00ed spole\u010dn\u011b s va\u0161imi d\u011btmi a s n\u00e1mi.<br \/>\nDal\u0161\u00ed fotografie budou brzy v sekci <a href=\"http:\/\/misc.david-stary.cz\/mskosticka\/www\/fotogalerie\/\">Fotoalbum<\/a>.<\/p>\n","protected":false},"excerpt":{"rendered":"<p>Mil\u00ed rodi\u010de, babi\u010dky a d\u011bde\u010dkov\u00e9, a v\u0161ichni, kdo jste se z\u00fa\u010dastnili Svatomartinsk\u00e9ho posv\u00edcen\u00ed, moc v\u00e1m d\u011bkujeme za v\u0161echny dobroty, kter\u00e9 &hellip;<\/p>\n","protected":false},"author":2,"featured_media":572,"parent":40,"menu_order":28,"comment_status":"closed","ping_status":"closed","template":"news.php","meta":{"footnotes":""},"class_list":["post-379","page","type-page","status-publish","has-post-thumbnail","hentry"],"_links":{"self":[{"href":"https:\/\/mskosticka.cz\/skritci\/wp-json\/wp\/v2\/pages\/379","targetHints":{"allow":["GET"]}}],"collection":[{"href":"https:\/\/mskosticka.cz\/skritci\/wp-json\/wp\/v2\/pages"}],"about":[{"href":"https:\/\/mskosticka.cz\/skritci\/wp-json\/wp\/v2\/types\/page"}],"author":[{"embeddable":true,"href":"https:\/\/mskosticka.cz\/skritci\/wp-json\/wp\/v2\/users\/2"}],"replies":[{"embeddable":true,"href":"https:\/\/mskosticka.cz\/skritci\/wp-json\/wp\/v2\/comments?post=379"}],"version-history":[{"count":1,"href":"https:\/\/mskosticka.cz\/skritci\/wp-json\/wp\/v2\/pages\/379\/revisions"}],"predecessor-version":[{"id":13223,"href":"https:\/\/mskosticka.cz\/skritci\/wp-json\/wp\/v2\/pages\/379\/revisions\/13223"}],"up":[{"embeddable":true,"href":"https:\/\/mskosticka.cz\/skritci\/wp-json\/wp\/v2\/pages\/40"}],"wp:featuredmedia":[{"embeddable":true,"href":"https:\/\/mskosticka.cz\/skritci\/wp-json\/wp\/v2\/media\/572"}],"wp:attachment":[{"href":"https:\/\/mskosticka.cz\/skritci\/wp-json\/wp\/v2\/media?parent=379"}],"curies":[{"name":"wp","href":"https:\/\/api.w.org\/{rel}","templated":true}]}}