{"id":389,"date":"2014-02-14T09:46:39","date_gmt":"2014-02-14T08:46:39","guid":{"rendered":"http:\/\/misc.david-stary.cz\/mskosticka\/www\/?page_id=389"},"modified":"2018-12-26T21:07:02","modified_gmt":"2018-12-26T20:07:02","slug":"zapis-deti-do-skolky","status":"publish","type":"page","link":"https:\/\/mskosticka.cz\/skritci\/aktuality\/zapis-deti-do-skolky\/","title":{"rendered":"Z\u00e1pis d\u011bt\u00ed do \u0161kolky"},"content":{"rendered":"<p>Zveme v\u00e1s k z\u00e1pisu d\u011bt\u00ed do mate\u0159sk\u00e9 \u0161kolky KOSTI\u010cKA, kter\u00fd se bude konat 10. dubna mezi 13. &#8211; 17. hodinou v M\u0160 Kosti\u010dka.<br \/>\n\u201e\u017d\u00e1dost o p\u0159ijet\u00ed\u201c a dal\u0161\u00ed informace ohledn\u011b z\u00e1pisu pro rok 2014\/2015 najdete v sekci \u201eP\u0159ij\u00edm\u00e1n\u00ed d\u011bt\u00ed do M\u0160\u201c.<\/p>\n","protected":false},"excerpt":{"rendered":"<p>Zveme v\u00e1s k z\u00e1pisu d\u011bt\u00ed do mate\u0159sk\u00e9 \u0161kolky KOSTI\u010cKA, kter\u00fd se bude konat 10. dubna mezi 13. &#8211; 17. hodinou &hellip;<\/p>\n","protected":false},"author":2,"featured_media":569,"parent":40,"menu_order":31,"comment_status":"closed","ping_status":"closed","template":"news.php","meta":{"footnotes":""},"class_list":["post-389","page","type-page","status-publish","has-post-thumbnail","hentry"],"_links":{"self":[{"href":"https:\/\/mskosticka.cz\/skritci\/wp-json\/wp\/v2\/pages\/389","targetHints":{"allow":["GET"]}}],"collection":[{"href":"https:\/\/mskosticka.cz\/skritci\/wp-json\/wp\/v2\/pages"}],"about":[{"href":"https:\/\/mskosticka.cz\/skritci\/wp-json\/wp\/v2\/types\/page"}],"author":[{"embeddable":true,"href":"https:\/\/mskosticka.cz\/skritci\/wp-json\/wp\/v2\/users\/2"}],"replies":[{"embeddable":true,"href":"https:\/\/mskosticka.cz\/skritci\/wp-json\/wp\/v2\/comments?post=389"}],"version-history":[{"count":1,"href":"https:\/\/mskosticka.cz\/skritci\/wp-json\/wp\/v2\/pages\/389\/revisions"}],"predecessor-version":[{"id":13226,"href":"https:\/\/mskosticka.cz\/skritci\/wp-json\/wp\/v2\/pages\/389\/revisions\/13226"}],"up":[{"embeddable":true,"href":"https:\/\/mskosticka.cz\/skritci\/wp-json\/wp\/v2\/pages\/40"}],"wp:featuredmedia":[{"embeddable":true,"href":"https:\/\/mskosticka.cz\/skritci\/wp-json\/wp\/v2\/media\/569"}],"wp:attachment":[{"href":"https:\/\/mskosticka.cz\/skritci\/wp-json\/wp\/v2\/media?parent=389"}],"curies":[{"name":"wp","href":"https:\/\/api.w.org\/{rel}","templated":true}]}}