{"id":392,"date":"2014-03-06T09:47:32","date_gmt":"2014-03-06T08:47:32","guid":{"rendered":"http:\/\/misc.david-stary.cz\/mskosticka\/www\/?page_id=392"},"modified":"2018-12-26T21:07:02","modified_gmt":"2018-12-26T20:07:02","slug":"plavani","status":"publish","type":"page","link":"https:\/\/mskosticka.cz\/skritci\/aktuality\/plavani\/","title":{"rendered":"Plav\u00e1n\u00ed"},"content":{"rendered":"<p>V \u00fater\u00fd 11.3. za\u010d\u00edn\u00e1 pro p\u0159ihl\u00e1\u0161en\u00e9 d\u011bti z Kosti\u010dky kurz plav\u00e1n\u00ed. Budeme jezdit ka\u017ed\u00e9 \u00fater\u00fd dopoledne do baz\u00e9nu do \u010cel\u00e1kovic. D\u011bti \u010dek\u00e1 10 lekc\u00ed. P\u0159ihl\u00e1\u0161en\u00fdm d\u011btem bude v\u017edy v \u00fater\u00fd odhl\u00e1\u0161ena a dopoledn\u00ed sva\u010dina. D\u011bti s sebou pot\u0159ebuj\u00ed: v\u011bt\u0161\u00ed ba\u0165\u016f\u017eek, plavky, v\u011bt\u0161\u00ed ru\u010dn\u00edk, s\u00e1\u010dek na mokr\u00e9 plavky, lahev s pit\u00edm a sva\u010dinku. Ned\u00e1vejte d\u011btem pros\u00edm s sebou hra\u010dky. D\u011bkujeme<\/p>\n","protected":false},"excerpt":{"rendered":"<p>V \u00fater\u00fd 11.3. za\u010d\u00edn\u00e1 pro p\u0159ihl\u00e1\u0161en\u00e9 d\u011bti z Kosti\u010dky kurz plav\u00e1n\u00ed. Budeme jezdit ka\u017ed\u00e9 \u00fater\u00fd dopoledne do baz\u00e9nu do \u010cel\u00e1kovic. &hellip;<\/p>\n","protected":false},"author":2,"featured_media":0,"parent":40,"menu_order":32,"comment_status":"closed","ping_status":"closed","template":"news.php","meta":{"footnotes":""},"class_list":["post-392","page","type-page","status-publish","hentry"],"_links":{"self":[{"href":"https:\/\/mskosticka.cz\/skritci\/wp-json\/wp\/v2\/pages\/392","targetHints":{"allow":["GET"]}}],"collection":[{"href":"https:\/\/mskosticka.cz\/skritci\/wp-json\/wp\/v2\/pages"}],"about":[{"href":"https:\/\/mskosticka.cz\/skritci\/wp-json\/wp\/v2\/types\/page"}],"author":[{"embeddable":true,"href":"https:\/\/mskosticka.cz\/skritci\/wp-json\/wp\/v2\/users\/2"}],"replies":[{"embeddable":true,"href":"https:\/\/mskosticka.cz\/skritci\/wp-json\/wp\/v2\/comments?post=392"}],"version-history":[{"count":1,"href":"https:\/\/mskosticka.cz\/skritci\/wp-json\/wp\/v2\/pages\/392\/revisions"}],"predecessor-version":[{"id":13227,"href":"https:\/\/mskosticka.cz\/skritci\/wp-json\/wp\/v2\/pages\/392\/revisions\/13227"}],"up":[{"embeddable":true,"href":"https:\/\/mskosticka.cz\/skritci\/wp-json\/wp\/v2\/pages\/40"}],"wp:attachment":[{"href":"https:\/\/mskosticka.cz\/skritci\/wp-json\/wp\/v2\/media?parent=392"}],"curies":[{"name":"wp","href":"https:\/\/api.w.org\/{rel}","templated":true}]}}