{"id":395,"date":"2014-03-31T09:48:46","date_gmt":"2014-03-31T07:48:46","guid":{"rendered":"http:\/\/misc.david-stary.cz\/mskosticka\/www\/?page_id=395"},"modified":"2018-12-26T21:07:02","modified_gmt":"2018-12-26T20:07:02","slug":"jarni-zpivani-2","status":"publish","type":"page","link":"https:\/\/mskosticka.cz\/skritci\/aktuality\/jarni-zpivani-2\/","title":{"rendered":"Jarn\u00ed zp\u00edv\u00e1n\u00ed"},"content":{"rendered":"<p>Mil\u00ed rodi\u010de a p\u0159\u00e1tel\u00e9 na\u0161\u00ed \u0161kolky &#8211; <em>do t\u0159etice v\u0161eho dobr\u00e9ho &#8211; m\u011bn\u00edme kv\u016fli nep\u0159\u00edzni po\u010das\u00ed datum na 6.5. &#8211; tak n\u00e1m dr\u017ete palce, a\u0165 to vyjde!<\/em><br \/>\nzveme v\u00e1s na na\u0161e tradi\u010dn\u00ed v\u00edt\u00e1n\u00ed jara \u2013 zp\u00edv\u00e1n\u00ed v\u0161ech d\u011bt\u00ed ze \u0161kolky venku p\u0159ed \u0161kolkou. Napl\u00e1novan\u00e1 na vystoupen\u00ed je st\u0159eda 9. 4. od 16 hodin. Pokud bude chladn\u00e9 po\u010das\u00ed, vystoupen\u00ed budeme muset p\u0159esunout na jin\u00e9 datum.<br \/>\nP\u0159ij\u010fte v\u0161ichni, t\u011b\u0161\u00edme se na v\u00e1s.<\/p>\n","protected":false},"excerpt":{"rendered":"<p>Mil\u00ed rodi\u010de a p\u0159\u00e1tel\u00e9 na\u0161\u00ed \u0161kolky &#8211; do t\u0159etice v\u0161eho dobr\u00e9ho &#8211; m\u011bn\u00edme kv\u016fli nep\u0159\u00edzni po\u010das\u00ed datum na 6.5. &#8211; &hellip;<\/p>\n","protected":false},"author":2,"featured_media":581,"parent":40,"menu_order":33,"comment_status":"closed","ping_status":"closed","template":"news.php","meta":{"footnotes":""},"class_list":["post-395","page","type-page","status-publish","has-post-thumbnail","hentry"],"_links":{"self":[{"href":"https:\/\/mskosticka.cz\/skritci\/wp-json\/wp\/v2\/pages\/395","targetHints":{"allow":["GET"]}}],"collection":[{"href":"https:\/\/mskosticka.cz\/skritci\/wp-json\/wp\/v2\/pages"}],"about":[{"href":"https:\/\/mskosticka.cz\/skritci\/wp-json\/wp\/v2\/types\/page"}],"author":[{"embeddable":true,"href":"https:\/\/mskosticka.cz\/skritci\/wp-json\/wp\/v2\/users\/2"}],"replies":[{"embeddable":true,"href":"https:\/\/mskosticka.cz\/skritci\/wp-json\/wp\/v2\/comments?post=395"}],"version-history":[{"count":1,"href":"https:\/\/mskosticka.cz\/skritci\/wp-json\/wp\/v2\/pages\/395\/revisions"}],"predecessor-version":[{"id":13228,"href":"https:\/\/mskosticka.cz\/skritci\/wp-json\/wp\/v2\/pages\/395\/revisions\/13228"}],"up":[{"embeddable":true,"href":"https:\/\/mskosticka.cz\/skritci\/wp-json\/wp\/v2\/pages\/40"}],"wp:featuredmedia":[{"embeddable":true,"href":"https:\/\/mskosticka.cz\/skritci\/wp-json\/wp\/v2\/media\/581"}],"wp:attachment":[{"href":"https:\/\/mskosticka.cz\/skritci\/wp-json\/wp\/v2\/media?parent=395"}],"curies":[{"name":"wp","href":"https:\/\/api.w.org\/{rel}","templated":true}]}}