{"id":401,"date":"2014-04-16T09:52:28","date_gmt":"2014-04-16T07:52:28","guid":{"rendered":"http:\/\/misc.david-stary.cz\/mskosticka\/www\/?page_id=401"},"modified":"2018-12-26T21:07:02","modified_gmt":"2018-12-26T20:07:02","slug":"prijate-deti-do-kosticky","status":"publish","type":"page","link":"https:\/\/mskosticka.cz\/skritci\/aktuality\/prijate-deti-do-kosticky\/","title":{"rendered":"P\u0159ijat\u00e9 d\u011bti do Kosti\u010dky"},"content":{"rendered":"<p>V\u00e1\u017een\u00ed rodi\u010de,<br \/>\nv sekci \u201eP\u0159ij\u00edm\u00e1n\u00ed d\u011bt\u00ed do Kosti\u010dky\u201c je uvedeno 60 d\u011bt\u00ed, kter\u00e9 jsem pro p\u0159\u00ed\u0161t\u00ed \u0161koln\u00ed rok mohla p\u0159ijmout do na\u0161\u00ed mate\u0159sk\u00e9 \u0161koly.<br \/>\nJsou to d\u011bti, kter\u00e9 splnily krit\u00e9ria \u2013 trval\u00e9 bydli\u0161t\u011b v Milovic\u00edch, se\u0159azeny sestupn\u011b od nejstar\u0161\u00edch, kte\u0159\u00ed maj\u00ed ze z\u00e1kona p\u0159ednost.<br \/>\nPokud se uvoln\u00ed n\u011bjak\u00e1 m\u00edsta, budu kontaktovat dal\u0161\u00ed z\u00e1jemce, kte\u0159\u00ed byli u z\u00e1pisu.<br \/>\nMrz\u00ed mne, \u017ee jsme nemohli p\u0159ijmout v\u0161echny z\u00e1jemce, ale k z\u00e1pisu p\u0159i\u0161lo 242 d\u011bt\u00ed. D\u011bkujeme za v\u00e1\u0161 z\u00e1jem o Kosti\u010dku, velmi si ho v\u00e1\u017e\u00edme.<\/p>\n","protected":false},"excerpt":{"rendered":"<p>V\u00e1\u017een\u00ed rodi\u010de, v sekci \u201eP\u0159ij\u00edm\u00e1n\u00ed d\u011bt\u00ed do Kosti\u010dky\u201c je uvedeno 60 d\u011bt\u00ed, kter\u00e9 jsem pro p\u0159\u00ed\u0161t\u00ed \u0161koln\u00ed rok mohla p\u0159ijmout &hellip;<\/p>\n","protected":false},"author":2,"featured_media":0,"parent":40,"menu_order":35,"comment_status":"closed","ping_status":"closed","template":"news.php","meta":{"footnotes":""},"class_list":["post-401","page","type-page","status-publish","hentry"],"_links":{"self":[{"href":"https:\/\/mskosticka.cz\/skritci\/wp-json\/wp\/v2\/pages\/401","targetHints":{"allow":["GET"]}}],"collection":[{"href":"https:\/\/mskosticka.cz\/skritci\/wp-json\/wp\/v2\/pages"}],"about":[{"href":"https:\/\/mskosticka.cz\/skritci\/wp-json\/wp\/v2\/types\/page"}],"author":[{"embeddable":true,"href":"https:\/\/mskosticka.cz\/skritci\/wp-json\/wp\/v2\/users\/2"}],"replies":[{"embeddable":true,"href":"https:\/\/mskosticka.cz\/skritci\/wp-json\/wp\/v2\/comments?post=401"}],"version-history":[{"count":1,"href":"https:\/\/mskosticka.cz\/skritci\/wp-json\/wp\/v2\/pages\/401\/revisions"}],"predecessor-version":[{"id":13230,"href":"https:\/\/mskosticka.cz\/skritci\/wp-json\/wp\/v2\/pages\/401\/revisions\/13230"}],"up":[{"embeddable":true,"href":"https:\/\/mskosticka.cz\/skritci\/wp-json\/wp\/v2\/pages\/40"}],"wp:attachment":[{"href":"https:\/\/mskosticka.cz\/skritci\/wp-json\/wp\/v2\/media?parent=401"}],"curies":[{"name":"wp","href":"https:\/\/api.w.org\/{rel}","templated":true}]}}