{"id":404,"date":"2014-05-18T09:53:15","date_gmt":"2014-05-18T07:53:15","guid":{"rendered":"http:\/\/misc.david-stary.cz\/mskosticka\/www\/?page_id=404"},"modified":"2018-12-26T21:07:02","modified_gmt":"2018-12-26T20:07:02","slug":"soutez-sber-s-panem-popelou","status":"publish","type":"page","link":"https:\/\/mskosticka.cz\/skritci\/aktuality\/soutez-sber-s-panem-popelou\/","title":{"rendered":"Sout\u011b\u017e \u201esb\u011br s panem Popelou\u201c"},"content":{"rendered":"<p>V leto\u0161n\u00edm \u0161koln\u00edm roce se Kosti\u010dka poprv\u00e9 z\u00fa\u010dast\u0148uje sout\u011b\u017ee ve sb\u011bru pap\u00edru, kterou vyhl\u00e1sila spole\u010dnost ASA.<br \/>\nNa\u0161\u00edm c\u00edlem nen\u00ed, abychom byli ve sb\u011bru prvn\u00ed. Chceme vyu\u017e\u00edt situace, kdy kdy\u017e u\u010d\u00edme d\u011bti t\u0159\u00eddit odpad, tak nemus\u00edme za vyt\u0159\u00edd\u011bn\u00fd pap\u00edr platit za jeho odvoz, ale naopak, za vyt\u0159\u00edd\u011bn\u00fd pap\u00edr pen\u00edze z\u00edsk\u00e1v\u00e1me. Nen\u00ed to vysok\u00e1 \u010d\u00e1stka, ale ka\u017ed\u00e1 koruna, kterou m\u016f\u017eeme z\u00edskat ve prosp\u011bch d\u011bt\u00ed, je dobr\u00e1.<br \/>\nNa v\u00fdsledky sout\u011b\u017ee se m\u016f\u017eete pod\u00edvat na: www.asa.cz. Zat\u00edm jsme v tomto \u0161koln\u00edm roce z\u00edskali za sb\u011br pap\u00edru 5152,- K\u010d.<br \/>\nZa \u010d\u00e1st t\u011bchto pen\u011bz nav\u0161t\u00edvily v\u0161echny d\u011bti Muzeum \u0159emesel a knihovnu v \u010cel\u00e1kovic\u00edch, zbyl\u00e9 pen\u00edze vyu\u017eijeme na d\u00e1re\u010dky pro d\u011bti k MDD.<br \/>\nV\u0160EM, kte\u0159\u00ed sb\u00edraj\u00ed a nos\u00ed pap\u00edr do kontejneru do Kosti\u010dky MOC D\u011aKUJEME!<\/p>\n","protected":false},"excerpt":{"rendered":"<p>V leto\u0161n\u00edm \u0161koln\u00edm roce se Kosti\u010dka poprv\u00e9 z\u00fa\u010dast\u0148uje sout\u011b\u017ee ve sb\u011bru pap\u00edru, kterou vyhl\u00e1sila spole\u010dnost ASA. Na\u0161\u00edm c\u00edlem nen\u00ed, abychom &hellip;<\/p>\n","protected":false},"author":2,"featured_media":0,"parent":40,"menu_order":36,"comment_status":"closed","ping_status":"closed","template":"news.php","meta":{"footnotes":""},"class_list":["post-404","page","type-page","status-publish","hentry"],"_links":{"self":[{"href":"https:\/\/mskosticka.cz\/skritci\/wp-json\/wp\/v2\/pages\/404","targetHints":{"allow":["GET"]}}],"collection":[{"href":"https:\/\/mskosticka.cz\/skritci\/wp-json\/wp\/v2\/pages"}],"about":[{"href":"https:\/\/mskosticka.cz\/skritci\/wp-json\/wp\/v2\/types\/page"}],"author":[{"embeddable":true,"href":"https:\/\/mskosticka.cz\/skritci\/wp-json\/wp\/v2\/users\/2"}],"replies":[{"embeddable":true,"href":"https:\/\/mskosticka.cz\/skritci\/wp-json\/wp\/v2\/comments?post=404"}],"version-history":[{"count":1,"href":"https:\/\/mskosticka.cz\/skritci\/wp-json\/wp\/v2\/pages\/404\/revisions"}],"predecessor-version":[{"id":13231,"href":"https:\/\/mskosticka.cz\/skritci\/wp-json\/wp\/v2\/pages\/404\/revisions\/13231"}],"up":[{"embeddable":true,"href":"https:\/\/mskosticka.cz\/skritci\/wp-json\/wp\/v2\/pages\/40"}],"wp:attachment":[{"href":"https:\/\/mskosticka.cz\/skritci\/wp-json\/wp\/v2\/media?parent=404"}],"curies":[{"name":"wp","href":"https:\/\/api.w.org\/{rel}","templated":true}]}}