{"id":407,"date":"2014-06-02T09:54:11","date_gmt":"2014-06-02T07:54:11","guid":{"rendered":"http:\/\/misc.david-stary.cz\/mskosticka\/www\/?page_id=407"},"modified":"2018-12-26T21:07:02","modified_gmt":"2018-12-26T20:07:02","slug":"zahradni-slavnost","status":"publish","type":"page","link":"https:\/\/mskosticka.cz\/skritci\/aktuality\/zahradni-slavnost\/","title":{"rendered":"Zahradn\u00ed slavnost"},"content":{"rendered":"<p>Mil\u00ed rodi\u010de,<br \/>\nna p\u0159\u00e1n\u00ed mnoha z v\u00e1s, jsme p\u0159esunuli zahradn\u00ed slavnost na 10. \u010dervna. V\u011b\u0159te, \u017ee na\u0161e slavnost byla napl\u00e1nov\u00e1na a domluvena ji\u017e v \u0159\u00edjnu 2013 a bylo velmi t\u011b\u017ek\u00e9, naj\u00edt vhodn\u00fd n\u00e1hradn\u00ed term\u00edn. P\u00e1n, kter\u00fd akci zaji\u0161\u0165uje, m\u00e1 b\u011bhem \u010dervna ji\u017e v\u0161e obsazeno. Tak\u00e9 Mir\u00e1kulum, kter\u00e9 n\u00e1m na slavnost prop\u016fj\u010duje svoji louku, (na na\u0161i zahradu nem\u016f\u017eeme, proto\u017ee je zde \u010derstv\u011b vyseta tr\u00e1va), m\u011blo m\u00e1lo voln\u00fdch term\u00edn\u016f. Douf\u00e1m, \u017ee takto v\u00e1m vyjdeme vst\u0159\u00edc a budete moct p\u0159ij\u00edt s d\u011btmi v co nejhojn\u011bj\u0161\u00edm po\u010dtu.<br \/>\nD\u011bkuji v\u00e1m za pochopen\u00ed J. K.<\/p>\n","protected":false},"excerpt":{"rendered":"<p>Mil\u00ed rodi\u010de, na p\u0159\u00e1n\u00ed mnoha z v\u00e1s, jsme p\u0159esunuli zahradn\u00ed slavnost na 10. \u010dervna. V\u011b\u0159te, \u017ee na\u0161e slavnost byla napl\u00e1nov\u00e1na &hellip;<\/p>\n","protected":false},"author":2,"featured_media":580,"parent":40,"menu_order":37,"comment_status":"closed","ping_status":"closed","template":"news.php","meta":{"footnotes":""},"class_list":["post-407","page","type-page","status-publish","has-post-thumbnail","hentry"],"_links":{"self":[{"href":"https:\/\/mskosticka.cz\/skritci\/wp-json\/wp\/v2\/pages\/407","targetHints":{"allow":["GET"]}}],"collection":[{"href":"https:\/\/mskosticka.cz\/skritci\/wp-json\/wp\/v2\/pages"}],"about":[{"href":"https:\/\/mskosticka.cz\/skritci\/wp-json\/wp\/v2\/types\/page"}],"author":[{"embeddable":true,"href":"https:\/\/mskosticka.cz\/skritci\/wp-json\/wp\/v2\/users\/2"}],"replies":[{"embeddable":true,"href":"https:\/\/mskosticka.cz\/skritci\/wp-json\/wp\/v2\/comments?post=407"}],"version-history":[{"count":1,"href":"https:\/\/mskosticka.cz\/skritci\/wp-json\/wp\/v2\/pages\/407\/revisions"}],"predecessor-version":[{"id":13232,"href":"https:\/\/mskosticka.cz\/skritci\/wp-json\/wp\/v2\/pages\/407\/revisions\/13232"}],"up":[{"embeddable":true,"href":"https:\/\/mskosticka.cz\/skritci\/wp-json\/wp\/v2\/pages\/40"}],"wp:featuredmedia":[{"embeddable":true,"href":"https:\/\/mskosticka.cz\/skritci\/wp-json\/wp\/v2\/media\/580"}],"wp:attachment":[{"href":"https:\/\/mskosticka.cz\/skritci\/wp-json\/wp\/v2\/media?parent=407"}],"curies":[{"name":"wp","href":"https:\/\/api.w.org\/{rel}","templated":true}]}}