{"id":410,"date":"2014-08-12T09:55:18","date_gmt":"2014-08-12T07:55:18","guid":{"rendered":"http:\/\/misc.david-stary.cz\/mskosticka\/www\/?page_id=410"},"modified":"2018-12-26T21:07:02","modified_gmt":"2018-12-26T20:07:02","slug":"zacatek-skolniho-roku","status":"publish","type":"page","link":"https:\/\/mskosticka.cz\/skritci\/aktuality\/zacatek-skolniho-roku\/","title":{"rendered":"Za\u010d\u00e1tek \u0161koln\u00edho roku"},"content":{"rendered":"<p>V\u00e1\u017een\u00ed rodi\u010de,<br \/>\nbl\u00ed\u017e\u00ed se za\u010d\u00e1tek \u0161koln\u00edho roku ( 1.9.2014) a tak p\u0159ipom\u00edn\u00e1m p\u00e1r d\u016fle\u017eit\u00fdch informac\u00ed:<br \/>\n\u2013 v\u0161e, co je d\u016fle\u017eit\u00e9, pro nov\u011b p\u0159ijat\u00e9 d\u011bti se dozv\u00edte v sekci \u201eP\u0159ij\u00edm\u00e1n\u00ed d\u011bt\u00ed\u201c- p\u0159e\u010dt\u011bte si pros\u00edm Adapta\u010dn\u00ed program<br \/>\n\u2013 p\u0159ij\u010fte pros\u00edm prvn\u00ed den s d\u011btmi do 7:30 hod., a\u0165 v\u00edme, s k\u00fdm m\u00e1me po\u010d\u00edtat na stravu b\u011bhem dne<br \/>\n\u2013 kdo nep\u0159ijde do \u0161kolky a nebude p\u0159edem telefonicky \u010di mailem omluven, bude mu strava zapo\u010d\u00edt\u00e1na<br \/>\n\u2013 rozd\u011blen\u00ed d\u011bt\u00ed do t\u0159\u00edd bude v posledn\u00edm srpnov\u00e9m t\u00fddnu vyv\u011b\u0161eno na webov\u00fdch str\u00e1nk\u00e1ch a tak\u00e9 na dve\u0159\u00edch kancel\u00e1\u0159e v Kosti\u010dce<br \/>\n\u2013 informa\u010dn\u00ed sch\u016fzka pro rodi\u010de, kde se dozv\u00edte v\u0161e o platb\u00e1ch a pr\u016fb\u011bhu \u0161koln\u00edho roku, \u00a0prob\u011bhne ve druh\u00e9m z\u00e1\u0159ijov\u00e9m t\u00fddnu <strong>v \u00fater\u00fd 9.9.2014 od 17 hodin<\/strong>.<br \/>\nT\u011b\u0161\u00edme se na v\u00e1s i va\u0161e d\u011bti!<\/p>\n","protected":false},"excerpt":{"rendered":"<p>V\u00e1\u017een\u00ed rodi\u010de, bl\u00ed\u017e\u00ed se za\u010d\u00e1tek \u0161koln\u00edho roku ( 1.9.2014) a tak p\u0159ipom\u00edn\u00e1m p\u00e1r d\u016fle\u017eit\u00fdch informac\u00ed: \u2013 v\u0161e, co je d\u016fle\u017eit\u00e9, &hellip;<\/p>\n","protected":false},"author":2,"featured_media":0,"parent":40,"menu_order":38,"comment_status":"closed","ping_status":"closed","template":"news.php","meta":{"footnotes":""},"class_list":["post-410","page","type-page","status-publish","hentry"],"_links":{"self":[{"href":"https:\/\/mskosticka.cz\/skritci\/wp-json\/wp\/v2\/pages\/410","targetHints":{"allow":["GET"]}}],"collection":[{"href":"https:\/\/mskosticka.cz\/skritci\/wp-json\/wp\/v2\/pages"}],"about":[{"href":"https:\/\/mskosticka.cz\/skritci\/wp-json\/wp\/v2\/types\/page"}],"author":[{"embeddable":true,"href":"https:\/\/mskosticka.cz\/skritci\/wp-json\/wp\/v2\/users\/2"}],"replies":[{"embeddable":true,"href":"https:\/\/mskosticka.cz\/skritci\/wp-json\/wp\/v2\/comments?post=410"}],"version-history":[{"count":1,"href":"https:\/\/mskosticka.cz\/skritci\/wp-json\/wp\/v2\/pages\/410\/revisions"}],"predecessor-version":[{"id":13233,"href":"https:\/\/mskosticka.cz\/skritci\/wp-json\/wp\/v2\/pages\/410\/revisions\/13233"}],"up":[{"embeddable":true,"href":"https:\/\/mskosticka.cz\/skritci\/wp-json\/wp\/v2\/pages\/40"}],"wp:attachment":[{"href":"https:\/\/mskosticka.cz\/skritci\/wp-json\/wp\/v2\/media?parent=410"}],"curies":[{"name":"wp","href":"https:\/\/api.w.org\/{rel}","templated":true}]}}