{"id":415,"date":"2014-10-24T09:56:53","date_gmt":"2014-10-24T07:56:53","guid":{"rendered":"http:\/\/misc.david-stary.cz\/mskosticka\/www\/?page_id=415"},"modified":"2018-12-26T21:07:03","modified_gmt":"2018-12-26T20:07:03","slug":"podekovani-2","status":"publish","type":"page","link":"https:\/\/mskosticka.cz\/skritci\/aktuality\/podekovani-2\/","title":{"rendered":"Pod\u011bkov\u00e1n\u00ed"},"content":{"rendered":"<p>Velk\u00fd d\u00edk pat\u0159\u00ed v\u0161em rodi\u010d\u016fm, kte\u0159\u00ed i v pom\u011brn\u011b chladn\u00e9m a v\u011btrn\u00e9m po\u010das\u00ed p\u0159i\u0161li se sv\u00fdmi d\u011btmi na \u0161kolkovou \u201cbrig\u00e1du\u201c a pomohli n\u00e1m tak p\u0159i podzimn\u00ed \u00faprav\u011b na\u0161\u00ed kr\u00e1sn\u00e9, ale na \u00fadr\u017ebu n\u00e1ro\u010dn\u00e9, zahrady.<br \/>\nVa\u0161\u00ed pomoci si velmi v\u00e1\u017e\u00edme, pomohli jste nejen \u0161kolce, ale byli jste skv\u011bl\u00fdm p\u0159\u00edkladem Va\u0161im d\u011btem. K\u00e9\u017e by takov\u00fdchto rodi\u010d\u016f bylo v\u00edce. D\u011bkujeme V\u00e1m.<\/p>\n","protected":false},"excerpt":{"rendered":"<p>Velk\u00fd d\u00edk pat\u0159\u00ed v\u0161em rodi\u010d\u016fm, kte\u0159\u00ed i v pom\u011brn\u011b chladn\u00e9m a v\u011btrn\u00e9m po\u010das\u00ed p\u0159i\u0161li se sv\u00fdmi d\u011btmi na \u0161kolkovou \u201cbrig\u00e1du\u201c &hellip;<\/p>\n","protected":false},"author":2,"featured_media":578,"parent":40,"menu_order":40,"comment_status":"closed","ping_status":"closed","template":"news.php","meta":{"footnotes":""},"class_list":["post-415","page","type-page","status-publish","has-post-thumbnail","hentry"],"_links":{"self":[{"href":"https:\/\/mskosticka.cz\/skritci\/wp-json\/wp\/v2\/pages\/415","targetHints":{"allow":["GET"]}}],"collection":[{"href":"https:\/\/mskosticka.cz\/skritci\/wp-json\/wp\/v2\/pages"}],"about":[{"href":"https:\/\/mskosticka.cz\/skritci\/wp-json\/wp\/v2\/types\/page"}],"author":[{"embeddable":true,"href":"https:\/\/mskosticka.cz\/skritci\/wp-json\/wp\/v2\/users\/2"}],"replies":[{"embeddable":true,"href":"https:\/\/mskosticka.cz\/skritci\/wp-json\/wp\/v2\/comments?post=415"}],"version-history":[{"count":1,"href":"https:\/\/mskosticka.cz\/skritci\/wp-json\/wp\/v2\/pages\/415\/revisions"}],"predecessor-version":[{"id":13235,"href":"https:\/\/mskosticka.cz\/skritci\/wp-json\/wp\/v2\/pages\/415\/revisions\/13235"}],"up":[{"embeddable":true,"href":"https:\/\/mskosticka.cz\/skritci\/wp-json\/wp\/v2\/pages\/40"}],"wp:featuredmedia":[{"embeddable":true,"href":"https:\/\/mskosticka.cz\/skritci\/wp-json\/wp\/v2\/media\/578"}],"wp:attachment":[{"href":"https:\/\/mskosticka.cz\/skritci\/wp-json\/wp\/v2\/media?parent=415"}],"curies":[{"name":"wp","href":"https:\/\/api.w.org\/{rel}","templated":true}]}}