{"id":423,"date":"2014-12-18T10:49:11","date_gmt":"2014-12-18T09:49:11","guid":{"rendered":"http:\/\/misc.david-stary.cz\/mskosticka\/www\/?page_id=423"},"modified":"2018-12-26T21:07:03","modified_gmt":"2018-12-26T20:07:03","slug":"prani","status":"publish","type":"page","link":"https:\/\/mskosticka.cz\/skritci\/aktuality\/prani\/","title":{"rendered":"P\u0159\u00e1n\u00ed"},"content":{"rendered":"<p><strong>Pohodov\u00e9 v\u00e1no\u010dn\u00ed sv\u00e1tky a hodn\u011b zdrav\u00ed a v\u0161e dobr\u00e9 v nov\u00e9m roce p\u0159eje cel\u00fd t\u00fdm mate\u0159sk\u00e9 \u0161kolky Kosti\u010dky.<\/strong><br \/>\nV\u0161em rodi\u010d\u016fm a p\u0159\u00e1tel\u016fm \u0161kolky d\u011bkujeme za spolupr\u00e1ci a t\u011b\u0161\u00edme se na setk\u00e1n\u00ed po Nov\u00e9m roce.<\/p>\n","protected":false},"excerpt":{"rendered":"<p>Pohodov\u00e9 v\u00e1no\u010dn\u00ed sv\u00e1tky a hodn\u011b zdrav\u00ed a v\u0161e dobr\u00e9 v nov\u00e9m roce p\u0159eje cel\u00fd t\u00fdm mate\u0159sk\u00e9 \u0161kolky Kosti\u010dky. V\u0161em rodi\u010d\u016fm &hellip;<\/p>\n","protected":false},"author":2,"featured_media":576,"parent":40,"menu_order":43,"comment_status":"closed","ping_status":"closed","template":"news.php","meta":{"footnotes":""},"class_list":["post-423","page","type-page","status-publish","has-post-thumbnail","hentry"],"_links":{"self":[{"href":"https:\/\/mskosticka.cz\/skritci\/wp-json\/wp\/v2\/pages\/423","targetHints":{"allow":["GET"]}}],"collection":[{"href":"https:\/\/mskosticka.cz\/skritci\/wp-json\/wp\/v2\/pages"}],"about":[{"href":"https:\/\/mskosticka.cz\/skritci\/wp-json\/wp\/v2\/types\/page"}],"author":[{"embeddable":true,"href":"https:\/\/mskosticka.cz\/skritci\/wp-json\/wp\/v2\/users\/2"}],"replies":[{"embeddable":true,"href":"https:\/\/mskosticka.cz\/skritci\/wp-json\/wp\/v2\/comments?post=423"}],"version-history":[{"count":1,"href":"https:\/\/mskosticka.cz\/skritci\/wp-json\/wp\/v2\/pages\/423\/revisions"}],"predecessor-version":[{"id":13238,"href":"https:\/\/mskosticka.cz\/skritci\/wp-json\/wp\/v2\/pages\/423\/revisions\/13238"}],"up":[{"embeddable":true,"href":"https:\/\/mskosticka.cz\/skritci\/wp-json\/wp\/v2\/pages\/40"}],"wp:featuredmedia":[{"embeddable":true,"href":"https:\/\/mskosticka.cz\/skritci\/wp-json\/wp\/v2\/media\/576"}],"wp:attachment":[{"href":"https:\/\/mskosticka.cz\/skritci\/wp-json\/wp\/v2\/media?parent=423"}],"curies":[{"name":"wp","href":"https:\/\/api.w.org\/{rel}","templated":true}]}}