{"id":426,"date":"2015-01-18T10:50:22","date_gmt":"2015-01-18T09:50:22","guid":{"rendered":"http:\/\/misc.david-stary.cz\/mskosticka\/www\/?page_id=426"},"modified":"2018-12-26T21:07:03","modified_gmt":"2018-12-26T20:07:03","slug":"den-otevrenych-dveri-je-12-brezna","status":"publish","type":"page","link":"https:\/\/mskosticka.cz\/skritci\/aktuality\/den-otevrenych-dveri-je-12-brezna\/","title":{"rendered":"Den otev\u0159en\u00fdch dve\u0159\u00ed je 12. b\u0159ezna"},"content":{"rendered":"<p>Zveme v\u0161echny rodi\u010de, kte\u0159\u00ed maj\u00ed z\u00e1jem p\u0159ihl\u00e1sit sv\u00e9 d\u011bti do Kosti\u010dky, aby si p\u0159i\u0161li s nimi do na\u0161\u00ed \u0161kolky pohr\u00e1t, v\u0161e si prohl\u00e9dnout a zeptat se na to, co je zaj\u00edm\u00e1. Vzhledem k tomu, \u017ee bude \u0161kolka pln\u011b v provozu, vymezili jsme \u010das tak, aby d\u011btem ve \u0161kolce nebyla naru\u0161eno stolov\u00e1n\u00ed a odpoledn\u00ed odpo\u010dinek. D\u011bkujeme za pochopen\u00ed a t\u011b\u0161\u00edme se na v\u00e1s&#8230;<br \/>\npan\u00ed u\u010ditelky z Kosti\u010dky<\/p>\n","protected":false},"excerpt":{"rendered":"<p>Zveme v\u0161echny rodi\u010de, kte\u0159\u00ed maj\u00ed z\u00e1jem p\u0159ihl\u00e1sit sv\u00e9 d\u011bti do Kosti\u010dky, aby si p\u0159i\u0161li s nimi do na\u0161\u00ed \u0161kolky pohr\u00e1t, &hellip;<\/p>\n","protected":false},"author":2,"featured_media":585,"parent":40,"menu_order":44,"comment_status":"closed","ping_status":"closed","template":"news.php","meta":{"footnotes":""},"class_list":["post-426","page","type-page","status-publish","has-post-thumbnail","hentry"],"_links":{"self":[{"href":"https:\/\/mskosticka.cz\/skritci\/wp-json\/wp\/v2\/pages\/426","targetHints":{"allow":["GET"]}}],"collection":[{"href":"https:\/\/mskosticka.cz\/skritci\/wp-json\/wp\/v2\/pages"}],"about":[{"href":"https:\/\/mskosticka.cz\/skritci\/wp-json\/wp\/v2\/types\/page"}],"author":[{"embeddable":true,"href":"https:\/\/mskosticka.cz\/skritci\/wp-json\/wp\/v2\/users\/2"}],"replies":[{"embeddable":true,"href":"https:\/\/mskosticka.cz\/skritci\/wp-json\/wp\/v2\/comments?post=426"}],"version-history":[{"count":1,"href":"https:\/\/mskosticka.cz\/skritci\/wp-json\/wp\/v2\/pages\/426\/revisions"}],"predecessor-version":[{"id":13239,"href":"https:\/\/mskosticka.cz\/skritci\/wp-json\/wp\/v2\/pages\/426\/revisions\/13239"}],"up":[{"embeddable":true,"href":"https:\/\/mskosticka.cz\/skritci\/wp-json\/wp\/v2\/pages\/40"}],"wp:featuredmedia":[{"embeddable":true,"href":"https:\/\/mskosticka.cz\/skritci\/wp-json\/wp\/v2\/media\/585"}],"wp:attachment":[{"href":"https:\/\/mskosticka.cz\/skritci\/wp-json\/wp\/v2\/media?parent=426"}],"curies":[{"name":"wp","href":"https:\/\/api.w.org\/{rel}","templated":true}]}}