{"id":429,"date":"2015-01-27T10:51:25","date_gmt":"2015-01-27T09:51:25","guid":{"rendered":"http:\/\/misc.david-stary.cz\/mskosticka\/www\/?page_id=429"},"modified":"2018-12-26T21:07:03","modified_gmt":"2018-12-26T20:07:03","slug":"uzavreni-kosticky-o-letnich-prazdninach","status":"publish","type":"page","link":"https:\/\/mskosticka.cz\/skritci\/aktuality\/uzavreni-kosticky-o-letnich-prazdninach\/","title":{"rendered":"Uzav\u0159en\u00ed Kosti\u010dky o letn\u00edch pr\u00e1zdnin\u00e1ch"},"content":{"rendered":"<p>V\u00e1\u017een\u00ed rodi\u010de,<br \/>\nrada m\u011bsta Milovice schv\u00e1lila uzav\u0159en\u00ed M\u0160 Kosti\u010dky o letn\u00edch pr\u00e1zdnin\u00e1ch v term\u00ednu od 20. \u010dervence do 31. srpna 2015. Pr\u00e1zdninov\u00fd provoz tedy zaji\u0161\u0165uje Kosti\u010dka pouze prvn\u00ed 3 t\u00fddny v \u010dervenci (do 17. 7). Pot\u00e9 se bude cel\u00e1 M\u0160 malovat.<br \/>\nPokud budete pot\u0159ebovat, zajist\u011bte si pros\u00edm n\u00e1hradn\u00ed pr\u00e1zdninovou doch\u00e1zku pro va\u0161e d\u00edt\u011b v jin\u00fdch \u0161kolk\u00e1ch. \u010cervenec do konce m\u011bs\u00edce zaji\u0161\u0165uje M\u0160 U brou\u010dk\u016f a srpen M\u0160 Slun\u00ed\u010dko nebo M\u0160 U dvou veverek.<br \/>\nPros\u00edm zajist\u011bte si p\u0159ijet\u00ed d\u011bt\u00ed k pr\u00e1zdninov\u00e9 doch\u00e1zce \u00a0ve v\u0161ech \u0161kolk\u00e1ch v\u010das.<\/p>\n","protected":false},"excerpt":{"rendered":"<p>V\u00e1\u017een\u00ed rodi\u010de, rada m\u011bsta Milovice schv\u00e1lila uzav\u0159en\u00ed M\u0160 Kosti\u010dky o letn\u00edch pr\u00e1zdnin\u00e1ch v term\u00ednu od 20. \u010dervence do 31. srpna &hellip;<\/p>\n","protected":false},"author":2,"featured_media":0,"parent":40,"menu_order":45,"comment_status":"closed","ping_status":"closed","template":"news.php","meta":{"footnotes":""},"class_list":["post-429","page","type-page","status-publish","hentry"],"_links":{"self":[{"href":"https:\/\/mskosticka.cz\/skritci\/wp-json\/wp\/v2\/pages\/429","targetHints":{"allow":["GET"]}}],"collection":[{"href":"https:\/\/mskosticka.cz\/skritci\/wp-json\/wp\/v2\/pages"}],"about":[{"href":"https:\/\/mskosticka.cz\/skritci\/wp-json\/wp\/v2\/types\/page"}],"author":[{"embeddable":true,"href":"https:\/\/mskosticka.cz\/skritci\/wp-json\/wp\/v2\/users\/2"}],"replies":[{"embeddable":true,"href":"https:\/\/mskosticka.cz\/skritci\/wp-json\/wp\/v2\/comments?post=429"}],"version-history":[{"count":1,"href":"https:\/\/mskosticka.cz\/skritci\/wp-json\/wp\/v2\/pages\/429\/revisions"}],"predecessor-version":[{"id":13240,"href":"https:\/\/mskosticka.cz\/skritci\/wp-json\/wp\/v2\/pages\/429\/revisions\/13240"}],"up":[{"embeddable":true,"href":"https:\/\/mskosticka.cz\/skritci\/wp-json\/wp\/v2\/pages\/40"}],"wp:attachment":[{"href":"https:\/\/mskosticka.cz\/skritci\/wp-json\/wp\/v2\/media?parent=429"}],"curies":[{"name":"wp","href":"https:\/\/api.w.org\/{rel}","templated":true}]}}