{"id":436,"date":"2015-04-09T10:53:58","date_gmt":"2015-04-09T08:53:58","guid":{"rendered":"http:\/\/misc.david-stary.cz\/mskosticka\/www\/?page_id=436"},"modified":"2018-12-26T21:07:03","modified_gmt":"2018-12-26T20:07:03","slug":"zmena-terminu-jarniho-zpivani","status":"publish","type":"page","link":"https:\/\/mskosticka.cz\/skritci\/aktuality\/zmena-terminu-jarniho-zpivani\/","title":{"rendered":"Zm\u011bna term\u00ednu Jarn\u00edho zp\u00edv\u00e1n\u00ed"},"content":{"rendered":"<p>V\u00e1\u017een\u00ed rodi\u010de a p\u0159\u00e1tel\u00e9 Kosti\u010dky,<br \/>\nm\u011bn\u00edme term\u00edn \u201eJarn\u00edho zp\u00edv\u00e1n\u00ed\u201c na 5. kv\u011btna 2015 od 16.30 hodin venku p\u0159ed \u0161kolkou. M\u011bn\u00edme ho z d\u016fvodu kon\u00e1n\u00ed \u201e\u0160koli\u010dky\u201c v Z\u0160 Juventa.<br \/>\nT\u011b\u0161\u00edme se na v\u00e1s, snad u\u017e term\u00edn nebudeme muset m\u011bnit.<\/p>\n","protected":false},"excerpt":{"rendered":"<p>V\u00e1\u017een\u00ed rodi\u010de a p\u0159\u00e1tel\u00e9 Kosti\u010dky, m\u011bn\u00edme term\u00edn \u201eJarn\u00edho zp\u00edv\u00e1n\u00ed\u201c na 5. kv\u011btna 2015 od 16.30 hodin venku p\u0159ed \u0161kolkou. M\u011bn\u00edme &hellip;<\/p>\n","protected":false},"author":2,"featured_media":0,"parent":40,"menu_order":48,"comment_status":"closed","ping_status":"closed","template":"news.php","meta":{"footnotes":""},"class_list":["post-436","page","type-page","status-publish","hentry"],"_links":{"self":[{"href":"https:\/\/mskosticka.cz\/skritci\/wp-json\/wp\/v2\/pages\/436","targetHints":{"allow":["GET"]}}],"collection":[{"href":"https:\/\/mskosticka.cz\/skritci\/wp-json\/wp\/v2\/pages"}],"about":[{"href":"https:\/\/mskosticka.cz\/skritci\/wp-json\/wp\/v2\/types\/page"}],"author":[{"embeddable":true,"href":"https:\/\/mskosticka.cz\/skritci\/wp-json\/wp\/v2\/users\/2"}],"replies":[{"embeddable":true,"href":"https:\/\/mskosticka.cz\/skritci\/wp-json\/wp\/v2\/comments?post=436"}],"version-history":[{"count":1,"href":"https:\/\/mskosticka.cz\/skritci\/wp-json\/wp\/v2\/pages\/436\/revisions"}],"predecessor-version":[{"id":13243,"href":"https:\/\/mskosticka.cz\/skritci\/wp-json\/wp\/v2\/pages\/436\/revisions\/13243"}],"up":[{"embeddable":true,"href":"https:\/\/mskosticka.cz\/skritci\/wp-json\/wp\/v2\/pages\/40"}],"wp:attachment":[{"href":"https:\/\/mskosticka.cz\/skritci\/wp-json\/wp\/v2\/media?parent=436"}],"curies":[{"name":"wp","href":"https:\/\/api.w.org\/{rel}","templated":true}]}}