{"id":442,"date":"2015-05-03T10:55:27","date_gmt":"2015-05-03T08:55:27","guid":{"rendered":"http:\/\/misc.david-stary.cz\/mskosticka\/www\/?page_id=442"},"modified":"2018-12-26T21:07:03","modified_gmt":"2018-12-26T20:07:03","slug":"podekovani-3","status":"publish","type":"page","link":"https:\/\/mskosticka.cz\/skritci\/aktuality\/podekovani-3\/","title":{"rendered":"Pod\u011bkov\u00e1n\u00ed"},"content":{"rendered":"<p>Speci\u00e1ln\u00ed velk\u00fd d\u00edk pat\u0159\u00ed panu Chromcovi a panu Veselkovi, kte\u0159\u00ed p\u0159i\u0161li do \u0161kolky ve st\u00e1tn\u00ed sv\u00e1tek \u2013 1. m\u00e1je a spole\u010dn\u011b s man\u017eelkami a d\u011btmi n\u00e1m os\u00e1zeli velkou \u010d\u00e1st vrbi\u010dkov\u00e9ho bludi\u0161t\u011b. Nyn\u00ed m\u016f\u017eeme s d\u011btmi vrbov\u00e9 proutky zapl\u00e9tat a zal\u00e9vat, abychom vytvo\u0159ili hust\u00e9, p\u011bkn\u011b zarostl\u00e9 vrbov\u00e9 st\u011bny&#8230;<\/p>\n","protected":false},"excerpt":{"rendered":"<p>Speci\u00e1ln\u00ed velk\u00fd d\u00edk pat\u0159\u00ed panu Chromcovi a panu Veselkovi, kte\u0159\u00ed p\u0159i\u0161li do \u0161kolky ve st\u00e1tn\u00ed sv\u00e1tek \u2013 1. m\u00e1je a &hellip;<\/p>\n","protected":false},"author":2,"featured_media":0,"parent":40,"menu_order":50,"comment_status":"closed","ping_status":"closed","template":"news.php","meta":{"footnotes":""},"class_list":["post-442","page","type-page","status-publish","hentry"],"_links":{"self":[{"href":"https:\/\/mskosticka.cz\/skritci\/wp-json\/wp\/v2\/pages\/442","targetHints":{"allow":["GET"]}}],"collection":[{"href":"https:\/\/mskosticka.cz\/skritci\/wp-json\/wp\/v2\/pages"}],"about":[{"href":"https:\/\/mskosticka.cz\/skritci\/wp-json\/wp\/v2\/types\/page"}],"author":[{"embeddable":true,"href":"https:\/\/mskosticka.cz\/skritci\/wp-json\/wp\/v2\/users\/2"}],"replies":[{"embeddable":true,"href":"https:\/\/mskosticka.cz\/skritci\/wp-json\/wp\/v2\/comments?post=442"}],"version-history":[{"count":1,"href":"https:\/\/mskosticka.cz\/skritci\/wp-json\/wp\/v2\/pages\/442\/revisions"}],"predecessor-version":[{"id":13245,"href":"https:\/\/mskosticka.cz\/skritci\/wp-json\/wp\/v2\/pages\/442\/revisions\/13245"}],"up":[{"embeddable":true,"href":"https:\/\/mskosticka.cz\/skritci\/wp-json\/wp\/v2\/pages\/40"}],"wp:attachment":[{"href":"https:\/\/mskosticka.cz\/skritci\/wp-json\/wp\/v2\/media?parent=442"}],"curies":[{"name":"wp","href":"https:\/\/api.w.org\/{rel}","templated":true}]}}