{"id":445,"date":"2015-06-10T10:56:29","date_gmt":"2015-06-10T08:56:29","guid":{"rendered":"http:\/\/misc.david-stary.cz\/mskosticka\/www\/?page_id=445"},"modified":"2018-12-26T21:07:03","modified_gmt":"2018-12-26T20:07:03","slug":"zahradni-slavnost-a-louceni-s-predskolaky","status":"publish","type":"page","link":"https:\/\/mskosticka.cz\/skritci\/aktuality\/zahradni-slavnost-a-louceni-s-predskolaky\/","title":{"rendered":"Zahradn\u00ed slavnost a lou\u010den\u00ed s p\u0159ed\u0161kol\u00e1ky"},"content":{"rendered":"<p>Z\u00edtra odpoledne 11.6. v\u00e1s v\u0161echny zveme na zhradn\u00ed slavnost do M\u0160 Kosti\u010dky, kde se budeme mimo jin\u00e9 tak\u00e9 lou\u010dit s p\u0159ed\u0161kol\u00e1ky.<br \/>\nP\u0159ij\u010fte si up\u00e9ct bu\u0159t\u00edky, popov\u00eddat si s ostatn\u00edmi rodi\u010di a u\u017e\u00edt si hezk\u00e9 odpoledne spole\u010dn\u011b s d\u011btmi.<br \/>\nPros\u00edme v\u00e1s, jako tradi\u010dn\u011b je vstupenkou n\u011bco dobr\u00e9ho\u2026upe\u010den\u00e9ho, \u010di koupen\u00e9ho, ovoce, zelenina atd.<\/p>\n","protected":false},"excerpt":{"rendered":"<p>Z\u00edtra odpoledne 11.6. v\u00e1s v\u0161echny zveme na zhradn\u00ed slavnost do M\u0160 Kosti\u010dky, kde se budeme mimo jin\u00e9 tak\u00e9 lou\u010dit s &hellip;<\/p>\n","protected":false},"author":2,"featured_media":582,"parent":40,"menu_order":51,"comment_status":"closed","ping_status":"closed","template":"news.php","meta":{"footnotes":""},"class_list":["post-445","page","type-page","status-publish","has-post-thumbnail","hentry"],"_links":{"self":[{"href":"https:\/\/mskosticka.cz\/skritci\/wp-json\/wp\/v2\/pages\/445","targetHints":{"allow":["GET"]}}],"collection":[{"href":"https:\/\/mskosticka.cz\/skritci\/wp-json\/wp\/v2\/pages"}],"about":[{"href":"https:\/\/mskosticka.cz\/skritci\/wp-json\/wp\/v2\/types\/page"}],"author":[{"embeddable":true,"href":"https:\/\/mskosticka.cz\/skritci\/wp-json\/wp\/v2\/users\/2"}],"replies":[{"embeddable":true,"href":"https:\/\/mskosticka.cz\/skritci\/wp-json\/wp\/v2\/comments?post=445"}],"version-history":[{"count":1,"href":"https:\/\/mskosticka.cz\/skritci\/wp-json\/wp\/v2\/pages\/445\/revisions"}],"predecessor-version":[{"id":13246,"href":"https:\/\/mskosticka.cz\/skritci\/wp-json\/wp\/v2\/pages\/445\/revisions\/13246"}],"up":[{"embeddable":true,"href":"https:\/\/mskosticka.cz\/skritci\/wp-json\/wp\/v2\/pages\/40"}],"wp:featuredmedia":[{"embeddable":true,"href":"https:\/\/mskosticka.cz\/skritci\/wp-json\/wp\/v2\/media\/582"}],"wp:attachment":[{"href":"https:\/\/mskosticka.cz\/skritci\/wp-json\/wp\/v2\/media?parent=445"}],"curies":[{"name":"wp","href":"https:\/\/api.w.org\/{rel}","templated":true}]}}