{"id":45,"date":"2017-10-06T22:29:54","date_gmt":"2017-10-06T20:29:54","guid":{"rendered":"http:\/\/localhost\/misc\/mskosticka\/www\/?page_id=19"},"modified":"2026-01-05T21:59:51","modified_gmt":"2026-01-05T20:59:51","slug":"o-nas","status":"publish","type":"page","link":"https:\/\/mskosticka.cz\/skritci\/o-nas\/","title":{"rendered":"O n\u00e1s"},"content":{"rendered":"<h2>Kosti\u010dka \u2013 \u0161kolka, kde \u017eij\u00ed sk\u0159\u00edtci<\/h2>\n<p><a href=\"\/skritci\/wp-content\/uploads\/sites\/2\/2017\/11\/M\u0160-Kosticka-_033.jpg\"><img loading=\"lazy\" decoding=\"async\" class=\"alignright wp-image-805 size-medium\" src=\"http:\/\/www.mskosticka.cz\/skritci\/wp-content\/uploads\/sites\/2\/2017\/11\/M\u0160-Kosticka-_033-300x200.jpg\" alt=\"\" width=\"300\" height=\"200\" \/><\/a>.\u00a0 \u00a0 \u00a0 \u00a0 \u00a0 \u00a0 \u00a0 \u00a0 \u00a0Poj\u010fte s n\u00e1mi<\/p>\n<p><em><strong>\u201eBr\u00e1nou z kosti\u010dek spole\u010dn\u011b do sv\u011bta&#8230;\u201c<\/strong><\/em><\/p>\n<p>Provozn\u00ed doba: 6:00 \u2013 17:00 hod<\/p>\n<p><a href=\"\/skritci\/wp-content\/uploads\/sites\/2\/2017\/11\/Prubeh_dne_v_Kosticce.pdf\">Pr\u016fb\u011bh dne ve \u0161kolce<\/a><\/p>\n<p>\u0160kolka m\u00e1\u00a0<strong>\u010dty\u0159i t\u0159\u00eddy<\/strong>, kter\u00e9\u00a0se jmenuj\u00ed podle sk\u0159\u00edtk\u016f :<\/p>\n<ul>\n<li>t\u0159\u00edda zelen\u00e1- <strong>Kulihr\u00e1\u0161ek<\/strong><\/li>\n<li>t\u0159\u00edda \u017elut\u00e1 &#8211;<strong> Sm\u00ed\u0161ek<\/strong><\/li>\n<li>t\u0159\u00edda \u010derven\u00e1 &#8211; <strong>\u0160t\u00edstko<\/strong><\/li>\n<li>t\u0159\u00edda modr\u00e1 &#8211; <strong>V\u0161ezn\u00e1lek<\/strong><\/li>\n<\/ul>\n<p><a href=\"https:\/\/youtu.be\/FfkKvJsWCPw\">Jak \u0161el \u010das v Kosti\u010dce<\/a><\/p>\n<p><a href=\"https:\/\/goo.gl\/maps\/MfbUuBiXb1JWK7GP6\">Virtu\u00e1ln\u00ed prohl\u00eddka \u0161kolky<\/a><\/p>\n<p>celkov\u00e1 kapacita \u0161kolky je maxim\u00e1ln\u011b\u00a0<strong>112\u00a0d\u011bt\u00ed<\/strong>.<\/p>\n<p>Zah\u00e1jila\u00a0 sv\u016fj provoz 1. 9. 2011.<\/p>\n<p>B\u011bhem cel\u00e9ho dne se o va\u0161e d\u011bti staraj\u00ed\u00a0 pan\u00ed u\u010ditelky:\u00a0<span style=\"font-size: 1.0625rem;letter-spacing: -0.0625rem\">Jana K\u0159i\u0161\u0165anov\u00e1,\u00a0<\/span><span style=\"font-size: 1.0625rem;letter-spacing: -0.0625rem\">St\u00e1\u0148a Heuslerov\u00e1<\/span><span style=\"font-size: 1.0625rem;letter-spacing: -0.0625rem\">,\u00a0<\/span><span style=\"font-size: 1.0625rem;letter-spacing: -0.0625rem\">Lenka Gramerov\u00e1, Alena Blechov\u00e1, <\/span><span style=\"font-size: 1.0625rem;letter-spacing: -0.0625rem\">Radka Hu\u0148atov\u00e1,\u00a0 Beata Halu\u0161kov\u00e1, Martina Vondr\u00e1\u010dkov\u00e1, \u0160\u00e1rka Holubov\u00e1 a Bc. Lucie Str\u00e1nsk\u00e1.<\/span><br \/>\nKrom\u011b pan\u00ed u\u010ditelek jsou zde je\u0161t\u011b 4 pan\u00ed asistentky \u2013 Eva Zemanov\u00e1, Dana Svobodov\u00e1, Jana Vartov\u00e1 a Lucie Dvo\u0159\u00e1kov\u00e1, kter\u00e9 pom\u00e1haj\u00ed p\u0159i integraci d\u011bt\u00ed se speci\u00e1ln\u00edmi vzd\u011bl\u00e1vac\u00edmi pot\u0159ebami mezi ostatn\u00ed.<br \/>\nO po\u0159\u00e1dek a \u010distotu ve \u0161kolce se staraj\u00ed pan\u00ed ukl\u00edze\u010dky: Vla\u010fka \u0160imonov\u00e1 a Erika Kucha\u0159ov\u00e1.<br \/>\nFunguj\u00edc\u00ed \u0161kolku a v\u0161echny opravy zaji\u0161tuje pan \u0161koln\u00edk Milan Blecha<\/p>\n<p>\u0159editelka Mgr. Jana K\u0159i\u0161\u0165anov\u00e1<br \/>\n\u00fa\u0159edn\u00ed hodiny: st\u0159eda 10:00 &#8211; 17:00<\/p>\n","protected":false},"excerpt":{"rendered":"<p>Kosti\u010dka \u2013 \u0161kolka, kde \u017eij\u00ed sk\u0159\u00edtci .\u00a0 \u00a0 \u00a0 \u00a0 \u00a0 \u00a0 \u00a0 \u00a0 \u00a0Poj\u010fte s n\u00e1mi \u201eBr\u00e1nou z kosti\u010dek &hellip;<\/p>\n","protected":false},"author":2,"featured_media":0,"parent":0,"menu_order":1,"comment_status":"closed","ping_status":"closed","template":"","meta":{"footnotes":""},"class_list":["post-45","page","type-page","status-publish","hentry"],"_links":{"self":[{"href":"https:\/\/mskosticka.cz\/skritci\/wp-json\/wp\/v2\/pages\/45","targetHints":{"allow":["GET"]}}],"collection":[{"href":"https:\/\/mskosticka.cz\/skritci\/wp-json\/wp\/v2\/pages"}],"about":[{"href":"https:\/\/mskosticka.cz\/skritci\/wp-json\/wp\/v2\/types\/page"}],"author":[{"embeddable":true,"href":"https:\/\/mskosticka.cz\/skritci\/wp-json\/wp\/v2\/users\/2"}],"replies":[{"embeddable":true,"href":"https:\/\/mskosticka.cz\/skritci\/wp-json\/wp\/v2\/comments?post=45"}],"version-history":[{"count":22,"href":"https:\/\/mskosticka.cz\/skritci\/wp-json\/wp\/v2\/pages\/45\/revisions"}],"predecessor-version":[{"id":24811,"href":"https:\/\/mskosticka.cz\/skritci\/wp-json\/wp\/v2\/pages\/45\/revisions\/24811"}],"wp:attachment":[{"href":"https:\/\/mskosticka.cz\/skritci\/wp-json\/wp\/v2\/media?parent=45"}],"curies":[{"name":"wp","href":"https:\/\/api.w.org\/{rel}","templated":true}]}}