{"id":451,"date":"2015-06-22T10:59:06","date_gmt":"2015-06-22T08:59:06","guid":{"rendered":"http:\/\/misc.david-stary.cz\/mskosticka\/www\/?page_id=451"},"modified":"2018-12-26T21:07:03","modified_gmt":"2018-12-26T20:07:03","slug":"prazdniny","status":"publish","type":"page","link":"https:\/\/mskosticka.cz\/skritci\/aktuality\/prazdniny\/","title":{"rendered":"Pr\u00e1zdniny"},"content":{"rendered":"<p>V\u00e1\u017een\u00ed a mil\u00ed rodi\u010de,<br \/>\np\u0159ejeme v\u00e1m kr\u00e1sn\u00e9 a pohodov\u00e9 l\u00e9to. Odpo\u010di\u0148te si a ud\u011blejte si \u010das na to, b\u00fdt se sv\u00fdmi d\u011btmi.<br \/>\nD\u011bkujeme v\u00e1m za spolupr\u00e1ci a t\u011b\u0161\u00edme se s n\u011bkter\u00fdmi z v\u00e1s na shled\u00e1n\u00ed po pr\u00e1zdnin\u00e1ch!!<br \/>\n\u0160kol\u00e1\u010dk\u016fm p\u0159ejeme bezprobl\u00e9mov\u00fd start v prvn\u00ed t\u0159\u00edd\u011b.<br \/>\nFotografie z \u010dervnov\u00fdch akc\u00ed budou postupn\u011b na web p\u0159id\u00e1v\u00e1ny do sekce Fotoalbum nebo jednotliv\u00e9 t\u0159\u00eddy\u2026.<br \/>\nNashledanou v z\u00e1\u0159\u00ed&#8230; hezk\u00e9 pr\u00e1zdniny p\u0159ej\u00ed v\u0161ichni z Kosti\u010dky!<\/p>\n","protected":false},"excerpt":{"rendered":"<p>V\u00e1\u017een\u00ed a mil\u00ed rodi\u010de, p\u0159ejeme v\u00e1m kr\u00e1sn\u00e9 a pohodov\u00e9 l\u00e9to. Odpo\u010di\u0148te si a ud\u011blejte si \u010das na to, b\u00fdt se &hellip;<\/p>\n","protected":false},"author":2,"featured_media":0,"parent":40,"menu_order":53,"comment_status":"closed","ping_status":"closed","template":"news.php","meta":{"footnotes":""},"class_list":["post-451","page","type-page","status-publish","hentry"],"_links":{"self":[{"href":"https:\/\/mskosticka.cz\/skritci\/wp-json\/wp\/v2\/pages\/451","targetHints":{"allow":["GET"]}}],"collection":[{"href":"https:\/\/mskosticka.cz\/skritci\/wp-json\/wp\/v2\/pages"}],"about":[{"href":"https:\/\/mskosticka.cz\/skritci\/wp-json\/wp\/v2\/types\/page"}],"author":[{"embeddable":true,"href":"https:\/\/mskosticka.cz\/skritci\/wp-json\/wp\/v2\/users\/2"}],"replies":[{"embeddable":true,"href":"https:\/\/mskosticka.cz\/skritci\/wp-json\/wp\/v2\/comments?post=451"}],"version-history":[{"count":1,"href":"https:\/\/mskosticka.cz\/skritci\/wp-json\/wp\/v2\/pages\/451\/revisions"}],"predecessor-version":[{"id":13248,"href":"https:\/\/mskosticka.cz\/skritci\/wp-json\/wp\/v2\/pages\/451\/revisions\/13248"}],"up":[{"embeddable":true,"href":"https:\/\/mskosticka.cz\/skritci\/wp-json\/wp\/v2\/pages\/40"}],"wp:attachment":[{"href":"https:\/\/mskosticka.cz\/skritci\/wp-json\/wp\/v2\/media?parent=451"}],"curies":[{"name":"wp","href":"https:\/\/api.w.org\/{rel}","templated":true}]}}